{"id":758,"date":"2017-12-01T02:16:10","date_gmt":"2017-12-01T02:16:10","guid":{"rendered":"http:\/\/aladedragon.com\/proyectos\/miller\/POR\/?page_id=758"},"modified":"2018-02-16T19:09:43","modified_gmt":"2018-02-16T19:09:43","slug":"programa-de-avaliacao-de-riscos","status":"publish","type":"page","link":"https:\/\/millerlatam.com\/POR\/servicos\/programa-de-avaliacao-de-riscos\/","title":{"rendered":"Programa de avalia\u00e7\u00e3o de riscos"},"content":{"rendered":"<div id=\"pl-758\"  class=\"panel-layout\" ><div id=\"pg-758-0\"  class=\"panel-grid panel-no-style\" ><div id=\"pgc-758-0-0\"  class=\"panel-grid-cell\" ><div class=\"row-without-padding panel-cell-style panel-cell-style-for-758-0-0\" ><div id=\"panel-758-0-0-0\" class=\"so-panel widget widget_sow-editor panel-first-child panel-last-child\" data-index=\"0\" ><div\n\t\t\t\n\t\t\tclass=\"so-widget-sow-editor so-widget-sow-editor-base\"\n\t\t\t\n\t\t>\n<div class=\"siteorigin-widget-tinymce textwidget\">\n\t<p>Estes programas acompanham as atividades do projeto e s\u00e3o importantes para riscos situados em terreno complicado e\/ou condi\u00e7\u00f5es complexas para a realiza\u00e7\u00e3o de testes.<\/p>\n<p>Situa\u00e7\u00f5es e fases cr\u00edticas podem ser identificadas, baseado em nossa experi\u00eancia com riscos similares.<\/p>\n<p>\u00a0<\/p>\n<p><a href=\"http:\/\/millerila.com\/POR\/servicos\/\">Voltar aos servi\u00e7os<\/a><\/p>\n<\/div>\n<\/div><\/div><\/div><\/div><div id=\"pgc-758-0-1\"  class=\"panel-grid-cell\" ><div class=\"row-without-padding panel-cell-style panel-cell-style-for-758-0-1\" ><div id=\"panel-758-0-1-0\" class=\"so-panel widget widget_sow-image panel-first-child panel-last-child\" data-index=\"1\" ><div\n\t\t\t\n\t\t\tclass=\"so-widget-sow-image so-widget-sow-image-default-8b5b6f678277-758\"\n\t\t\t\n\t\t>\n<div class=\"sow-image-container\">\n\t\t<img \n\tsrc=\"https:\/\/millerlatam.com\/POR\/wp-content\/uploads\/2017\/12\/miller-servicos-programa-de-avaliacao-de-riscos.jpg\" width=\"700\" height=\"470\" srcset=\"https:\/\/millerlatam.com\/POR\/wp-content\/uploads\/2017\/12\/miller-servicos-programa-de-avaliacao-de-riscos.jpg 700w, https:\/\/millerlatam.com\/POR\/wp-content\/uploads\/2017\/12\/miller-servicos-programa-de-avaliacao-de-riscos-300x201.jpg 300w, https:\/\/millerlatam.com\/POR\/wp-content\/uploads\/2017\/12\/miller-servicos-programa-de-avaliacao-de-riscos-400x269.jpg 400w, https:\/\/millerlatam.com\/POR\/wp-content\/uploads\/2017\/12\/miller-servicos-programa-de-avaliacao-de-riscos-430x289.jpg 430w, https:\/\/millerlatam.com\/POR\/wp-content\/uploads\/2017\/12\/miller-servicos-programa-de-avaliacao-de-riscos-150x101.jpg 150w, https:\/\/millerlatam.com\/POR\/wp-content\/uploads\/2017\/12\/miller-servicos-programa-de-avaliacao-de-riscos-100x67.jpg 100w, https:\/\/millerlatam.com\/POR\/wp-content\/uploads\/2017\/12\/miller-servicos-programa-de-avaliacao-de-riscos-272x182.jpg 272w\" sizes=\"(max-width: 700px) 100vw, 700px\" alt=\"Servi\u00e7os - Programa de avaliacao de riscos\" \t\tclass=\"so-widget-image\"\/>\n\t<\/div>\n\n<\/div><\/div><\/div><\/div><\/div><\/div>","protected":false},"excerpt":{"rendered":"<p>Estes programas acompanham as atividades do projeto e s\u00e3o importantes para riscos situados em terreno complicado e\/ou condi\u00e7\u00f5es complexas para a realiza\u00e7\u00e3o de testes. Situa\u00e7\u00f5es e fases cr\u00edticas podem ser [&hellip;]<\/p>\n","protected":false},"author":1,"featured_media":0,"parent":12,"menu_order":0,"comment_status":"closed","ping_status":"closed","template":"page_fullwidth.php","meta":{"footnotes":""},"class_list":["post-758","page","type-page","status-publish","hentry"],"_links":{"self":[{"href":"https:\/\/millerlatam.com\/POR\/wp-json\/wp\/v2\/pages\/758","targetHints":{"allow":["GET"]}}],"collection":[{"href":"https:\/\/millerlatam.com\/POR\/wp-json\/wp\/v2\/pages"}],"about":[{"href":"https:\/\/millerlatam.com\/POR\/wp-json\/wp\/v2\/types\/page"}],"author":[{"embeddable":true,"href":"https:\/\/millerlatam.com\/POR\/wp-json\/wp\/v2\/users\/1"}],"replies":[{"embeddable":true,"href":"https:\/\/millerlatam.com\/POR\/wp-json\/wp\/v2\/comments?post=758"}],"version-history":[{"count":10,"href":"https:\/\/millerlatam.com\/POR\/wp-json\/wp\/v2\/pages\/758\/revisions"}],"predecessor-version":[{"id":1255,"href":"https:\/\/millerlatam.com\/POR\/wp-json\/wp\/v2\/pages\/758\/revisions\/1255"}],"up":[{"embeddable":true,"href":"https:\/\/millerlatam.com\/POR\/wp-json\/wp\/v2\/pages\/12"}],"wp:attachment":[{"href":"https:\/\/millerlatam.com\/POR\/wp-json\/wp\/v2\/media?parent=758"}],"curies":[{"name":"wp","href":"https:\/\/api.w.org\/{rel}","templated":true}]}}