{"id":746,"date":"2017-12-01T01:45:53","date_gmt":"2017-12-01T01:45:53","guid":{"rendered":"http:\/\/aladedragon.com\/proyectos\/miller\/POR\/?page_id=746"},"modified":"2018-02-16T19:09:08","modified_gmt":"2018-02-16T19:09:08","slug":"lucro-cessante","status":"publish","type":"page","link":"https:\/\/millerlatam.com\/POR\/servicos\/lucro-cessante\/","title":{"rendered":"Lucro Cessante"},"content":{"rendered":"<div id=\"pl-746\"  class=\"panel-layout\" ><div id=\"pg-746-0\"  class=\"panel-grid panel-no-style\" ><div id=\"pgc-746-0-0\"  class=\"panel-grid-cell\" ><div class=\"row-without-padding panel-cell-style panel-cell-style-for-746-0-0\" ><div id=\"panel-746-0-0-0\" class=\"so-panel widget widget_sow-editor panel-first-child panel-last-child\" data-index=\"0\" ><div\n\t\t\t\n\t\t\tclass=\"so-widget-sow-editor so-widget-sow-editor-base\"\n\t\t\t\n\t\t>\n<div class=\"siteorigin-widget-tinymce textwidget\">\n\t<p>A an\u00e1lise de situa\u00e7\u00f5es envolvendo lucro cessante faz parte dos nossos servi\u00e7os, principalmente considerando custos vari\u00e1veis. Para identificar estes custos, sess\u00f5es conjuntamente com o Segurado s\u00e3o necess\u00e1rias, com especial aten\u00e7\u00e3o as atividades de prepara\u00e7\u00e3o de informa\u00e7\u00f5es financeiras que, dependendo das circunst\u00e2ncias, s\u00e3o realizadas com pessoal pr\u00f3prio, fixo do Segurado.<\/p>\n<p><a href=\"http:\/\/millerila.com\/POR\/servicos\/\">Voltar aos servi\u00e7os<\/a><\/p>\n<\/div>\n<\/div><\/div><\/div><\/div><div id=\"pgc-746-0-1\"  class=\"panel-grid-cell\" ><div class=\"row-without-padding panel-cell-style panel-cell-style-for-746-0-1\" ><div id=\"panel-746-0-1-0\" class=\"so-panel widget widget_sow-image panel-first-child panel-last-child\" data-index=\"1\" ><div\n\t\t\t\n\t\t\tclass=\"so-widget-sow-image so-widget-sow-image-default-8b5b6f678277-746\"\n\t\t\t\n\t\t>\n<div class=\"sow-image-container\">\n\t\t<img \n\tsrc=\"https:\/\/millerlatam.com\/POR\/wp-content\/uploads\/2017\/12\/miller-servicos-lucro-cessante.jpg\" width=\"700\" height=\"470\" srcset=\"https:\/\/millerlatam.com\/POR\/wp-content\/uploads\/2017\/12\/miller-servicos-lucro-cessante.jpg 700w, https:\/\/millerlatam.com\/POR\/wp-content\/uploads\/2017\/12\/miller-servicos-lucro-cessante-300x201.jpg 300w, https:\/\/millerlatam.com\/POR\/wp-content\/uploads\/2017\/12\/miller-servicos-lucro-cessante-400x269.jpg 400w, https:\/\/millerlatam.com\/POR\/wp-content\/uploads\/2017\/12\/miller-servicos-lucro-cessante-430x289.jpg 430w, https:\/\/millerlatam.com\/POR\/wp-content\/uploads\/2017\/12\/miller-servicos-lucro-cessante-150x101.jpg 150w, https:\/\/millerlatam.com\/POR\/wp-content\/uploads\/2017\/12\/miller-servicos-lucro-cessante-100x67.jpg 100w, https:\/\/millerlatam.com\/POR\/wp-content\/uploads\/2017\/12\/miller-servicos-lucro-cessante-272x182.jpg 272w\" sizes=\"(max-width: 700px) 100vw, 700px\" alt=\"Servi\u00e7os - Lucro cessante\" \t\tclass=\"so-widget-image\"\/>\n\t<\/div>\n\n<\/div><\/div><\/div><\/div><\/div><\/div>","protected":false},"excerpt":{"rendered":"<p>A an\u00e1lise de situa\u00e7\u00f5es envolvendo lucro cessante faz parte dos nossos servi\u00e7os, principalmente considerando custos vari\u00e1veis. Para identificar estes custos, sess\u00f5es conjuntamente com o Segurado s\u00e3o necess\u00e1rias, com especial aten\u00e7\u00e3o [&hellip;]<\/p>\n","protected":false},"author":1,"featured_media":0,"parent":12,"menu_order":0,"comment_status":"closed","ping_status":"closed","template":"page_fullwidth.php","meta":{"footnotes":""},"class_list":["post-746","page","type-page","status-publish","hentry"],"_links":{"self":[{"href":"https:\/\/millerlatam.com\/POR\/wp-json\/wp\/v2\/pages\/746","targetHints":{"allow":["GET"]}}],"collection":[{"href":"https:\/\/millerlatam.com\/POR\/wp-json\/wp\/v2\/pages"}],"about":[{"href":"https:\/\/millerlatam.com\/POR\/wp-json\/wp\/v2\/types\/page"}],"author":[{"embeddable":true,"href":"https:\/\/millerlatam.com\/POR\/wp-json\/wp\/v2\/users\/1"}],"replies":[{"embeddable":true,"href":"https:\/\/millerlatam.com\/POR\/wp-json\/wp\/v2\/comments?post=746"}],"version-history":[{"count":8,"href":"https:\/\/millerlatam.com\/POR\/wp-json\/wp\/v2\/pages\/746\/revisions"}],"predecessor-version":[{"id":1249,"href":"https:\/\/millerlatam.com\/POR\/wp-json\/wp\/v2\/pages\/746\/revisions\/1249"}],"up":[{"embeddable":true,"href":"https:\/\/millerlatam.com\/POR\/wp-json\/wp\/v2\/pages\/12"}],"wp:attachment":[{"href":"https:\/\/millerlatam.com\/POR\/wp-json\/wp\/v2\/media?parent=746"}],"curies":[{"name":"wp","href":"https:\/\/api.w.org\/{rel}","templated":true}]}}