{"id":740,"date":"2017-12-01T01:34:14","date_gmt":"2017-12-01T01:34:14","guid":{"rendered":"http:\/\/aladedragon.com\/proyectos\/miller\/POR\/?page_id=740"},"modified":"2018-02-16T19:09:54","modified_gmt":"2018-02-16T19:09:54","slug":"programa-de-prevencao-de-acidentes","status":"publish","type":"page","link":"https:\/\/millerlatam.com\/POR\/servicos\/programa-de-prevencao-de-acidentes\/","title":{"rendered":"Programa de preven\u00e7\u00e3o de acidentes"},"content":{"rendered":"<div id=\"pl-740\"  class=\"panel-layout\" ><div id=\"pg-740-0\"  class=\"panel-grid panel-no-style\" ><div id=\"pgc-740-0-0\"  class=\"panel-grid-cell\" ><div class=\"row-without-padding panel-cell-style panel-cell-style-for-740-0-0\" ><div id=\"panel-740-0-0-0\" class=\"so-panel widget widget_sow-editor panel-first-child panel-last-child\" data-index=\"0\" ><div\n\t\t\t\n\t\t\tclass=\"so-widget-sow-editor so-widget-sow-editor-base\"\n\t\t\t\n\t\t>\n<div class=\"siteorigin-widget-tinymce textwidget\">\n\t<p>Baseado em nossa experi\u00eancia com sinistros similares, temos ganhado conhecimento que nos permite desenvolver programas de preven\u00e7\u00e3o de acidentes, indicando fatores corretivos que podem ser implementados em ap\u00f3lices de grandes projetos de constru\u00e7\u00e3o civil e instala\u00e7\u00e3o e montagem. Temos aplicado estes m\u00e9todos em obras civis e estoque em movimento.<\/p>\n<p>&nbsp;<\/p>\n<p><a href=\"http:\/\/millerila.com\/POR\/servicos\/\">Voltar aos servi\u00e7os<\/a><\/p>\n<\/div>\n<\/div><\/div><\/div><\/div><div id=\"pgc-740-0-1\"  class=\"panel-grid-cell\" ><div class=\"row-without-padding panel-cell-style panel-cell-style-for-740-0-1\" ><div id=\"panel-740-0-1-0\" class=\"so-panel widget widget_sow-image panel-first-child panel-last-child\" data-index=\"1\" ><div\n\t\t\t\n\t\t\tclass=\"so-widget-sow-image so-widget-sow-image-default-8b5b6f678277-740\"\n\t\t\t\n\t\t>\n<div class=\"sow-image-container\">\n\t\t<img \n\tsrc=\"https:\/\/millerlatam.com\/POR\/wp-content\/uploads\/2017\/12\/miller-servicos-programa-de-prevencao-de-acidentes-new.jpg\" width=\"700\" height=\"470\" srcset=\"https:\/\/millerlatam.com\/POR\/wp-content\/uploads\/2017\/12\/miller-servicos-programa-de-prevencao-de-acidentes-new.jpg 700w, https:\/\/millerlatam.com\/POR\/wp-content\/uploads\/2017\/12\/miller-servicos-programa-de-prevencao-de-acidentes-new-300x201.jpg 300w, https:\/\/millerlatam.com\/POR\/wp-content\/uploads\/2017\/12\/miller-servicos-programa-de-prevencao-de-acidentes-new-400x269.jpg 400w, https:\/\/millerlatam.com\/POR\/wp-content\/uploads\/2017\/12\/miller-servicos-programa-de-prevencao-de-acidentes-new-430x289.jpg 430w, https:\/\/millerlatam.com\/POR\/wp-content\/uploads\/2017\/12\/miller-servicos-programa-de-prevencao-de-acidentes-new-150x101.jpg 150w, https:\/\/millerlatam.com\/POR\/wp-content\/uploads\/2017\/12\/miller-servicos-programa-de-prevencao-de-acidentes-new-100x67.jpg 100w, https:\/\/millerlatam.com\/POR\/wp-content\/uploads\/2017\/12\/miller-servicos-programa-de-prevencao-de-acidentes-new-272x182.jpg 272w\" sizes=\"(max-width: 700px) 100vw, 700px\" alt=\"Servi\u00e7os - Programa de preven\u00e7\u00e3o de acidentes\" \t\tclass=\"so-widget-image\"\/>\n\t<\/div>\n\n<\/div><\/div><\/div><\/div><\/div><\/div>","protected":false},"excerpt":{"rendered":"<p>Baseado em nossa experi\u00eancia com sinistros similares, temos ganhado conhecimento que nos permite desenvolver programas de preven\u00e7\u00e3o de acidentes, indicando fatores corretivos que podem ser implementados em ap\u00f3lices de grandes [&hellip;]<\/p>\n","protected":false},"author":1,"featured_media":0,"parent":12,"menu_order":0,"comment_status":"closed","ping_status":"closed","template":"page_fullwidth.php","meta":{"footnotes":""},"class_list":["post-740","page","type-page","status-publish","hentry"],"_links":{"self":[{"href":"https:\/\/millerlatam.com\/POR\/wp-json\/wp\/v2\/pages\/740","targetHints":{"allow":["GET"]}}],"collection":[{"href":"https:\/\/millerlatam.com\/POR\/wp-json\/wp\/v2\/pages"}],"about":[{"href":"https:\/\/millerlatam.com\/POR\/wp-json\/wp\/v2\/types\/page"}],"author":[{"embeddable":true,"href":"https:\/\/millerlatam.com\/POR\/wp-json\/wp\/v2\/users\/1"}],"replies":[{"embeddable":true,"href":"https:\/\/millerlatam.com\/POR\/wp-json\/wp\/v2\/comments?post=740"}],"version-history":[{"count":8,"href":"https:\/\/millerlatam.com\/POR\/wp-json\/wp\/v2\/pages\/740\/revisions"}],"predecessor-version":[{"id":1257,"href":"https:\/\/millerlatam.com\/POR\/wp-json\/wp\/v2\/pages\/740\/revisions\/1257"}],"up":[{"embeddable":true,"href":"https:\/\/millerlatam.com\/POR\/wp-json\/wp\/v2\/pages\/12"}],"wp:attachment":[{"href":"https:\/\/millerlatam.com\/POR\/wp-json\/wp\/v2\/media?parent=740"}],"curies":[{"name":"wp","href":"https:\/\/api.w.org\/{rel}","templated":true}]}}