{"id":372,"date":"2016-12-29T22:12:32","date_gmt":"2016-12-29T22:12:32","guid":{"rendered":"http:\/\/aladedragon.com\/proyectos\/miller\/POR\/?page_id=372"},"modified":"2022-07-22T11:19:02","modified_gmt":"2022-07-22T11:19:02","slug":"venezuela","status":"publish","type":"page","link":"https:\/\/millerlatam.com\/POR\/escritorios-e-associados-2\/venezuela\/","title":{"rendered":"Venezuela"},"content":{"rendered":"<div id=\"pl-372\"  class=\"panel-layout\" ><div id=\"pg-372-0\"  class=\"panel-grid panel-no-style\" ><div id=\"pgc-372-0-0\"  class=\"panel-grid-cell\" ><div class=\"row-without-padding panel-cell-style panel-cell-style-for-372-0-0\" ><div id=\"panel-372-0-0-0\" class=\"so-panel widget widget_sow-editor panel-first-child panel-last-child\" data-index=\"0\" ><div\n\t\t\t\n\t\t\tclass=\"so-widget-sow-editor so-widget-sow-editor-base\"\n\t\t\t\n\t\t>\n<div class=\"siteorigin-widget-tinymce textwidget\">\n\t<p><strong>A Miller International disp\u00f5e de escrit\u00f3rios em Caracas<\/strong>, atendendo sinistros e riscos localizados na Venezuela, como tamb\u00e9m nos pa\u00edses andinos e nas ilhas do Caribe.<\/p>\n<p>Possu\u00edmos experi\u00eancia em casos complexos relacionados com a ind\u00fastria petroqu\u00edmica, extra\u00e7\u00e3o e processamento de Petr\u00f3leo e G\u00e1s (Venezuela), centrais hidroel\u00e9tricas e termoel\u00e9tricas (Equador), infra-estrutura civil (Peru) e plantas de fabrica\u00e7\u00e3o de alimentos (Col\u00f4mbia).<\/p>\n<div class=\"row spaceB\">\n<div class=\"col-md-6 Offices\">\n<h3>Miller International<\/h3>\n<p>Multicentro Empresarial del Este,<br \/>\nTorre Miranda, N\u00facleo B, Oficina 91-B.<br \/>\nAvenida Francisco de Miranda, Municipio Chacao.<br \/>\nCaracas, Venezuela.<br \/>\nC\u00f3digo Postal 1060<\/p>\n<p class=\"textcontact\">TELEFONES:<\/p>\n<p>+58 (212) 266 3256<br \/>\n+58 (212) 261 0539<\/p>\n<p class=\"textcontact\">EMAIL:<\/p>\n<p><a href=\"mailto:millerven@millerlatam.com\">millerven@millerlatam.com<\/a><\/p>\n<\/div>\n<div class=\"col-md-6 Yellow\">\n<p><a href=\"http:\/\/millerila.com\/POR\/cv\/eng-luis-parada\/\">Luis Parada R. (Eng.)<\/a><br \/>\nDiretor Am\u00e9rica do Sul<\/p>\n<p><a href=\"http:\/\/millerila.com\/POR\/cv\/eng-hugo-pernia-m-sc\/\">Hugo Pern\u00eda (Eng.) M. Sc.<\/a><br \/>\nGerente Tecnico<\/p>\n<\/div>\n<\/div>\n<p><a class=\"fancybox BtnDestacado\" href=\"#contact_form_pop\">Solicitar informa\u00e7\u00f5es adicionais<\/a><\/p>\n<div class=\"fancybox-hidden\" style=\"display: none;\">\n<div id=\"contact_form_pop\">\n<div class=\"wpcf7 no-js\" id=\"wpcf7-f381-o1\" lang=\"en-US\" dir=\"ltr\">\n<div class=\"screen-reader-response\"><p role=\"status\" aria-live=\"polite\" aria-atomic=\"true\"><\/p> <ul><\/ul><\/div>\n<form action=\"\/POR\/wp-json\/wp\/v2\/pages\/372#wpcf7-f381-o1\" method=\"post\" class=\"wpcf7-form init\" aria-label=\"Contact form\" novalidate=\"novalidate\" data-status=\"init\">\n<div style=\"display: none;\">\n<input type=\"hidden\" name=\"_wpcf7\" value=\"381\" \/>\n<input type=\"hidden\" name=\"_wpcf7_version\" value=\"5.9.4\" \/>\n<input type=\"hidden\" name=\"_wpcf7_locale\" value=\"en_US\" \/>\n<input type=\"hidden\" name=\"_wpcf7_unit_tag\" value=\"wpcf7-f381-o1\" \/>\n<input type=\"hidden\" name=\"_wpcf7_container_post\" value=\"0\" \/>\n<input type=\"hidden\" name=\"_wpcf7_posted_data_hash\" value=\"\" \/>\n<\/div>\n<div class=\"wpcf7-response-output\" aria-hidden=\"true\"><\/div>\n<p> Nome (requeridos)<br \/>\n<span class=\"wpcf7-form-control-wrap\" data-name=\"your-name\"><input size=\"40\" class=\"wpcf7-form-control wpcf7-text wpcf7-validates-as-required\" aria-required=\"true\" aria-invalid=\"false\" value=\"\" type=\"text\" name=\"your-name\" \/><\/span>\n<\/p>\n<p> E-mail (requeridos)<br \/>\n<span class=\"wpcf7-form-control-wrap\" data-name=\"email\"><input size=\"40\" class=\"wpcf7-form-control wpcf7-email wpcf7-validates-as-required wpcf7-text wpcf7-validates-as-email\" aria-required=\"true\" aria-invalid=\"false\" value=\"\" type=\"email\" name=\"email\" \/><\/span>\n<\/p>\n<p> Telefone<br \/>\n<span class=\"wpcf7-form-control-wrap\" data-name=\"phone\"><input size=\"40\" class=\"wpcf7-form-control wpcf7-tel wpcf7-text wpcf7-validates-as-tel\" aria-invalid=\"false\" value=\"\" type=\"tel\" name=\"phone\" \/><\/span>\n<\/p>\n<p> T\u00edtulo da exig\u00eancia (requeridos)<br \/>\n<span class=\"wpcf7-form-control-wrap\" data-name=\"requirement\"><input size=\"40\" class=\"wpcf7-form-control wpcf7-text wpcf7-validates-as-required\" aria-required=\"true\" aria-invalid=\"false\" value=\"\" type=\"text\" name=\"requirement\" \/><\/span>\n<\/p>\n<p> Conte\u00fado do pedido (requeridos)<br \/>\n<span class=\"wpcf7-form-control-wrap\" data-name=\"content\"><textarea cols=\"40\" rows=\"10\" class=\"wpcf7-form-control wpcf7-textarea wpcf7-validates-as-required\" aria-required=\"true\" aria-invalid=\"false\" name=\"content\"><\/textarea><\/span>\n<\/p>\n<p><input class=\"wpcf7-form-control wpcf7-submit has-spinner\" type=\"submit\" value=\"Envie\" \/>\n<\/p>\n<\/form>\n<\/div>\n<\/div>\n<\/div>\n<\/div>\n<\/div><\/div><\/div><\/div><\/div><\/div>","protected":false},"excerpt":{"rendered":"<p>A Miller International disp\u00f5e de escrit\u00f3rios em Caracas, atendendo sinistros e riscos localizados na Venezuela, como tamb\u00e9m nos pa\u00edses andinos e nas ilhas do Caribe. Possu\u00edmos experi\u00eancia em casos complexos [&hellip;]<\/p>\n","protected":false},"author":1,"featured_media":0,"parent":19,"menu_order":0,"comment_status":"closed","ping_status":"closed","template":"page_fullwidth.php","meta":{"footnotes":""},"class_list":["post-372","page","type-page","status-publish","hentry"],"_links":{"self":[{"href":"https:\/\/millerlatam.com\/POR\/wp-json\/wp\/v2\/pages\/372","targetHints":{"allow":["GET"]}}],"collection":[{"href":"https:\/\/millerlatam.com\/POR\/wp-json\/wp\/v2\/pages"}],"about":[{"href":"https:\/\/millerlatam.com\/POR\/wp-json\/wp\/v2\/types\/page"}],"author":[{"embeddable":true,"href":"https:\/\/millerlatam.com\/POR\/wp-json\/wp\/v2\/users\/1"}],"replies":[{"embeddable":true,"href":"https:\/\/millerlatam.com\/POR\/wp-json\/wp\/v2\/comments?post=372"}],"version-history":[{"count":40,"href":"https:\/\/millerlatam.com\/POR\/wp-json\/wp\/v2\/pages\/372\/revisions"}],"predecessor-version":[{"id":1553,"href":"https:\/\/millerlatam.com\/POR\/wp-json\/wp\/v2\/pages\/372\/revisions\/1553"}],"up":[{"embeddable":true,"href":"https:\/\/millerlatam.com\/POR\/wp-json\/wp\/v2\/pages\/19"}],"wp:attachment":[{"href":"https:\/\/millerlatam.com\/POR\/wp-json\/wp\/v2\/media?parent=372"}],"curies":[{"name":"wp","href":"https:\/\/api.w.org\/{rel}","templated":true}]}}