{"id":363,"date":"2016-12-29T22:02:52","date_gmt":"2016-12-29T22:02:52","guid":{"rendered":"http:\/\/aladedragon.com\/proyectos\/miller\/POR\/?page_id=363"},"modified":"2022-09-15T01:44:12","modified_gmt":"2022-09-15T01:44:12","slug":"brasil","status":"publish","type":"page","link":"https:\/\/millerlatam.com\/POR\/escritorios-e-associados-2\/brasil\/","title":{"rendered":"Brasil"},"content":{"rendered":"<div id=\"pl-363\"  class=\"panel-layout\" ><div id=\"pg-363-0\"  class=\"panel-grid panel-no-style\" ><div id=\"pgc-363-0-0\"  class=\"panel-grid-cell\" ><div class=\"row-without-padding panel-cell-style panel-cell-style-for-363-0-0\" ><div id=\"panel-363-0-0-0\" class=\"so-panel widget widget_sow-editor panel-first-child panel-last-child\" data-index=\"0\" ><div\n\t\t\t\n\t\t\tclass=\"so-widget-sow-editor so-widget-sow-editor-base\"\n\t\t\t\n\t\t>\n<div class=\"siteorigin-widget-tinymce textwidget\">\n\t<p><strong>Desde o ano 2012, Miller International Latinoam\u00e9rica tem escrit\u00f3rios em S\u00e3o Paulo<\/strong>, ap\u00f3s mais de duas d\u00e9cadas atuando em sinistros e trabalhando com o mercado de seguros da regi\u00e3o sul da Am\u00e9rica do Sul.<\/p>\n<p>Durante todos estes anos temos participado em casos relativos \u00e0: siderurgia, minera\u00e7\u00e3o, pontes e estradas, petr\u00f3leo e g\u00e1s, plantas de gera\u00e7\u00e3o, processamento t\u00e9rmico e acidentes mar\u00edtimos, no Brasil, Chile, Argentina e Paraguai.<\/p>\n<div class=\"row spaceB\">\n<div class=\"col-md-6 Offices\">\n<h3>MILLER INTERNATIONAL LATINOAM\u00c9RICA. REGULADORA DE SINISTROS LTDA.<\/h3>\n<p>Avenida Eng. Armando de<br \/>\nArruda Pereira, 2937 -cj 18-<br \/>\nBloco C.<br \/>\nCEP 04.309-011<br \/>\nSao Paulo<br \/>\nSP - Brasil<\/p>\n<p class=\"textcontact\">TELEFONES:<\/p>\n<p>+55 (11) 2359 6596<\/p>\n<p class=\"textcontact\">FAX:<\/p>\n<p>+55 (11) 2359 6597<\/p>\n<p class=\"textcontact\">EMAIL:<\/p>\n<p><a href=\"mailto:reception@millerlatam.com\">reception@millerlatam.com<\/a><\/p>\n<\/div>\n<div class=\"col-md-6 Yellow\">\n<p><a href=\"http:\/\/millerila.com\/POR\/cv\/eng-luis-parada\/\">Luis Parada (Eng)<\/a><br \/>\nDiretor Am\u00e9rica do Sul<\/p>\n<p><a href=\"http:\/\/millerila.com\/POR\/cv\/fabiano-de-barros\/\">Fabiano Simi\u00e3o de Barros<\/a><br \/>\nGerente Geral<\/p>\n<p><a href=\"http:\/\/millerila.com\/POR\/cv\/francisco-dos-santos-neto\/\">Francisco dos Santos Neto<\/a><br \/>\nRegulador de Sinistros S\u00eanior<\/p>\n<\/div>\n<\/div>\n<p><a class=\"fancybox BtnDestacado\" href=\"#contact_form_pop\">Solicitar informa\u00e7\u00f5es adicionais<\/a><\/p>\n<div class=\"fancybox-hidden\" style=\"display: none;\">\n<div id=\"contact_form_pop\">\n<div class=\"wpcf7 no-js\" id=\"wpcf7-f381-o1\" lang=\"en-US\" dir=\"ltr\">\n<div class=\"screen-reader-response\"><p role=\"status\" aria-live=\"polite\" aria-atomic=\"true\"><\/p> <ul><\/ul><\/div>\n<form action=\"\/POR\/wp-json\/wp\/v2\/pages\/363#wpcf7-f381-o1\" method=\"post\" class=\"wpcf7-form init\" aria-label=\"Contact form\" novalidate=\"novalidate\" data-status=\"init\">\n<div style=\"display: none;\">\n<input type=\"hidden\" name=\"_wpcf7\" value=\"381\" \/>\n<input type=\"hidden\" name=\"_wpcf7_version\" value=\"5.9.4\" \/>\n<input type=\"hidden\" name=\"_wpcf7_locale\" value=\"en_US\" \/>\n<input type=\"hidden\" name=\"_wpcf7_unit_tag\" value=\"wpcf7-f381-o1\" \/>\n<input type=\"hidden\" name=\"_wpcf7_container_post\" value=\"0\" \/>\n<input type=\"hidden\" name=\"_wpcf7_posted_data_hash\" value=\"\" \/>\n<\/div>\n<div class=\"wpcf7-response-output\" aria-hidden=\"true\"><\/div>\n<p> Nome (requeridos)<br \/>\n<span class=\"wpcf7-form-control-wrap\" data-name=\"your-name\"><input size=\"40\" class=\"wpcf7-form-control wpcf7-text wpcf7-validates-as-required\" aria-required=\"true\" aria-invalid=\"false\" value=\"\" type=\"text\" name=\"your-name\" \/><\/span>\n<\/p>\n<p> E-mail (requeridos)<br \/>\n<span class=\"wpcf7-form-control-wrap\" data-name=\"email\"><input size=\"40\" class=\"wpcf7-form-control wpcf7-email wpcf7-validates-as-required wpcf7-text wpcf7-validates-as-email\" aria-required=\"true\" aria-invalid=\"false\" value=\"\" type=\"email\" name=\"email\" \/><\/span>\n<\/p>\n<p> Telefone<br \/>\n<span class=\"wpcf7-form-control-wrap\" data-name=\"phone\"><input size=\"40\" class=\"wpcf7-form-control wpcf7-tel wpcf7-text wpcf7-validates-as-tel\" aria-invalid=\"false\" value=\"\" type=\"tel\" name=\"phone\" \/><\/span>\n<\/p>\n<p> T\u00edtulo da exig\u00eancia (requeridos)<br \/>\n<span class=\"wpcf7-form-control-wrap\" data-name=\"requirement\"><input size=\"40\" class=\"wpcf7-form-control wpcf7-text wpcf7-validates-as-required\" aria-required=\"true\" aria-invalid=\"false\" value=\"\" type=\"text\" name=\"requirement\" \/><\/span>\n<\/p>\n<p> Conte\u00fado do pedido (requeridos)<br \/>\n<span class=\"wpcf7-form-control-wrap\" data-name=\"content\"><textarea cols=\"40\" rows=\"10\" class=\"wpcf7-form-control wpcf7-textarea wpcf7-validates-as-required\" aria-required=\"true\" aria-invalid=\"false\" name=\"content\"><\/textarea><\/span>\n<\/p>\n<p><input class=\"wpcf7-form-control wpcf7-submit has-spinner\" type=\"submit\" value=\"Envie\" \/>\n<\/p>\n<\/form>\n<\/div>\n<\/div>\n<\/div>\n<\/div>\n<\/div><\/div><\/div><\/div><\/div><\/div>","protected":false},"excerpt":{"rendered":"<p>Desde o ano 2012, Miller International Latinoam\u00e9rica tem escrit\u00f3rios em S\u00e3o Paulo, ap\u00f3s mais de duas d\u00e9cadas atuando em sinistros e trabalhando com o mercado de seguros da regi\u00e3o sul [&hellip;]<\/p>\n","protected":false},"author":1,"featured_media":0,"parent":19,"menu_order":0,"comment_status":"closed","ping_status":"closed","template":"page_fullwidth.php","meta":{"footnotes":""},"class_list":["post-363","page","type-page","status-publish","hentry"],"_links":{"self":[{"href":"https:\/\/millerlatam.com\/POR\/wp-json\/wp\/v2\/pages\/363","targetHints":{"allow":["GET"]}}],"collection":[{"href":"https:\/\/millerlatam.com\/POR\/wp-json\/wp\/v2\/pages"}],"about":[{"href":"https:\/\/millerlatam.com\/POR\/wp-json\/wp\/v2\/types\/page"}],"author":[{"embeddable":true,"href":"https:\/\/millerlatam.com\/POR\/wp-json\/wp\/v2\/users\/1"}],"replies":[{"embeddable":true,"href":"https:\/\/millerlatam.com\/POR\/wp-json\/wp\/v2\/comments?post=363"}],"version-history":[{"count":41,"href":"https:\/\/millerlatam.com\/POR\/wp-json\/wp\/v2\/pages\/363\/revisions"}],"predecessor-version":[{"id":1577,"href":"https:\/\/millerlatam.com\/POR\/wp-json\/wp\/v2\/pages\/363\/revisions\/1577"}],"up":[{"embeddable":true,"href":"https:\/\/millerlatam.com\/POR\/wp-json\/wp\/v2\/pages\/19"}],"wp:attachment":[{"href":"https:\/\/millerlatam.com\/POR\/wp-json\/wp\/v2\/media?parent=363"}],"curies":[{"name":"wp","href":"https:\/\/api.w.org\/{rel}","templated":true}]}}