{"id":342,"date":"2016-12-29T21:41:04","date_gmt":"2016-12-29T21:41:04","guid":{"rendered":"http:\/\/aladedragon.com\/proyectos\/miller\/POR\/?page_id=342"},"modified":"2018-02-16T19:08:17","modified_gmt":"2018-02-16T19:08:17","slug":"energia","status":"publish","type":"page","link":"https:\/\/millerlatam.com\/POR\/servicos\/energia\/","title":{"rendered":"Energia"},"content":{"rendered":"<div id=\"pl-342\"  class=\"panel-layout\" ><div id=\"pg-342-0\"  class=\"panel-grid panel-no-style\" ><div id=\"pgc-342-0-0\"  class=\"panel-grid-cell\" ><div class=\"row-without-padding panel-cell-style panel-cell-style-for-342-0-0\" ><div id=\"panel-342-0-0-0\" class=\"so-panel widget widget_sow-editor panel-first-child panel-last-child\" data-index=\"0\" ><div\n\t\t\t\n\t\t\tclass=\"so-widget-sow-editor so-widget-sow-editor-base\"\n\t\t\t\n\t\t>\n<div class=\"siteorigin-widget-tinymce textwidget\">\n\t<h5>Danos a Turbinas \u00e0 G\u00e1s<\/h5>\n<p>Este sinistro se refere ao dano ocorrido em uma turbina a g\u00e1s durante sua opera\u00e7\u00e3o normal. Esta turbina produz eletricidade para opera\u00e7\u00e3o de v\u00e1rios equipamentos de uma usina. Devido a uma prov\u00e1vel falha de lubrifica\u00e7\u00e3o, a turbina parou de funcionar. Na tentativa de reiniciar a turbina, se ouviu um ru\u00eddo anormal vindo de dentro do equipamento. Por este motivo, a turbina foi desligada e desmontada para inspe\u00e7\u00e3o.<\/p>\n<p><a href=\"http:\/\/millerila.com\/POR\/servicos\/\">Voltar aos servi\u00e7os<\/a><\/p>\n<\/div>\n<\/div><\/div><\/div><\/div><div id=\"pgc-342-0-1\"  class=\"panel-grid-cell\" ><div class=\"row-without-padding panel-cell-style panel-cell-style-for-342-0-1\" ><div id=\"panel-342-0-1-0\" class=\"so-panel widget widget_sow-editor panel-first-child panel-last-child\" data-index=\"1\" ><div\n\t\t\t\n\t\t\tclass=\"so-widget-sow-editor so-widget-sow-editor-base\"\n\t\t\t\n\t\t>\n<div class=\"siteorigin-widget-tinymce textwidget\">\n\t<div id='gallery-1' class='gallery galleryid-342 gallery-columns-2 gallery-size-large'><figure class='gallery-item'>\n\t\t\t<div class='gallery-icon landscape'>\n\t\t\t\t<a href='https:\/\/millerlatam.com\/POR\/wp-content\/uploads\/2016\/12\/danos-turbinas-gas_g1.jpg'><img loading=\"lazy\" decoding=\"async\" width=\"661\" height=\"488\" src=\"https:\/\/millerlatam.com\/POR\/wp-content\/uploads\/2016\/12\/danos-turbinas-gas_g1.jpg\" class=\"attachment-large size-large\" alt=\"Servi\u00e7os - Energia\" srcset=\"https:\/\/millerlatam.com\/POR\/wp-content\/uploads\/2016\/12\/danos-turbinas-gas_g1.jpg 661w, https:\/\/millerlatam.com\/POR\/wp-content\/uploads\/2016\/12\/danos-turbinas-gas_g1-300x221.jpg 300w, https:\/\/millerlatam.com\/POR\/wp-content\/uploads\/2016\/12\/danos-turbinas-gas_g1-400x295.jpg 400w, https:\/\/millerlatam.com\/POR\/wp-content\/uploads\/2016\/12\/danos-turbinas-gas_g1-430x317.jpg 430w, https:\/\/millerlatam.com\/POR\/wp-content\/uploads\/2016\/12\/danos-turbinas-gas_g1-150x111.jpg 150w, https:\/\/millerlatam.com\/POR\/wp-content\/uploads\/2016\/12\/danos-turbinas-gas_g1-100x74.jpg 100w\" sizes=\"auto, (max-width: 661px) 100vw, 661px\" \/><\/a>\n\t\t\t<\/div><\/figure><figure class='gallery-item'>\n\t\t\t<div class='gallery-icon landscape'>\n\t\t\t\t<a href='https:\/\/millerlatam.com\/POR\/wp-content\/uploads\/2016\/12\/danos-turbinas-gas_g2.jpg'><img loading=\"lazy\" decoding=\"async\" width=\"662\" height=\"488\" src=\"https:\/\/millerlatam.com\/POR\/wp-content\/uploads\/2016\/12\/danos-turbinas-gas_g2.jpg\" class=\"attachment-large size-large\" alt=\"Servi\u00e7os - Energia\" srcset=\"https:\/\/millerlatam.com\/POR\/wp-content\/uploads\/2016\/12\/danos-turbinas-gas_g2.jpg 662w, https:\/\/millerlatam.com\/POR\/wp-content\/uploads\/2016\/12\/danos-turbinas-gas_g2-300x221.jpg 300w, https:\/\/millerlatam.com\/POR\/wp-content\/uploads\/2016\/12\/danos-turbinas-gas_g2-400x295.jpg 400w, https:\/\/millerlatam.com\/POR\/wp-content\/uploads\/2016\/12\/danos-turbinas-gas_g2-430x317.jpg 430w, https:\/\/millerlatam.com\/POR\/wp-content\/uploads\/2016\/12\/danos-turbinas-gas_g2-150x111.jpg 150w, https:\/\/millerlatam.com\/POR\/wp-content\/uploads\/2016\/12\/danos-turbinas-gas_g2-100x74.jpg 100w\" sizes=\"auto, (max-width: 662px) 100vw, 662px\" \/><\/a>\n\t\t\t<\/div><\/figure><figure class='gallery-item'>\n\t\t\t<div class='gallery-icon landscape'>\n\t\t\t\t<a href='https:\/\/millerlatam.com\/POR\/wp-content\/uploads\/2016\/12\/danos-turbinas-gas_g3.jpg'><img loading=\"lazy\" decoding=\"async\" width=\"662\" height=\"488\" src=\"https:\/\/millerlatam.com\/POR\/wp-content\/uploads\/2016\/12\/danos-turbinas-gas_g3.jpg\" class=\"attachment-large size-large\" alt=\"Servi\u00e7os - Energia\" srcset=\"https:\/\/millerlatam.com\/POR\/wp-content\/uploads\/2016\/12\/danos-turbinas-gas_g3.jpg 662w, https:\/\/millerlatam.com\/POR\/wp-content\/uploads\/2016\/12\/danos-turbinas-gas_g3-300x221.jpg 300w, https:\/\/millerlatam.com\/POR\/wp-content\/uploads\/2016\/12\/danos-turbinas-gas_g3-400x295.jpg 400w, https:\/\/millerlatam.com\/POR\/wp-content\/uploads\/2016\/12\/danos-turbinas-gas_g3-430x317.jpg 430w, https:\/\/millerlatam.com\/POR\/wp-content\/uploads\/2016\/12\/danos-turbinas-gas_g3-150x111.jpg 150w, https:\/\/millerlatam.com\/POR\/wp-content\/uploads\/2016\/12\/danos-turbinas-gas_g3-100x74.jpg 100w\" sizes=\"auto, (max-width: 662px) 100vw, 662px\" \/><\/a>\n\t\t\t<\/div><\/figure><figure class='gallery-item'>\n\t\t\t<div class='gallery-icon landscape'>\n\t\t\t\t<a href='https:\/\/millerlatam.com\/POR\/wp-content\/uploads\/2016\/12\/danos-turbinas-gas_g4.jpg'><img loading=\"lazy\" decoding=\"async\" width=\"662\" height=\"488\" src=\"https:\/\/millerlatam.com\/POR\/wp-content\/uploads\/2016\/12\/danos-turbinas-gas_g4.jpg\" class=\"attachment-large size-large\" alt=\"Servi\u00e7os - Energia\" srcset=\"https:\/\/millerlatam.com\/POR\/wp-content\/uploads\/2016\/12\/danos-turbinas-gas_g4.jpg 662w, https:\/\/millerlatam.com\/POR\/wp-content\/uploads\/2016\/12\/danos-turbinas-gas_g4-300x221.jpg 300w, https:\/\/millerlatam.com\/POR\/wp-content\/uploads\/2016\/12\/danos-turbinas-gas_g4-400x295.jpg 400w, https:\/\/millerlatam.com\/POR\/wp-content\/uploads\/2016\/12\/danos-turbinas-gas_g4-430x317.jpg 430w, https:\/\/millerlatam.com\/POR\/wp-content\/uploads\/2016\/12\/danos-turbinas-gas_g4-150x111.jpg 150w, https:\/\/millerlatam.com\/POR\/wp-content\/uploads\/2016\/12\/danos-turbinas-gas_g4-100x74.jpg 100w\" sizes=\"auto, (max-width: 662px) 100vw, 662px\" \/><\/a>\n\t\t\t<\/div><\/figure><figure class='gallery-item'>\n\t\t\t<div class='gallery-icon landscape'>\n\t\t\t\t<a href='https:\/\/millerlatam.com\/POR\/wp-content\/uploads\/2016\/12\/danos-turbinas-gas_g5.jpg'><img loading=\"lazy\" decoding=\"async\" width=\"662\" height=\"488\" src=\"https:\/\/millerlatam.com\/POR\/wp-content\/uploads\/2016\/12\/danos-turbinas-gas_g5.jpg\" class=\"attachment-large size-large\" alt=\"Servi\u00e7os - Energia\" srcset=\"https:\/\/millerlatam.com\/POR\/wp-content\/uploads\/2016\/12\/danos-turbinas-gas_g5.jpg 662w, https:\/\/millerlatam.com\/POR\/wp-content\/uploads\/2016\/12\/danos-turbinas-gas_g5-300x221.jpg 300w, https:\/\/millerlatam.com\/POR\/wp-content\/uploads\/2016\/12\/danos-turbinas-gas_g5-400x295.jpg 400w, https:\/\/millerlatam.com\/POR\/wp-content\/uploads\/2016\/12\/danos-turbinas-gas_g5-430x317.jpg 430w, https:\/\/millerlatam.com\/POR\/wp-content\/uploads\/2016\/12\/danos-turbinas-gas_g5-150x111.jpg 150w, https:\/\/millerlatam.com\/POR\/wp-content\/uploads\/2016\/12\/danos-turbinas-gas_g5-100x74.jpg 100w\" sizes=\"auto, (max-width: 662px) 100vw, 662px\" \/><\/a>\n\t\t\t<\/div><\/figure>\n\t\t<\/div>\n\n<\/div>\n<\/div><\/div><\/div><\/div><\/div><\/div>","protected":false},"excerpt":{"rendered":"<p>Danos a Turbinas \u00e0 G\u00e1s Este sinistro se refere ao dano ocorrido em uma turbina a g\u00e1s durante sua opera\u00e7\u00e3o normal. Esta turbina produz eletricidade para opera\u00e7\u00e3o de v\u00e1rios equipamentos [&hellip;]<\/p>\n","protected":false},"author":1,"featured_media":0,"parent":12,"menu_order":0,"comment_status":"closed","ping_status":"closed","template":"page_fullwidth.php","meta":{"footnotes":""},"class_list":["post-342","page","type-page","status-publish","hentry"],"_links":{"self":[{"href":"https:\/\/millerlatam.com\/POR\/wp-json\/wp\/v2\/pages\/342","targetHints":{"allow":["GET"]}}],"collection":[{"href":"https:\/\/millerlatam.com\/POR\/wp-json\/wp\/v2\/pages"}],"about":[{"href":"https:\/\/millerlatam.com\/POR\/wp-json\/wp\/v2\/types\/page"}],"author":[{"embeddable":true,"href":"https:\/\/millerlatam.com\/POR\/wp-json\/wp\/v2\/users\/1"}],"replies":[{"embeddable":true,"href":"https:\/\/millerlatam.com\/POR\/wp-json\/wp\/v2\/comments?post=342"}],"version-history":[{"count":13,"href":"https:\/\/millerlatam.com\/POR\/wp-json\/wp\/v2\/pages\/342\/revisions"}],"predecessor-version":[{"id":1241,"href":"https:\/\/millerlatam.com\/POR\/wp-json\/wp\/v2\/pages\/342\/revisions\/1241"}],"up":[{"embeddable":true,"href":"https:\/\/millerlatam.com\/POR\/wp-json\/wp\/v2\/pages\/12"}],"wp:attachment":[{"href":"https:\/\/millerlatam.com\/POR\/wp-json\/wp\/v2\/media?parent=342"}],"curies":[{"name":"wp","href":"https:\/\/api.w.org\/{rel}","templated":true}]}}