{"id":1634,"date":"2024-05-09T22:31:34","date_gmt":"2024-05-09T22:31:34","guid":{"rendered":"https:\/\/millerlatam.com\/POR\/?page_id=1634"},"modified":"2024-05-09T23:28:30","modified_gmt":"2024-05-09T23:28:30","slug":"colombia","status":"publish","type":"page","link":"https:\/\/millerlatam.com\/POR\/associados\/colombia\/","title":{"rendered":"Colombia"},"content":{"rendered":"\n<div class=\"wp-block-columns is-layout-flex wp-container-core-columns-is-layout-9d6595d7 wp-block-columns-is-layout-flex\">\n<div class=\"wp-block-column is-layout-flow wp-block-column-is-layout-flow\">\n<h2 class=\"wp-block-heading\">FGR-SIS de Colombia Ajustadores de Seguros S.A.S.<\/h2>\n\n\n\n<p><strong>Ing. Carlos Iv\u00e1n S\u00e1nchez<\/strong><br>Carrera 13 No. 34-72, Oficina 215,.<br>Bogot\u00e1, Colombia.<\/p>\n\n\n\n<p class=\"textcontact\">TELEFONE:<\/p>\n\n\n\n<p>+57 (601) 518 95 65<\/p>\n\n\n\n<p class=\"textcontact\">EMAIL:<\/p>\n\n\n\n<p><a href=\"mailto:info@fgrsis.com\">info@fgrsis.com<\/a><\/p>\n\n\n\n<p class=\"textcontact\">WEB:<\/p>\n\n\n\n<p><a href=\"https:\/\/fgrsis.com\/\" target=\"_blank\" rel=\"noreferrer noopener\">www.fgrsis.com<\/a><\/p>\n<\/div>\n\n\n\n<div class=\"wp-block-column is-layout-flow wp-block-column-is-layout-flow\">\n<figure class=\"wp-block-image size-full\"><img loading=\"lazy\" decoding=\"async\" width=\"226\" height=\"339\" src=\"http:\/\/millerlatam.com\/POR\/wp-content\/uploads\/2024\/05\/miller-sociados-colombia.jpg\" alt=\"\" class=\"wp-image-1624\" srcset=\"https:\/\/millerlatam.com\/POR\/wp-content\/uploads\/2024\/05\/miller-sociados-colombia.jpg 226w, https:\/\/millerlatam.com\/POR\/wp-content\/uploads\/2024\/05\/miller-sociados-colombia-200x300.jpg 200w, https:\/\/millerlatam.com\/POR\/wp-content\/uploads\/2024\/05\/miller-sociados-colombia-150x225.jpg 150w, https:\/\/millerlatam.com\/POR\/wp-content\/uploads\/2024\/05\/miller-sociados-colombia-100x150.jpg 100w\" sizes=\"auto, (max-width: 226px) 100vw, 226px\" \/><\/figure>\n<\/div>\n<\/div>\n\n\n\n<p><\/p>\n","protected":false},"excerpt":{"rendered":"<p>FGR-SIS de Colombia Ajustadores de Seguros S.A.S. Ing. Carlos Iv\u00e1n S\u00e1nchezCarrera 13 No. 34-72, Oficina 215,.Bogot\u00e1, Colombia. TELEFONE: +57 (601) 518 95 65 EMAIL: info@fgrsis.com WEB: www.fgrsis.com<\/p>\n","protected":false},"author":1,"featured_media":0,"parent":1608,"menu_order":0,"comment_status":"closed","ping_status":"closed","template":"page_fullwidth.php","meta":{"footnotes":""},"class_list":["post-1634","page","type-page","status-publish","hentry"],"_links":{"self":[{"href":"https:\/\/millerlatam.com\/POR\/wp-json\/wp\/v2\/pages\/1634","targetHints":{"allow":["GET"]}}],"collection":[{"href":"https:\/\/millerlatam.com\/POR\/wp-json\/wp\/v2\/pages"}],"about":[{"href":"https:\/\/millerlatam.com\/POR\/wp-json\/wp\/v2\/types\/page"}],"author":[{"embeddable":true,"href":"https:\/\/millerlatam.com\/POR\/wp-json\/wp\/v2\/users\/1"}],"replies":[{"embeddable":true,"href":"https:\/\/millerlatam.com\/POR\/wp-json\/wp\/v2\/comments?post=1634"}],"version-history":[{"count":3,"href":"https:\/\/millerlatam.com\/POR\/wp-json\/wp\/v2\/pages\/1634\/revisions"}],"predecessor-version":[{"id":1672,"href":"https:\/\/millerlatam.com\/POR\/wp-json\/wp\/v2\/pages\/1634\/revisions\/1672"}],"up":[{"embeddable":true,"href":"https:\/\/millerlatam.com\/POR\/wp-json\/wp\/v2\/pages\/1608"}],"wp:attachment":[{"href":"https:\/\/millerlatam.com\/POR\/wp-json\/wp\/v2\/media?parent=1634"}],"curies":[{"name":"wp","href":"https:\/\/api.w.org\/{rel}","templated":true}]}}