{"id":1617,"date":"2024-05-09T22:04:08","date_gmt":"2024-05-09T22:04:08","guid":{"rendered":"https:\/\/millerlatam.com\/POR\/?page_id=1617"},"modified":"2024-05-09T22:04:10","modified_gmt":"2024-05-09T22:04:10","slug":"mexico","status":"publish","type":"page","link":"https:\/\/millerlatam.com\/POR\/escritorios-e-associados-2\/mexico\/","title":{"rendered":"M\u00e9xico"},"content":{"rendered":"\n<p>Desde 2005, temos um escrit\u00f3rio na Cidade do M\u00e9xico, atendendo sinistros e Riscos localizados no M\u00e9xico e nos pa\u00edses da Am\u00e9rica Central e das ilhas do Caribe. Especialmente nesta regi\u00e3o, s\u00e3o muito frequentes as designa\u00e7\u00f5es relacionadas com as cat\u00e1strofes naturais (furac\u00f5es, terremotos, inunda\u00e7\u00f5es, deslaves, vulc\u00f5es, etc.).<\/p>\n\n\n\n<p>Atendemos tamb\u00e9m, entre outros, sinistros relacionados com constru\u00e7\u00e3o de Metr\u00f4s, grandes coletores de \u00e1guas de servi\u00e7o (M\u00e9xico), cais, canais fluviais (Panam\u00e1), gera\u00e7\u00e3o termoel\u00e9trica e hidroel\u00e9trica (Costa Rica, Rep\u00fablica Dominicana) e acidentes mar\u00edtimos.<\/p>\n\n\n\n<figure class=\"wp-block-image size-full\"><a href=\"https:\/\/adjusteck.com\/\" target=\"_blank\" rel=\"noreferrer noopener\"><img loading=\"lazy\" decoding=\"async\" width=\"306\" height=\"108\" src=\"https:\/\/millerlatam.com\/POR\/wp-content\/uploads\/2024\/05\/Logo-Adjusteck-Partner-Network2.jpg\" alt=\"\" class=\"wp-image-1619\" srcset=\"https:\/\/millerlatam.com\/POR\/wp-content\/uploads\/2024\/05\/Logo-Adjusteck-Partner-Network2.jpg 306w, https:\/\/millerlatam.com\/POR\/wp-content\/uploads\/2024\/05\/Logo-Adjusteck-Partner-Network2-300x106.jpg 300w, https:\/\/millerlatam.com\/POR\/wp-content\/uploads\/2024\/05\/Logo-Adjusteck-Partner-Network2-150x53.jpg 150w, https:\/\/millerlatam.com\/POR\/wp-content\/uploads\/2024\/05\/Logo-Adjusteck-Partner-Network2-100x35.jpg 100w\" sizes=\"auto, (max-width: 306px) 100vw, 306px\" \/><\/a><\/figure>\n\n\n\n<p><a href=\"mailto:info@adjustek.com\">info@adjustek.com<\/a><\/p>\n\n\n<div id=\"pl-367\" class=\"panel-layout\">\n<div id=\"pg-367-0\" class=\"panel-grid panel-no-style\" data-style=\"{&quot;background_display&quot;:&quot;tile&quot;,&quot;cell_class&quot;:&quot;row-without-padding&quot;,&quot;cell_alignment&quot;:&quot;flex-start&quot;}\">\n<div id=\"pgc-367-0-0\" class=\"panel-grid-cell\" data-weight=\"1\">\n<div class=\"row-without-padding panel-cell-style panel-cell-style-for-367-0-0\">\n<div id=\"panel-367-0-0-0\" class=\"so-panel widget widget_sow-editor panel-first-child panel-last-child\" data-index=\"0\" data-style=\"{&quot;background_image_attachment&quot;:false,&quot;background_display&quot;:&quot;tile&quot;}\">\n<div class=\"so-widget-sow-editor so-widget-sow-editor-base\">\n<div class=\"siteorigin-widget-tinymce textwidget\">\n<div class=\"row spaceB\">\n<div class=\"col-md-6 Offices\">\n<h3>Miller International Latam S.A. de C.V.<\/h3>\n<p>Comunal No. 83. Colonia Acacias<br \/>Delegaci\u00f3n Benito Ju\u00e1rez.<br \/>M\u00e9xico, Distrito Federal.<br \/>Post Code 03240<br \/>M\u00e9xico<\/p>\n<p class=\"textcontact\">TELEFONES:<\/p>\n<p>+52 (55) 5543 5911<br \/>+52 (55) 6650 2749<br \/>+52 (55) 6798 0857<br \/>+52 (55) 5687 2267<\/p>\n<p class=\"textcontact\">FAX:<\/p>\n<p>+52 (55) 5669 1120<\/p>\n<p class=\"textcontact\">EMAIL:<\/p>\n<p><a href=\"mailto:mbustamante@millerlatam.com\">mbustamante@millerlatam.com<\/a><\/p>\n<\/div>\n<div class=\"col-md-6 Yellow\">\n<h1><a href=\"http:\/\/millerila.com\/POR\/cv\/eng-m-sc-miguel-bustamante\/\">Miguel Bustamante Turri M. Sc. C. E<\/a><\/h1>\n<p>Diretor Escrit\u00f3rio M\u00e9xico e Caribe<br \/>CNSF \/ C8779<\/p>\n<\/div>\n<\/div>\n<p><a class=\"fancybox BtnDestacado\" href=\"#contact_form_pop\">Solicitar informa\u00e7\u00f5es adicionais<\/a><\/p>\n<div class=\"fancybox-hidden\" style=\"display: none;\">\n<div id=\"contact_form_pop\">\n<div class=\"wpcf7 no-js\" id=\"wpcf7-f381-o1\" lang=\"en-US\" dir=\"ltr\">\n<div class=\"screen-reader-response\"><p role=\"status\" aria-live=\"polite\" aria-atomic=\"true\"><\/p> <ul><\/ul><\/div>\n<form action=\"\/POR\/wp-json\/wp\/v2\/pages\/1617#wpcf7-f381-o1\" method=\"post\" class=\"wpcf7-form init\" aria-label=\"Contact form\" novalidate=\"novalidate\" data-status=\"init\">\n<div style=\"display: none;\">\n<input type=\"hidden\" name=\"_wpcf7\" value=\"381\" \/>\n<input type=\"hidden\" name=\"_wpcf7_version\" value=\"5.9.4\" \/>\n<input type=\"hidden\" name=\"_wpcf7_locale\" value=\"en_US\" \/>\n<input type=\"hidden\" name=\"_wpcf7_unit_tag\" value=\"wpcf7-f381-o1\" \/>\n<input type=\"hidden\" name=\"_wpcf7_container_post\" value=\"0\" \/>\n<input type=\"hidden\" name=\"_wpcf7_posted_data_hash\" value=\"\" \/>\n<\/div>\n<div class=\"wpcf7-response-output\" aria-hidden=\"true\"><\/div>\n<p> Nome (requeridos)<br \/>\n<span class=\"wpcf7-form-control-wrap\" data-name=\"your-name\"><input size=\"40\" class=\"wpcf7-form-control wpcf7-text wpcf7-validates-as-required\" aria-required=\"true\" aria-invalid=\"false\" value=\"\" type=\"text\" name=\"your-name\" \/><\/span>\n<\/p>\n<p> E-mail (requeridos)<br \/>\n<span class=\"wpcf7-form-control-wrap\" data-name=\"email\"><input size=\"40\" class=\"wpcf7-form-control wpcf7-email wpcf7-validates-as-required wpcf7-text wpcf7-validates-as-email\" aria-required=\"true\" aria-invalid=\"false\" value=\"\" type=\"email\" name=\"email\" \/><\/span>\n<\/p>\n<p> Telefone<br \/>\n<span class=\"wpcf7-form-control-wrap\" data-name=\"phone\"><input size=\"40\" class=\"wpcf7-form-control wpcf7-tel wpcf7-text wpcf7-validates-as-tel\" aria-invalid=\"false\" value=\"\" type=\"tel\" name=\"phone\" \/><\/span>\n<\/p>\n<p> T\u00edtulo da exig\u00eancia (requeridos)<br \/>\n<span class=\"wpcf7-form-control-wrap\" data-name=\"requirement\"><input size=\"40\" class=\"wpcf7-form-control wpcf7-text wpcf7-validates-as-required\" aria-required=\"true\" aria-invalid=\"false\" value=\"\" type=\"text\" name=\"requirement\" \/><\/span>\n<\/p>\n<p> Conte\u00fado do pedido (requeridos)<br \/>\n<span class=\"wpcf7-form-control-wrap\" data-name=\"content\"><textarea cols=\"40\" rows=\"10\" class=\"wpcf7-form-control wpcf7-textarea wpcf7-validates-as-required\" aria-required=\"true\" aria-invalid=\"false\" name=\"content\"><\/textarea><\/span>\n<\/p>\n<p><input class=\"wpcf7-form-control wpcf7-submit has-spinner\" type=\"submit\" value=\"Envie\" \/>\n<\/p>\n<\/form>\n<\/div>\n<\/div>\n<\/div>\n<\/div>\n<\/div>\n<\/div>\n<\/div>\n<\/div>\n<\/div>\n<\/div>","protected":false},"excerpt":{"rendered":"<p>Desde 2005, temos um escrit\u00f3rio na Cidade do M\u00e9xico, atendendo sinistros e Riscos localizados no M\u00e9xico e nos pa\u00edses da Am\u00e9rica Central e das ilhas do Caribe. Especialmente nesta regi\u00e3o, [&hellip;]<\/p>\n","protected":false},"author":1,"featured_media":0,"parent":19,"menu_order":0,"comment_status":"closed","ping_status":"closed","template":"page_fullwidth.php","meta":{"footnotes":""},"class_list":["post-1617","page","type-page","status-publish","hentry"],"_links":{"self":[{"href":"https:\/\/millerlatam.com\/POR\/wp-json\/wp\/v2\/pages\/1617","targetHints":{"allow":["GET"]}}],"collection":[{"href":"https:\/\/millerlatam.com\/POR\/wp-json\/wp\/v2\/pages"}],"about":[{"href":"https:\/\/millerlatam.com\/POR\/wp-json\/wp\/v2\/types\/page"}],"author":[{"embeddable":true,"href":"https:\/\/millerlatam.com\/POR\/wp-json\/wp\/v2\/users\/1"}],"replies":[{"embeddable":true,"href":"https:\/\/millerlatam.com\/POR\/wp-json\/wp\/v2\/comments?post=1617"}],"version-history":[{"count":2,"href":"https:\/\/millerlatam.com\/POR\/wp-json\/wp\/v2\/pages\/1617\/revisions"}],"predecessor-version":[{"id":1620,"href":"https:\/\/millerlatam.com\/POR\/wp-json\/wp\/v2\/pages\/1617\/revisions\/1620"}],"up":[{"embeddable":true,"href":"https:\/\/millerlatam.com\/POR\/wp-json\/wp\/v2\/pages\/19"}],"wp:attachment":[{"href":"https:\/\/millerlatam.com\/POR\/wp-json\/wp\/v2\/media?parent=1617"}],"curies":[{"name":"wp","href":"https:\/\/api.w.org\/{rel}","templated":true}]}}