{"id":12,"date":"2016-09-21T21:30:22","date_gmt":"2016-09-21T21:30:22","guid":{"rendered":"http:\/\/aladedragon.com\/proyectos\/miller\/POR\/?page_id=12"},"modified":"2022-04-19T21:01:25","modified_gmt":"2022-04-19T21:01:25","slug":"servicos","status":"publish","type":"page","link":"https:\/\/millerlatam.com\/POR\/servicos\/","title":{"rendered":"Servi\u00e7os"},"content":{"rendered":"<div id=\"pl-12\"  class=\"panel-layout\" ><div id=\"pg-12-0\"  class=\"panel-grid panel-no-style\" ><div id=\"pgc-12-0-0\"  class=\"panel-grid-cell\" ><div class=\"row-without-padding panel-cell-style panel-cell-style-for-12-0-0\" ><div id=\"panel-12-0-0-0\" class=\"so-panel widget widget_sow-editor panel-first-child panel-last-child\" data-index=\"0\" ><div\n\t\t\t\n\t\t\tclass=\"so-widget-sow-editor so-widget-sow-editor-base\"\n\t\t\t\n\t\t>\n<div class=\"siteorigin-widget-tinymce textwidget\">\n\t<p><img loading=\"lazy\" decoding=\"async\" class=\"alignnone wp-image-573 size-full\" src=\"http:\/\/millerila.com\/POR\/wp-content\/uploads\/2016\/09\/pic-ppal-servicos.jpg\" alt=\"Miller International Servicos\" width=\"1138\" height=\"155\" srcset=\"https:\/\/millerlatam.com\/POR\/wp-content\/uploads\/2016\/09\/pic-ppal-servicos.jpg 1138w, https:\/\/millerlatam.com\/POR\/wp-content\/uploads\/2016\/09\/pic-ppal-servicos-300x41.jpg 300w, https:\/\/millerlatam.com\/POR\/wp-content\/uploads\/2016\/09\/pic-ppal-servicos-768x105.jpg 768w, https:\/\/millerlatam.com\/POR\/wp-content\/uploads\/2016\/09\/pic-ppal-servicos-1024x139.jpg 1024w, https:\/\/millerlatam.com\/POR\/wp-content\/uploads\/2016\/09\/pic-ppal-servicos-750x102.jpg 750w, https:\/\/millerlatam.com\/POR\/wp-content\/uploads\/2016\/09\/pic-ppal-servicos-400x54.jpg 400w, https:\/\/millerlatam.com\/POR\/wp-content\/uploads\/2016\/09\/pic-ppal-servicos-430x59.jpg 430w, https:\/\/millerlatam.com\/POR\/wp-content\/uploads\/2016\/09\/pic-ppal-servicos-150x20.jpg 150w, https:\/\/millerlatam.com\/POR\/wp-content\/uploads\/2016\/09\/pic-ppal-servicos-100x14.jpg 100w\" sizes=\"auto, (max-width: 1138px) 100vw, 1138px\" \/><\/p>\n<p>Oferecemos servi\u00e7os t\u00e9cnicos especializados ao mercado internacional de seguros, com solu\u00e7\u00f5es de qualidade na regula\u00e7\u00e3o de sinistros e administra\u00e7\u00e3o de riscos, nas seguintes \u00e1reas:<\/p>\n<\/div>\n<\/div><\/div><\/div><\/div><\/div><div id=\"pg-12-1\"  class=\"panel-grid panel-no-style\" ><div id=\"pgc-12-1-0\"  class=\"panel-grid-cell\" ><div id=\"panel-12-1-0-0\" class=\"widget_text so-panel widget widget_custom_html panel-first-child panel-last-child\" data-index=\"1\" ><div class=\"textwidget custom-html-widget\"><div class=\"Services-Icon\"><i class=\"fa fa-calculator\" aria-hidden=\"true\"><\/i> <a href=\"https:\/\/millerlatam.com\/POR\/servicos\/lucro-cessante\/\/\">Lucro Cessante<\/a><\/div>\n\n<div class=\"Services-Icon\"><i class=\"fa fa-clipboard\" aria-hidden=\"true\"><\/i> <a href=\"https:\/\/millerlatam.com\/POR\/servicos\/alop-dsu\/\">AloP \/ DSU<\/a><\/div>\n\n<div class=\"Services-Icon\"><i class=\"fa fa-exclamation-triangle\" aria-hidden=\"true\"><\/i> <a href=\"https:\/\/millerlatam.com\/POR\/servicos\/programa-de-avaliacao-de-riscos\/\">Programa de avalia\u00e7\u00e3o de riscos<\/a><\/div>\n\n<div class=\"Services-Icon\"><i class=\"fa fa-bar-chart\" aria-hidden=\"true\"><\/i> <a href=\"https:\/\/millerlatam.com\/POR\/servicos\/analises-estatisticas-de-sinistros\/\">An\u00e1lises Estat\u00edsticas de Sinistros<\/a><\/div>\n\n<div class=\"Services-Icon\"><i class=\"fa fa-search\" aria-hidden=\"true\"><\/i> <a href=\"https:\/\/millerlatam.com\/POR\/servicos\/inspecao-de-risco\/\">Inspe\u00e7\u00e3o de Risco<\/a><\/div>\n\n<div class=\"Services-Icon\"><i class=\"fa fa-diamond\" aria-hidden=\"true\"><\/i> <a href=\"https:\/\/millerlatam.com\/POR\/servicos\/mineracao\/\">Minera\u00e7\u00e3o<\/a><\/div><\/div><\/div><\/div><div id=\"pgc-12-1-1\"  class=\"panel-grid-cell\" ><div id=\"panel-12-1-1-0\" class=\"widget_text so-panel widget widget_custom_html panel-first-child panel-last-child\" data-index=\"2\" ><div class=\"textwidget custom-html-widget\"><div class=\"Services-Icon\"><i class=\"fa fa-university\" aria-hidden=\"true\"><\/i> <a href=\"https:\/\/millerlatam.com\/POR\/servicos\/construcao-e-montagem\/\">Constru\u00e7\u00e3o e montagem<\/a><\/div>\n\n<div class=\"Services-Icon\"><i class=\"fa fa-tint\" aria-hidden=\"true\"><\/i> <a href=\"https:\/\/millerlatam.com\/POR\/servicos\/petroleo-e-gas\/\">Petr\u00f3leo e G\u00e1s<\/a><\/div>\n\n\n\n\n<div class=\"Services-Icon\"><i class=\"fa fa-gavel\" aria-hidden=\"true\"><\/i> <a href=\"https:\/\/millerlatam.com\/POR\/servicos\/responsabilidade-civil\/\">Responsabilidade Civil<\/a><\/div>\n\n\n\n<div class=\"Services-Icon\"><i class=\"fa fa-cogs\" aria-hidden=\"true\"><\/i> <a href=\"https:\/\/millerlatam.com\/POR\/servicos\/quebra-de-maquinas\/\">Quebra de M\u00e1quinas<\/a><\/div>\n\n<div class=\"Services-Icon\"><i class=\"fa fa-database\" aria-hidden=\"true\"><\/i> <a href=\"https:\/\/millerlatam.com\/POR\/servicos\/industria-metalurgica\/\">Ind\u00fastria Metal\u00fargica<\/a><\/div>\n\n<div class=\"Services-Icon\"><i class=\"fa fa-building\" aria-hidden=\"true\"><\/i> <a href=\"http:\/\/millerila.com\/POR\/servicos\/property\/\">Property<\/a><\/div><\/div><\/div><\/div><div id=\"pgc-12-1-2\"  class=\"panel-grid-cell\" ><div id=\"panel-12-1-2-0\" class=\"widget_text so-panel widget widget_custom_html panel-first-child panel-last-child\" data-index=\"3\" ><div class=\"textwidget custom-html-widget\"><div class=\"Services-Icon\"><i class=\"fa fa-bolt\" aria-hidden=\"true\"><\/i> <a href=\"https:\/\/millerlatam.com\/POR\/servicos\/energia\/\">Energia<\/a><\/div>\n\n\n<div class=\"Services-Icon\"><i class=\"fa fa-fire\" aria-hidden=\"true\"><\/i> <a href=\"https:\/\/millerlatam.com\/POR\/servicos\/incendio\/\">Inc\u00eandio<\/a><\/div>\n\n<div class=\"Services-Icon\"><i class=\"fa fa-plus\" aria-hidden=\"true\"><\/i> <a href=\"https:\/\/millerlatam.com\/POR\/servicos\/programa-de-prevencao-de-acidentes\/\">Programa de Preven\u00e7\u00e3o de acidentes<\/a><\/div>\n\n\n<div class=\"Services-Icon\"><i class=\"fa fa-truck\" aria-hidden=\"true\"><\/i> <a href=\"https:\/\/millerlatam.com\/POR\/servicos\/transporte\/\">Transporte<\/a><\/div>\n\n<div class=\"Services-Icon\"><i class=\"fa fa-ship\" aria-hidden=\"true\"><\/i> <a href=\"https:\/\/millerlatam.com\/POR\/servicos\/casco-e-maquinario-maritimo\/\">Casco e Maquin\u00e1rio Mar\u00edtimo<\/a><\/div>\n\n<div class=\"Services-Icon\"><i class=\"fa fa-train\" aria-hidden=\"true\"><\/i> <a href=\"https:\/\/millerlatam.com\/POR\/servicos\/tuneis-e-trens\/\">T\u00faneis e trens<\/a><\/div><\/div><\/div><\/div><\/div><\/div>","protected":false},"excerpt":{"rendered":"<p>Oferecemos servi\u00e7os t\u00e9cnicos especializados ao mercado internacional de seguros, com solu\u00e7\u00f5es de qualidade na regula\u00e7\u00e3o de sinistros e administra\u00e7\u00e3o de riscos, nas seguintes \u00e1reas:<\/p>\n","protected":false},"author":1,"featured_media":0,"parent":0,"menu_order":0,"comment_status":"closed","ping_status":"closed","template":"page_fullwidth.php","meta":{"footnotes":""},"class_list":["post-12","page","type-page","status-publish","hentry"],"_links":{"self":[{"href":"https:\/\/millerlatam.com\/POR\/wp-json\/wp\/v2\/pages\/12","targetHints":{"allow":["GET"]}}],"collection":[{"href":"https:\/\/millerlatam.com\/POR\/wp-json\/wp\/v2\/pages"}],"about":[{"href":"https:\/\/millerlatam.com\/POR\/wp-json\/wp\/v2\/types\/page"}],"author":[{"embeddable":true,"href":"https:\/\/millerlatam.com\/POR\/wp-json\/wp\/v2\/users\/1"}],"replies":[{"embeddable":true,"href":"https:\/\/millerlatam.com\/POR\/wp-json\/wp\/v2\/comments?post=12"}],"version-history":[{"count":39,"href":"https:\/\/millerlatam.com\/POR\/wp-json\/wp\/v2\/pages\/12\/revisions"}],"predecessor-version":[{"id":1543,"href":"https:\/\/millerlatam.com\/POR\/wp-json\/wp\/v2\/pages\/12\/revisions\/1543"}],"wp:attachment":[{"href":"https:\/\/millerlatam.com\/POR\/wp-json\/wp\/v2\/media?parent=12"}],"curies":[{"name":"wp","href":"https:\/\/api.w.org\/{rel}","templated":true}]}}