{"id":10,"date":"2016-09-21T21:29:39","date_gmt":"2016-09-21T21:29:39","guid":{"rendered":"http:\/\/aladedragon.com\/proyectos\/miller\/POR\/?page_id=10"},"modified":"2018-02-16T19:13:18","modified_gmt":"2018-02-16T19:13:18","slug":"sobre-nos","status":"publish","type":"page","link":"https:\/\/millerlatam.com\/POR\/sobre-nos\/","title":{"rendered":"Sobre N\u00f3s"},"content":{"rendered":"<div id=\"pl-10\"  class=\"panel-layout\" ><div id=\"pg-10-0\"  class=\"panel-grid panel-no-style\" ><div id=\"pgc-10-0-0\"  class=\"panel-grid-cell\" ><div class=\"row-without-padding panel-cell-style panel-cell-style-for-10-0-0\" ><div id=\"panel-10-0-0-0\" class=\"so-panel widget widget_sow-editor panel-first-child panel-last-child\" data-index=\"0\" ><div\n\t\t\t\n\t\t\tclass=\"so-widget-sow-editor so-widget-sow-editor-base\"\n\t\t\t\n\t\t>\n<div class=\"siteorigin-widget-tinymce textwidget\">\n\t<p><img loading=\"lazy\" decoding=\"async\" class=\"alignnone wp-image-566 size-full\" src=\"http:\/\/millerila.com\/POR\/wp-content\/uploads\/2016\/09\/pic-ppal-sobre-nos.jpg\" alt=\"Miller International Sobre Nos\" width=\"1138\" height=\"155\" srcset=\"https:\/\/millerlatam.com\/POR\/wp-content\/uploads\/2016\/09\/pic-ppal-sobre-nos.jpg 1138w, https:\/\/millerlatam.com\/POR\/wp-content\/uploads\/2016\/09\/pic-ppal-sobre-nos-300x41.jpg 300w, https:\/\/millerlatam.com\/POR\/wp-content\/uploads\/2016\/09\/pic-ppal-sobre-nos-768x105.jpg 768w, https:\/\/millerlatam.com\/POR\/wp-content\/uploads\/2016\/09\/pic-ppal-sobre-nos-1024x139.jpg 1024w, https:\/\/millerlatam.com\/POR\/wp-content\/uploads\/2016\/09\/pic-ppal-sobre-nos-750x102.jpg 750w, https:\/\/millerlatam.com\/POR\/wp-content\/uploads\/2016\/09\/pic-ppal-sobre-nos-400x54.jpg 400w, https:\/\/millerlatam.com\/POR\/wp-content\/uploads\/2016\/09\/pic-ppal-sobre-nos-430x59.jpg 430w, https:\/\/millerlatam.com\/POR\/wp-content\/uploads\/2016\/09\/pic-ppal-sobre-nos-150x20.jpg 150w, https:\/\/millerlatam.com\/POR\/wp-content\/uploads\/2016\/09\/pic-ppal-sobre-nos-100x14.jpg 100w\" sizes=\"auto, (max-width: 1138px) 100vw, 1138px\" \/><\/p>\n<p>Nossa organiza\u00e7\u00e3o surgiu em 1994 como IRISC Servi\u00e7os T\u00e9cnicos e em 1998 tornou-se Miller International. Ao longo dos anos ganhamos a confian\u00e7a de Seguradores, Resseguradores e Corretores de Seguros importantes, <strong>atendendo Sinistros e Riscos em todos os pa\u00edses da Am\u00e9rica Latina.<\/strong><\/p>\n<p>A ind\u00fastria de seguros reconhece a Miller International como ajustadores id\u00f4neos para manejar os sinistros decorrentes de riscos tais como: projetos em t\u00faneis, represas, plantas de gera\u00e7\u00e3o de energia e plantas de processamento, sistemas de ferrovias e outras obras civis. Igualmente, gerenciamos uma ampla variedade de sinistros de Property em geral, lucros cessantes e responsabilidade civil.<\/p>\n<p><strong>A Miller International oferece uma gest\u00e3o transparente e pr\u00f3-ativa da Regula\u00e7\u00e3o de Sinistros<\/strong>. Buscamos rela\u00e7\u00f5es de longo prazo e nos esfor\u00e7amos para oferecer aos nossos clientes servi\u00e7os eficientes, de qualidade, e com uma estrutura razo\u00e1vel de custos.<\/p>\n<p>Nosso pessoal experiente e qualificado \u00e9 cauteloso na condu\u00e7\u00e3o do processo de regula\u00e7\u00e3o e est\u00e1 atento aos diversos interesses pertencentes a projetos internacionais de grande magnitude.<\/p>\n<p><strong>A Miller International presta Servi\u00e7os 24 horas por dia<\/strong>. Os avisos de sinistro reportados aos nossos escrit\u00f3rios geram respostas imediatas. Possu\u00edmos capacidade de alocar nossos recursos para atender sinistros com o maior grau de efici\u00eancia poss\u00edvel.<\/p>\n<p><a href=\"http:\/\/millerila.com\/POR\/sobre-nos\/uber-uns\/\">Leia Sobre N\u00f3s em Alem\u00e3o<\/a><\/p>\n<\/div>\n<\/div><\/div><\/div><\/div><\/div><\/div>","protected":false},"excerpt":{"rendered":"<p>Nossa organiza\u00e7\u00e3o surgiu em 1994 como IRISC Servi\u00e7os T\u00e9cnicos e em 1998 tornou-se Miller International. Ao longo dos anos ganhamos a confian\u00e7a de Seguradores, Resseguradores e Corretores de Seguros importantes, [&hellip;]<\/p>\n","protected":false},"author":1,"featured_media":0,"parent":0,"menu_order":0,"comment_status":"closed","ping_status":"closed","template":"page_fullwidth.php","meta":{"footnotes":""},"class_list":["post-10","page","type-page","status-publish","hentry"],"_links":{"self":[{"href":"https:\/\/millerlatam.com\/POR\/wp-json\/wp\/v2\/pages\/10","targetHints":{"allow":["GET"]}}],"collection":[{"href":"https:\/\/millerlatam.com\/POR\/wp-json\/wp\/v2\/pages"}],"about":[{"href":"https:\/\/millerlatam.com\/POR\/wp-json\/wp\/v2\/types\/page"}],"author":[{"embeddable":true,"href":"https:\/\/millerlatam.com\/POR\/wp-json\/wp\/v2\/users\/1"}],"replies":[{"embeddable":true,"href":"https:\/\/millerlatam.com\/POR\/wp-json\/wp\/v2\/comments?post=10"}],"version-history":[{"count":15,"href":"https:\/\/millerlatam.com\/POR\/wp-json\/wp\/v2\/pages\/10\/revisions"}],"predecessor-version":[{"id":1266,"href":"https:\/\/millerlatam.com\/POR\/wp-json\/wp\/v2\/pages\/10\/revisions\/1266"}],"wp:attachment":[{"href":"https:\/\/millerlatam.com\/POR\/wp-json\/wp\/v2\/media?parent=10"}],"curies":[{"name":"wp","href":"https:\/\/api.w.org\/{rel}","templated":true}]}}