{"id":763,"date":"2017-12-01T01:46:50","date_gmt":"2017-12-01T01:46:50","guid":{"rendered":"http:\/\/aladedragon.com\/proyectos\/miller\/ES\/?page_id=763"},"modified":"2018-02-16T16:57:06","modified_gmt":"2018-02-16T16:57:06","slug":"lucro-cesante","status":"publish","type":"page","link":"https:\/\/millerlatam.com\/ES\/servicios\/lucro-cesante\/","title":{"rendered":"Lucro Cesante"},"content":{"rendered":"<div id=\"pl-763\"  class=\"panel-layout\" ><div id=\"pg-763-0\"  class=\"panel-grid panel-no-style\" ><div id=\"pgc-763-0-0\"  class=\"panel-grid-cell\" ><div class=\"row-without-padding panel-cell-style panel-cell-style-for-763-0-0\" ><div id=\"panel-763-0-0-0\" class=\"so-panel widget widget_sow-editor panel-first-child panel-last-child\" data-index=\"0\" ><div\n\t\t\t\n\t\t\tclass=\"so-widget-sow-editor so-widget-sow-editor-base\"\n\t\t\t\n\t\t>\n<div class=\"siteorigin-widget-tinymce textwidget\">\n\t<p>El an\u00e1lisis de situaciones de lucro cesante forma parte de nuestros servicios, especialmente considerando los costos variables. La identificaci\u00f3n de estos costos se tiene que realizar en sesiones en conjunto con el Asegurado, dando especial atenci\u00f3n a las actividades de preparaci\u00f3n de informaciones financieras y su desglose, ya que las mismas en ciertas oportunidades se realizan con personal propio, cuyo costo ya est\u00e1 incluido en los costos fijos del Asegurado.<\/p>\n<p>\u00a0<\/p>\n<p><a href=\"https:\/\/millerlatam.com\/ES\/servicios\/\">Regresar a Servicios<\/a><\/p>\n<\/div>\n<\/div><\/div><\/div><\/div><div id=\"pgc-763-0-1\"  class=\"panel-grid-cell\" ><div class=\"row-without-padding panel-cell-style panel-cell-style-for-763-0-1\" ><div id=\"panel-763-0-1-0\" class=\"so-panel widget widget_sow-image panel-first-child panel-last-child\" data-index=\"1\" ><div\n\t\t\t\n\t\t\tclass=\"so-widget-sow-image so-widget-sow-image-default-8b5b6f678277-763\"\n\t\t\t\n\t\t>\n<div class=\"sow-image-container\">\n\t\t<img \n\tsrc=\"https:\/\/millerlatam.com\/ES\/wp-content\/uploads\/2017\/12\/miller-servicios-lucro-cesante.jpg\" width=\"700\" height=\"470\" srcset=\"https:\/\/millerlatam.com\/ES\/wp-content\/uploads\/2017\/12\/miller-servicios-lucro-cesante.jpg 700w, https:\/\/millerlatam.com\/ES\/wp-content\/uploads\/2017\/12\/miller-servicios-lucro-cesante-300x201.jpg 300w, https:\/\/millerlatam.com\/ES\/wp-content\/uploads\/2017\/12\/miller-servicios-lucro-cesante-400x269.jpg 400w, https:\/\/millerlatam.com\/ES\/wp-content\/uploads\/2017\/12\/miller-servicios-lucro-cesante-430x289.jpg 430w, https:\/\/millerlatam.com\/ES\/wp-content\/uploads\/2017\/12\/miller-servicios-lucro-cesante-150x101.jpg 150w, https:\/\/millerlatam.com\/ES\/wp-content\/uploads\/2017\/12\/miller-servicios-lucro-cesante-100x67.jpg 100w, https:\/\/millerlatam.com\/ES\/wp-content\/uploads\/2017\/12\/miller-servicios-lucro-cesante-272x182.jpg 272w\" sizes=\"(max-width: 700px) 100vw, 700px\" alt=\"Servicios - Lucro Cesante\" \t\tclass=\"so-widget-image\"\/>\n\t<\/div>\n\n<\/div><\/div><\/div><\/div><\/div><\/div>","protected":false},"excerpt":{"rendered":"<p>El an\u00e1lisis de situaciones de lucro cesante forma parte de nuestros servicios, especialmente considerando los costos variables. La identificaci\u00f3n de estos costos se tiene que realizar en sesiones en conjunto [&hellip;]<\/p>\n","protected":false},"author":1,"featured_media":0,"parent":12,"menu_order":0,"comment_status":"closed","ping_status":"closed","template":"page_fullwidth.php","meta":{"footnotes":""},"class_list":["post-763","page","type-page","status-publish","hentry"],"_links":{"self":[{"href":"https:\/\/millerlatam.com\/ES\/wp-json\/wp\/v2\/pages\/763","targetHints":{"allow":["GET"]}}],"collection":[{"href":"https:\/\/millerlatam.com\/ES\/wp-json\/wp\/v2\/pages"}],"about":[{"href":"https:\/\/millerlatam.com\/ES\/wp-json\/wp\/v2\/types\/page"}],"author":[{"embeddable":true,"href":"https:\/\/millerlatam.com\/ES\/wp-json\/wp\/v2\/users\/1"}],"replies":[{"embeddable":true,"href":"https:\/\/millerlatam.com\/ES\/wp-json\/wp\/v2\/comments?post=763"}],"version-history":[{"count":6,"href":"https:\/\/millerlatam.com\/ES\/wp-json\/wp\/v2\/pages\/763\/revisions"}],"predecessor-version":[{"id":1102,"href":"https:\/\/millerlatam.com\/ES\/wp-json\/wp\/v2\/pages\/763\/revisions\/1102"}],"up":[{"embeddable":true,"href":"https:\/\/millerlatam.com\/ES\/wp-json\/wp\/v2\/pages\/12"}],"wp:attachment":[{"href":"https:\/\/millerlatam.com\/ES\/wp-json\/wp\/v2\/media?parent=763"}],"curies":[{"name":"wp","href":"https:\/\/api.w.org\/{rel}","templated":true}]}}