{"id":757,"date":"2017-12-01T01:33:13","date_gmt":"2017-12-01T01:33:13","guid":{"rendered":"http:\/\/aladedragon.com\/proyectos\/miller\/ES\/?page_id=757"},"modified":"2018-02-16T16:58:30","modified_gmt":"2018-02-16T16:58:30","slug":"programa-de-prevencion-de-accidentes","status":"publish","type":"page","link":"https:\/\/millerlatam.com\/ES\/servicios\/programa-de-prevencion-de-accidentes\/","title":{"rendered":"Programa de prevenci\u00f3n de accidentes"},"content":{"rendered":"<div id=\"pl-757\"  class=\"panel-layout\" ><div id=\"pg-757-0\"  class=\"panel-grid panel-no-style\" ><div id=\"pgc-757-0-0\"  class=\"panel-grid-cell\" ><div class=\"row-without-padding panel-cell-style panel-cell-style-for-757-0-0\" ><div id=\"panel-757-0-0-0\" class=\"so-panel widget widget_sow-editor panel-first-child panel-last-child\" data-index=\"0\" ><div\n\t\t\t\n\t\t\tclass=\"so-widget-sow-editor so-widget-sow-editor-base\"\n\t\t\t\n\t\t>\n<div class=\"siteorigin-widget-tinymce textwidget\">\n\t<p>Basado en nuestra experiencia con siniestros similares, hemos acumulado conocimiento, permiti\u00e9ndonos desarrollar programas de prevenci\u00f3n de accidentes, indicando factores correctivos que se pueden implementar en p\u00f3lizas de construcci\u00f3n y montaje de grandes proyectos. Hemos aplicado estos m\u00e9todos en obras civiles y stock en circulaci\u00f3n.<\/p>\n<p>\u00a0<\/p>\n<p><a href=\"https:\/\/millerlatam.com\/ES\/servicios\/\">Regresar a Servicios<\/a><\/p>\n<\/div>\n<\/div><\/div><\/div><\/div><div id=\"pgc-757-0-1\"  class=\"panel-grid-cell\" ><div class=\"row-without-padding panel-cell-style panel-cell-style-for-757-0-1\" ><div id=\"panel-757-0-1-0\" class=\"so-panel widget widget_sow-image panel-first-child panel-last-child\" data-index=\"1\" ><div\n\t\t\t\n\t\t\tclass=\"so-widget-sow-image so-widget-sow-image-default-8b5b6f678277-757\"\n\t\t\t\n\t\t>\n<div class=\"sow-image-container\">\n\t\t<img \n\tsrc=\"https:\/\/millerlatam.com\/ES\/wp-content\/uploads\/2017\/12\/miller-servicios-programa-de-prevencion-de-accidentes-new.jpg\" width=\"700\" height=\"470\" srcset=\"https:\/\/millerlatam.com\/ES\/wp-content\/uploads\/2017\/12\/miller-servicios-programa-de-prevencion-de-accidentes-new.jpg 700w, https:\/\/millerlatam.com\/ES\/wp-content\/uploads\/2017\/12\/miller-servicios-programa-de-prevencion-de-accidentes-new-300x201.jpg 300w, https:\/\/millerlatam.com\/ES\/wp-content\/uploads\/2017\/12\/miller-servicios-programa-de-prevencion-de-accidentes-new-400x269.jpg 400w, https:\/\/millerlatam.com\/ES\/wp-content\/uploads\/2017\/12\/miller-servicios-programa-de-prevencion-de-accidentes-new-430x289.jpg 430w, https:\/\/millerlatam.com\/ES\/wp-content\/uploads\/2017\/12\/miller-servicios-programa-de-prevencion-de-accidentes-new-150x101.jpg 150w, https:\/\/millerlatam.com\/ES\/wp-content\/uploads\/2017\/12\/miller-servicios-programa-de-prevencion-de-accidentes-new-100x67.jpg 100w, https:\/\/millerlatam.com\/ES\/wp-content\/uploads\/2017\/12\/miller-servicios-programa-de-prevencion-de-accidentes-new-272x182.jpg 272w\" sizes=\"(max-width: 700px) 100vw, 700px\" alt=\"Servicios - Programa de prevenci\u00f3n de accidentes\" \t\tclass=\"so-widget-image\"\/>\n\t<\/div>\n\n<\/div><\/div><\/div><\/div><\/div><\/div>","protected":false},"excerpt":{"rendered":"<p>Basado en nuestra experiencia con siniestros similares, hemos acumulado conocimiento, permiti\u00e9ndonos desarrollar programas de prevenci\u00f3n de accidentes, indicando factores correctivos que se pueden implementar en p\u00f3lizas de construcci\u00f3n y montaje [&hellip;]<\/p>\n","protected":false},"author":1,"featured_media":0,"parent":12,"menu_order":0,"comment_status":"closed","ping_status":"closed","template":"page_fullwidth.php","meta":{"footnotes":""},"class_list":["post-757","page","type-page","status-publish","hentry"],"_links":{"self":[{"href":"https:\/\/millerlatam.com\/ES\/wp-json\/wp\/v2\/pages\/757","targetHints":{"allow":["GET"]}}],"collection":[{"href":"https:\/\/millerlatam.com\/ES\/wp-json\/wp\/v2\/pages"}],"about":[{"href":"https:\/\/millerlatam.com\/ES\/wp-json\/wp\/v2\/types\/page"}],"author":[{"embeddable":true,"href":"https:\/\/millerlatam.com\/ES\/wp-json\/wp\/v2\/users\/1"}],"replies":[{"embeddable":true,"href":"https:\/\/millerlatam.com\/ES\/wp-json\/wp\/v2\/comments?post=757"}],"version-history":[{"count":7,"href":"https:\/\/millerlatam.com\/ES\/wp-json\/wp\/v2\/pages\/757\/revisions"}],"predecessor-version":[{"id":1107,"href":"https:\/\/millerlatam.com\/ES\/wp-json\/wp\/v2\/pages\/757\/revisions\/1107"}],"up":[{"embeddable":true,"href":"https:\/\/millerlatam.com\/ES\/wp-json\/wp\/v2\/pages\/12"}],"wp:attachment":[{"href":"https:\/\/millerlatam.com\/ES\/wp-json\/wp\/v2\/media?parent=757"}],"curies":[{"name":"wp","href":"https:\/\/api.w.org\/{rel}","templated":true}]}}