{"id":750,"date":"2017-10-18T20:14:14","date_gmt":"2017-10-18T20:14:14","guid":{"rendered":"http:\/\/aladedragon.com\/proyectos\/miller\/ES\/?page_id=750"},"modified":"2018-02-16T16:56:54","modified_gmt":"2018-02-16T16:56:54","slug":"inspeccion-de-riesgos","status":"publish","type":"page","link":"https:\/\/millerlatam.com\/ES\/servicios\/inspeccion-de-riesgos\/","title":{"rendered":"Inspecci\u00f3n de Riesgos"},"content":{"rendered":"<div id=\"pl-750\"  class=\"panel-layout\" ><div id=\"pg-750-0\"  class=\"panel-grid panel-no-style\" ><div id=\"pgc-750-0-0\"  class=\"panel-grid-cell\" ><div class=\"row-without-padding panel-cell-style panel-cell-style-for-750-0-0\" ><div id=\"panel-750-0-0-0\" class=\"so-panel widget widget_sow-editor panel-first-child panel-last-child\" data-index=\"0\" ><div\n\t\t\t\n\t\t\tclass=\"so-widget-sow-editor so-widget-sow-editor-base\"\n\t\t\t\n\t\t>\n<div class=\"siteorigin-widget-tinymce textwidget\">\n\t<p>Miller ofrece servicios de inspecci\u00f3n de riesgos, incluyendo programas de monitoreo de riesgos.<br \/> En el presente caso, se ejecutaron inspecciones en minas de cobre localizadas en paisaje des\u00e9rtico, cerca de la cordillera andina.<\/p>\n<p>Recibimos instrucciones de identificar riesgos que pudieran afectar los bienes asegurados, consistiendo de m\u00e1quinas e equipos m\u00f3viles usados en la industria minera.<\/p>\n<p>Nos enfocamos en verificar los procedimientos de seguridad y control, mantenimiento y prevenci\u00f3n de accidentes y si se respetaron las condiciones mencionadas en la p\u00f3liza al respecto en la pr\u00e1ctica.<\/p>\n<p>Nuestras actividades principales consist\u00edan en verificaciones puntuales de ciertos equipos pre-definidos e entrevistas con operadores preseleccionados.<\/p>\n<p>\u00a0<\/p>\n<p><a href=\"https:\/\/millerlatam.com\/ES\/servicios\/\">Regresar a Servicios<\/a><\/p>\n<\/div>\n<\/div><\/div><\/div><\/div><div id=\"pgc-750-0-1\"  class=\"panel-grid-cell\" ><div class=\"row-without-padding panel-cell-style panel-cell-style-for-750-0-1\" ><div id=\"panel-750-0-1-0\" class=\"so-panel widget widget_sow-editor panel-first-child panel-last-child\" data-index=\"1\" ><div\n\t\t\t\n\t\t\tclass=\"so-widget-sow-editor so-widget-sow-editor-base\"\n\t\t\t\n\t\t>\n<div class=\"siteorigin-widget-tinymce textwidget\">\n\t<div id='gallery-1' class='gallery galleryid-750 gallery-columns-2 gallery-size-large'><figure class='gallery-item'>\n\t\t\t<div class='gallery-icon landscape'>\n\t\t\t\t<a href='https:\/\/millerlatam.com\/ES\/wp-content\/uploads\/2017\/12\/miller-pic-inspeccion-de-riesgos-1.jpg'><img loading=\"lazy\" decoding=\"async\" width=\"661\" height=\"488\" src=\"https:\/\/millerlatam.com\/ES\/wp-content\/uploads\/2017\/12\/miller-pic-inspeccion-de-riesgos-1.jpg\" class=\"attachment-large size-large\" alt=\"Servicios - Inspecci\u00f3n de Riesgos\" srcset=\"https:\/\/millerlatam.com\/ES\/wp-content\/uploads\/2017\/12\/miller-pic-inspeccion-de-riesgos-1.jpg 661w, https:\/\/millerlatam.com\/ES\/wp-content\/uploads\/2017\/12\/miller-pic-inspeccion-de-riesgos-1-300x221.jpg 300w, https:\/\/millerlatam.com\/ES\/wp-content\/uploads\/2017\/12\/miller-pic-inspeccion-de-riesgos-1-400x295.jpg 400w, https:\/\/millerlatam.com\/ES\/wp-content\/uploads\/2017\/12\/miller-pic-inspeccion-de-riesgos-1-430x317.jpg 430w, https:\/\/millerlatam.com\/ES\/wp-content\/uploads\/2017\/12\/miller-pic-inspeccion-de-riesgos-1-150x111.jpg 150w, https:\/\/millerlatam.com\/ES\/wp-content\/uploads\/2017\/12\/miller-pic-inspeccion-de-riesgos-1-100x74.jpg 100w\" sizes=\"auto, (max-width: 661px) 100vw, 661px\" \/><\/a>\n\t\t\t<\/div><\/figure><figure class='gallery-item'>\n\t\t\t<div class='gallery-icon landscape'>\n\t\t\t\t<a href='https:\/\/millerlatam.com\/ES\/wp-content\/uploads\/2017\/12\/miller-pic-inspeccion-de-riesgos-2.jpg'><img loading=\"lazy\" decoding=\"async\" width=\"661\" height=\"488\" src=\"https:\/\/millerlatam.com\/ES\/wp-content\/uploads\/2017\/12\/miller-pic-inspeccion-de-riesgos-2.jpg\" class=\"attachment-large size-large\" alt=\"Servicios - Inspecci\u00f3n de Riesgos\" srcset=\"https:\/\/millerlatam.com\/ES\/wp-content\/uploads\/2017\/12\/miller-pic-inspeccion-de-riesgos-2.jpg 661w, https:\/\/millerlatam.com\/ES\/wp-content\/uploads\/2017\/12\/miller-pic-inspeccion-de-riesgos-2-300x221.jpg 300w, https:\/\/millerlatam.com\/ES\/wp-content\/uploads\/2017\/12\/miller-pic-inspeccion-de-riesgos-2-400x295.jpg 400w, https:\/\/millerlatam.com\/ES\/wp-content\/uploads\/2017\/12\/miller-pic-inspeccion-de-riesgos-2-430x317.jpg 430w, https:\/\/millerlatam.com\/ES\/wp-content\/uploads\/2017\/12\/miller-pic-inspeccion-de-riesgos-2-150x111.jpg 150w, https:\/\/millerlatam.com\/ES\/wp-content\/uploads\/2017\/12\/miller-pic-inspeccion-de-riesgos-2-100x74.jpg 100w\" sizes=\"auto, (max-width: 661px) 100vw, 661px\" \/><\/a>\n\t\t\t<\/div><\/figure><figure class='gallery-item'>\n\t\t\t<div class='gallery-icon landscape'>\n\t\t\t\t<a href='https:\/\/millerlatam.com\/ES\/wp-content\/uploads\/2017\/12\/miller-pic-inspeccion-de-riesgos-3.jpg'><img loading=\"lazy\" decoding=\"async\" width=\"661\" height=\"488\" src=\"https:\/\/millerlatam.com\/ES\/wp-content\/uploads\/2017\/12\/miller-pic-inspeccion-de-riesgos-3.jpg\" class=\"attachment-large size-large\" alt=\"Servicios - Inspecci\u00f3n de Riesgos\" srcset=\"https:\/\/millerlatam.com\/ES\/wp-content\/uploads\/2017\/12\/miller-pic-inspeccion-de-riesgos-3.jpg 661w, https:\/\/millerlatam.com\/ES\/wp-content\/uploads\/2017\/12\/miller-pic-inspeccion-de-riesgos-3-300x221.jpg 300w, https:\/\/millerlatam.com\/ES\/wp-content\/uploads\/2017\/12\/miller-pic-inspeccion-de-riesgos-3-400x295.jpg 400w, https:\/\/millerlatam.com\/ES\/wp-content\/uploads\/2017\/12\/miller-pic-inspeccion-de-riesgos-3-430x317.jpg 430w, https:\/\/millerlatam.com\/ES\/wp-content\/uploads\/2017\/12\/miller-pic-inspeccion-de-riesgos-3-150x111.jpg 150w, https:\/\/millerlatam.com\/ES\/wp-content\/uploads\/2017\/12\/miller-pic-inspeccion-de-riesgos-3-100x74.jpg 100w\" sizes=\"auto, (max-width: 661px) 100vw, 661px\" \/><\/a>\n\t\t\t<\/div><\/figure>\n\t\t<\/div>\n\n<\/div>\n<\/div><\/div><\/div><\/div><\/div><\/div>","protected":false},"excerpt":{"rendered":"<p>Miller ofrece servicios de inspecci\u00f3n de riesgos, incluyendo programas de monitoreo de riesgos. En el presente caso, se ejecutaron inspecciones en minas de cobre localizadas en paisaje des\u00e9rtico, cerca de [&hellip;]<\/p>\n","protected":false},"author":1,"featured_media":0,"parent":12,"menu_order":0,"comment_status":"closed","ping_status":"closed","template":"page_fullwidth.php","meta":{"footnotes":""},"class_list":["post-750","page","type-page","status-publish","hentry"],"_links":{"self":[{"href":"https:\/\/millerlatam.com\/ES\/wp-json\/wp\/v2\/pages\/750","targetHints":{"allow":["GET"]}}],"collection":[{"href":"https:\/\/millerlatam.com\/ES\/wp-json\/wp\/v2\/pages"}],"about":[{"href":"https:\/\/millerlatam.com\/ES\/wp-json\/wp\/v2\/types\/page"}],"author":[{"embeddable":true,"href":"https:\/\/millerlatam.com\/ES\/wp-json\/wp\/v2\/users\/1"}],"replies":[{"embeddable":true,"href":"https:\/\/millerlatam.com\/ES\/wp-json\/wp\/v2\/comments?post=750"}],"version-history":[{"count":5,"href":"https:\/\/millerlatam.com\/ES\/wp-json\/wp\/v2\/pages\/750\/revisions"}],"predecessor-version":[{"id":1101,"href":"https:\/\/millerlatam.com\/ES\/wp-json\/wp\/v2\/pages\/750\/revisions\/1101"}],"up":[{"embeddable":true,"href":"https:\/\/millerlatam.com\/ES\/wp-json\/wp\/v2\/pages\/12"}],"wp:attachment":[{"href":"https:\/\/millerlatam.com\/ES\/wp-json\/wp\/v2\/media?parent=750"}],"curies":[{"name":"wp","href":"https:\/\/api.w.org\/{rel}","templated":true}]}}