{"id":516,"date":"2017-07-11T18:22:40","date_gmt":"2017-07-11T18:22:40","guid":{"rendered":"http:\/\/aladedragon.com\/proyectos\/miller\/ES\/?page_id=516"},"modified":"2018-02-16T16:55:25","modified_gmt":"2018-02-16T16:55:25","slug":"casco-y-maquinaria-maritima","status":"publish","type":"page","link":"https:\/\/millerlatam.com\/ES\/servicios\/casco-y-maquinaria-maritima\/","title":{"rendered":"Casco y Maquinaria Mar\u00edtima"},"content":{"rendered":"<div id=\"pl-516\"  class=\"panel-layout\" ><div id=\"pg-516-0\"  class=\"panel-grid panel-no-style\" ><div id=\"pgc-516-0-0\"  class=\"panel-grid-cell\" ><div class=\"row-without-padding panel-cell-style panel-cell-style-for-516-0-0\" ><div id=\"panel-516-0-0-0\" class=\"so-panel widget widget_sow-editor panel-first-child panel-last-child\" data-index=\"0\" ><div\n\t\t\t\n\t\t\tclass=\"so-widget-sow-editor so-widget-sow-editor-base\"\n\t\t\t\n\t\t>\n<div class=\"siteorigin-widget-tinymce textwidget\">\n\t<p>Un remolcador de 100 pies de eslora y 485 Toneladas, encall\u00f3 en un bajo marino en el Mar Caribe ubicado a varias millas de la costa, y por ese motivo, sus dos unidades impulsoras (babor y estribor) fueron da\u00f1adas por el fuerte impacto contra el fondo coralino o rocoso. Para el momento del evento, el buque se encontraba en servicio y daba apoyo a maniobras de atraque de buques de gran calado.<\/p>\n<p>En el dique seco, nuestros inspectores mar\u00edtimos apreciaron que el mayor da\u00f1o por el siniestro era el desplazamiento descendente de m\u00e1s de 50 cm, del rotor de babor por rotura de los tornillos de sujeci\u00f3n, y da\u00f1os menores en la tobera de la propela. Tambi\u00e9n apreciamos que los da\u00f1os al casco eran menores (escoriaciones de pintura muy focalizada, ninguna perforaci\u00f3n o abolladura), y que incluso vegetaci\u00f3n marina estaba presente, lo cual no es relacionado al siniestro. Aunque el armador orden\u00f3 el balanceo y rectificaci\u00f3n de los \u00e1labes de las dos unidades azimutales, esos trabajos correspond\u00edan a mantenimiento regular ya que no estaban asociados al siniestro reportado. Tampoco fueron reconocidos trabajos al casco realizados por efecto de corrosi\u00f3n, y la pintura de mantenimiento.<\/p>\n<p>\u00a0<\/p>\n<p><a href=\"https:\/\/millerlatam.com\/ES\/servicios\/\">Regresar a Servicios<\/a><\/p>\n<\/div>\n<\/div><\/div><\/div><\/div><div id=\"pgc-516-0-1\"  class=\"panel-grid-cell\" ><div class=\"row-without-padding panel-cell-style panel-cell-style-for-516-0-1\" ><div id=\"panel-516-0-1-0\" class=\"so-panel widget widget_sow-editor panel-first-child panel-last-child\" data-index=\"1\" ><div\n\t\t\t\n\t\t\tclass=\"so-widget-sow-editor so-widget-sow-editor-base\"\n\t\t\t\n\t\t>\n<div class=\"siteorigin-widget-tinymce textwidget\">\n\t<div id='gallery-1' class='gallery galleryid-516 gallery-columns-2 gallery-size-large'><figure class='gallery-item'>\n\t\t\t<div class='gallery-icon landscape'>\n\t\t\t\t<a href='https:\/\/millerlatam.com\/ES\/wp-content\/uploads\/2017\/12\/miller-pic-servicios-casco-y-maquinaria-maritima-1.jpg'><img loading=\"lazy\" decoding=\"async\" width=\"661\" height=\"488\" src=\"https:\/\/millerlatam.com\/ES\/wp-content\/uploads\/2017\/12\/miller-pic-servicios-casco-y-maquinaria-maritima-1.jpg\" class=\"attachment-large size-large\" alt=\"Servicios - Casco y Maquinaria Mar\u00edtima\" srcset=\"https:\/\/millerlatam.com\/ES\/wp-content\/uploads\/2017\/12\/miller-pic-servicios-casco-y-maquinaria-maritima-1.jpg 661w, https:\/\/millerlatam.com\/ES\/wp-content\/uploads\/2017\/12\/miller-pic-servicios-casco-y-maquinaria-maritima-1-300x221.jpg 300w, https:\/\/millerlatam.com\/ES\/wp-content\/uploads\/2017\/12\/miller-pic-servicios-casco-y-maquinaria-maritima-1-400x295.jpg 400w, https:\/\/millerlatam.com\/ES\/wp-content\/uploads\/2017\/12\/miller-pic-servicios-casco-y-maquinaria-maritima-1-430x317.jpg 430w, https:\/\/millerlatam.com\/ES\/wp-content\/uploads\/2017\/12\/miller-pic-servicios-casco-y-maquinaria-maritima-1-150x111.jpg 150w, https:\/\/millerlatam.com\/ES\/wp-content\/uploads\/2017\/12\/miller-pic-servicios-casco-y-maquinaria-maritima-1-100x74.jpg 100w\" sizes=\"auto, (max-width: 661px) 100vw, 661px\" \/><\/a>\n\t\t\t<\/div><\/figure><figure class='gallery-item'>\n\t\t\t<div class='gallery-icon landscape'>\n\t\t\t\t<a href='https:\/\/millerlatam.com\/ES\/wp-content\/uploads\/2017\/12\/miller-pic-servicios-casco-y-maquinaria-maritima-2.jpg'><img loading=\"lazy\" decoding=\"async\" width=\"661\" height=\"488\" src=\"https:\/\/millerlatam.com\/ES\/wp-content\/uploads\/2017\/12\/miller-pic-servicios-casco-y-maquinaria-maritima-2.jpg\" class=\"attachment-large size-large\" alt=\"Servicios - Casco y Maquinaria Mar\u00edtima\" srcset=\"https:\/\/millerlatam.com\/ES\/wp-content\/uploads\/2017\/12\/miller-pic-servicios-casco-y-maquinaria-maritima-2.jpg 661w, https:\/\/millerlatam.com\/ES\/wp-content\/uploads\/2017\/12\/miller-pic-servicios-casco-y-maquinaria-maritima-2-300x221.jpg 300w, https:\/\/millerlatam.com\/ES\/wp-content\/uploads\/2017\/12\/miller-pic-servicios-casco-y-maquinaria-maritima-2-400x295.jpg 400w, https:\/\/millerlatam.com\/ES\/wp-content\/uploads\/2017\/12\/miller-pic-servicios-casco-y-maquinaria-maritima-2-430x317.jpg 430w, https:\/\/millerlatam.com\/ES\/wp-content\/uploads\/2017\/12\/miller-pic-servicios-casco-y-maquinaria-maritima-2-150x111.jpg 150w, https:\/\/millerlatam.com\/ES\/wp-content\/uploads\/2017\/12\/miller-pic-servicios-casco-y-maquinaria-maritima-2-100x74.jpg 100w\" sizes=\"auto, (max-width: 661px) 100vw, 661px\" \/><\/a>\n\t\t\t<\/div><\/figure><figure class='gallery-item'>\n\t\t\t<div class='gallery-icon landscape'>\n\t\t\t\t<a href='https:\/\/millerlatam.com\/ES\/wp-content\/uploads\/2017\/12\/miller-pic-servicios-casco-y-maquinaria-maritima-3.jpg'><img loading=\"lazy\" decoding=\"async\" width=\"661\" height=\"488\" src=\"https:\/\/millerlatam.com\/ES\/wp-content\/uploads\/2017\/12\/miller-pic-servicios-casco-y-maquinaria-maritima-3.jpg\" class=\"attachment-large size-large\" alt=\"Servicios - Casco y Maquinaria Mar\u00edtima\" srcset=\"https:\/\/millerlatam.com\/ES\/wp-content\/uploads\/2017\/12\/miller-pic-servicios-casco-y-maquinaria-maritima-3.jpg 661w, https:\/\/millerlatam.com\/ES\/wp-content\/uploads\/2017\/12\/miller-pic-servicios-casco-y-maquinaria-maritima-3-300x221.jpg 300w, https:\/\/millerlatam.com\/ES\/wp-content\/uploads\/2017\/12\/miller-pic-servicios-casco-y-maquinaria-maritima-3-400x295.jpg 400w, https:\/\/millerlatam.com\/ES\/wp-content\/uploads\/2017\/12\/miller-pic-servicios-casco-y-maquinaria-maritima-3-430x317.jpg 430w, https:\/\/millerlatam.com\/ES\/wp-content\/uploads\/2017\/12\/miller-pic-servicios-casco-y-maquinaria-maritima-3-150x111.jpg 150w, https:\/\/millerlatam.com\/ES\/wp-content\/uploads\/2017\/12\/miller-pic-servicios-casco-y-maquinaria-maritima-3-100x74.jpg 100w\" sizes=\"auto, (max-width: 661px) 100vw, 661px\" \/><\/a>\n\t\t\t<\/div><\/figure><figure class='gallery-item'>\n\t\t\t<div class='gallery-icon landscape'>\n\t\t\t\t<a href='https:\/\/millerlatam.com\/ES\/wp-content\/uploads\/2017\/12\/miller-pic-servicios-casco-y-maquinaria-maritima-4.jpg'><img loading=\"lazy\" decoding=\"async\" width=\"661\" height=\"488\" src=\"https:\/\/millerlatam.com\/ES\/wp-content\/uploads\/2017\/12\/miller-pic-servicios-casco-y-maquinaria-maritima-4.jpg\" class=\"attachment-large size-large\" alt=\"Servicios - Casco y Maquinaria Mar\u00edtima\" srcset=\"https:\/\/millerlatam.com\/ES\/wp-content\/uploads\/2017\/12\/miller-pic-servicios-casco-y-maquinaria-maritima-4.jpg 661w, https:\/\/millerlatam.com\/ES\/wp-content\/uploads\/2017\/12\/miller-pic-servicios-casco-y-maquinaria-maritima-4-300x221.jpg 300w, https:\/\/millerlatam.com\/ES\/wp-content\/uploads\/2017\/12\/miller-pic-servicios-casco-y-maquinaria-maritima-4-400x295.jpg 400w, https:\/\/millerlatam.com\/ES\/wp-content\/uploads\/2017\/12\/miller-pic-servicios-casco-y-maquinaria-maritima-4-430x317.jpg 430w, https:\/\/millerlatam.com\/ES\/wp-content\/uploads\/2017\/12\/miller-pic-servicios-casco-y-maquinaria-maritima-4-150x111.jpg 150w, https:\/\/millerlatam.com\/ES\/wp-content\/uploads\/2017\/12\/miller-pic-servicios-casco-y-maquinaria-maritima-4-100x74.jpg 100w\" sizes=\"auto, (max-width: 661px) 100vw, 661px\" \/><\/a>\n\t\t\t<\/div><\/figure>\n\t\t<\/div>\n\n<\/div>\n<\/div><\/div><\/div><\/div><\/div><\/div>","protected":false},"excerpt":{"rendered":"<p>Un remolcador de 100 pies de eslora y 485 Toneladas, encall\u00f3 en un bajo marino en el Mar Caribe ubicado a varias millas de la costa, y por ese motivo, [&hellip;]<\/p>\n","protected":false},"author":1,"featured_media":517,"parent":12,"menu_order":0,"comment_status":"closed","ping_status":"closed","template":"page_fullwidth.php","meta":{"footnotes":""},"class_list":["post-516","page","type-page","status-publish","has-post-thumbnail","hentry"],"_links":{"self":[{"href":"https:\/\/millerlatam.com\/ES\/wp-json\/wp\/v2\/pages\/516","targetHints":{"allow":["GET"]}}],"collection":[{"href":"https:\/\/millerlatam.com\/ES\/wp-json\/wp\/v2\/pages"}],"about":[{"href":"https:\/\/millerlatam.com\/ES\/wp-json\/wp\/v2\/types\/page"}],"author":[{"embeddable":true,"href":"https:\/\/millerlatam.com\/ES\/wp-json\/wp\/v2\/users\/1"}],"replies":[{"embeddable":true,"href":"https:\/\/millerlatam.com\/ES\/wp-json\/wp\/v2\/comments?post=516"}],"version-history":[{"count":12,"href":"https:\/\/millerlatam.com\/ES\/wp-json\/wp\/v2\/pages\/516\/revisions"}],"predecessor-version":[{"id":1095,"href":"https:\/\/millerlatam.com\/ES\/wp-json\/wp\/v2\/pages\/516\/revisions\/1095"}],"up":[{"embeddable":true,"href":"https:\/\/millerlatam.com\/ES\/wp-json\/wp\/v2\/pages\/12"}],"wp:featuredmedia":[{"embeddable":true,"href":"https:\/\/millerlatam.com\/ES\/wp-json\/wp\/v2\/media\/517"}],"wp:attachment":[{"href":"https:\/\/millerlatam.com\/ES\/wp-json\/wp\/v2\/media?parent=516"}],"curies":[{"name":"wp","href":"https:\/\/api.w.org\/{rel}","templated":true}]}}