{"id":454,"date":"2017-05-10T22:24:54","date_gmt":"2017-05-10T22:24:54","guid":{"rendered":"http:\/\/aladedragon.com\/proyectos\/miller\/ES\/?page_id=454"},"modified":"2020-01-07T19:42:06","modified_gmt":"2020-01-07T19:42:06","slug":"ing-hugo-pernia-m-sc","status":"publish","type":"page","link":"https:\/\/millerlatam.com\/ES\/cv\/ing-hugo-pernia-m-sc\/","title":{"rendered":"Ing. Hugo Pern\u00eda, M.Sc."},"content":{"rendered":"<div id=\"pl-454\"  class=\"panel-layout\" ><div id=\"pg-454-0\"  class=\"panel-grid panel-no-style\" ><div id=\"pgc-454-0-0\"  class=\"panel-grid-cell\" ><div class=\"row-without-padding panel-cell-style panel-cell-style-for-454-0-0\" ><div id=\"panel-454-0-0-0\" class=\"so-panel widget widget_sow-image panel-first-child panel-last-child\" data-index=\"0\" ><div\n\t\t\t\n\t\t\tclass=\"so-widget-sow-image so-widget-sow-image-default-4e6925654b7a-454\"\n\t\t\t\n\t\t>\n<div class=\"sow-image-container\">\n\t\t<img \n\tsrc=\"https:\/\/millerlatam.com\/ES\/wp-content\/uploads\/2017\/05\/foto-hugo-pernia.jpg\" width=\"300\" height=\"300\" srcset=\"https:\/\/millerlatam.com\/ES\/wp-content\/uploads\/2017\/05\/foto-hugo-pernia.jpg 300w, https:\/\/millerlatam.com\/ES\/wp-content\/uploads\/2017\/05\/foto-hugo-pernia-150x150.jpg 150w, https:\/\/millerlatam.com\/ES\/wp-content\/uploads\/2017\/05\/foto-hugo-pernia-100x100.jpg 100w\" sizes=\"(max-width: 300px) 100vw, 300px\" alt=\"Hugo Pern\u00eda\" \t\tclass=\"so-widget-image\"\/>\n\t<\/div>\n\n<\/div><\/div><\/div><\/div><div id=\"pgc-454-0-1\"  class=\"panel-grid-cell\" ><div class=\"row-without-padding panel-cell-style panel-cell-style-for-454-0-1\" ><div id=\"panel-454-0-1-0\" class=\"so-panel widget widget_sow-editor panel-first-child panel-last-child\" data-index=\"1\" ><div\n\t\t\t\n\t\t\tclass=\"so-widget-sow-editor so-widget-sow-editor-base\"\n\t\t\t\n\t\t>\n<div class=\"siteorigin-widget-tinymce textwidget\">\n\t<h2>Ajustador de P\u00e9rdidas<\/h2>\n<p>El Sr. Pern\u00eda es un ingeniero industrial \u2013 nacido en Venezuela (1969) \u2013 con una amplia experiencia profesional en diferentes industrias (cerveza, acero, pl\u00e1sticos, telecomunicaciones). Estudi\u00f3 una Maestr\u00eda en Producci\u00f3n en la Universidad T\u00e9cnica de Hamburgo (Technische Universit\u00e4t Hamburg - Harburg). Hugo se uni\u00f3 a esta firma en el a\u00f1o 2008 y est\u00e1 fuertemente dedicado a la atenci\u00f3n de siniestros de Petr\u00f3leo y Gas, Energ\u00eda, Casco y Maquinaria (Mar\u00edtimos). Habla fluidamente los idiomas espa\u00f1ol, ingl\u00e9s y alem\u00e1n.<\/p>\n<\/div>\n<\/div><\/div><\/div><\/div><\/div><div id=\"pg-454-1\"  class=\"panel-grid panel-no-style\" ><div id=\"pgc-454-1-0\"  class=\"panel-grid-cell\" ><div id=\"panel-454-1-0-0\" class=\"so-panel widget widget_sow-editor panel-first-child panel-last-child\" data-index=\"2\" ><div\n\t\t\t\n\t\t\tclass=\"so-widget-sow-editor so-widget-sow-editor-base\"\n\t\t\t\n\t\t><h3 class=\"widget-title\">Tambi\u00e9n en las Oficinas de Venezuela<\/h3>\n<div class=\"siteorigin-widget-tinymce textwidget\">\n\t<div class=\"BaseFiveCol\">\n<div class=\"FiveCol\">\n<div class=\"GeneralMod\"><a href=\"https:\/\/millerlatam.com\/ES\/cv\/ing-luis-parada\/\"><img loading=\"lazy\" decoding=\"async\" class=\"alignnone wp-image-438 size-full\" src=\"https:\/\/millerlatam.com\/ES\/wp-content\/uploads\/2017\/05\/foto-luis-parada.jpg\" alt=\"Luis Parada\" width=\"300\" height=\"300\" srcset=\"https:\/\/millerlatam.com\/ES\/wp-content\/uploads\/2017\/05\/foto-luis-parada.jpg 300w, https:\/\/millerlatam.com\/ES\/wp-content\/uploads\/2017\/05\/foto-luis-parada-150x150.jpg 150w, https:\/\/millerlatam.com\/ES\/wp-content\/uploads\/2017\/05\/foto-luis-parada-100x100.jpg 100w\" sizes=\"auto, (max-width: 300px) 100vw, 300px\" \/><\/a><br \/>\n<a href=\"https:\/\/millerlatam.com\/ES\/cv\/ing-luis-parada\/\"><strong>Ing. Luis Parada<\/strong><\/a><\/div>\n<\/div>\n<\/div>\n<\/div>\n<\/div><\/div><\/div><\/div><\/div>","protected":false},"excerpt":{"rendered":"<p>Ajustador de P\u00e9rdidas El Sr. Pern\u00eda es un ingeniero industrial \u2013 nacido en Venezuela (1969) \u2013 con una amplia experiencia profesional en diferentes industrias (cerveza, acero, pl\u00e1sticos, telecomunicaciones). Estudi\u00f3 una [&hellip;]<\/p>\n","protected":false},"author":1,"featured_media":0,"parent":430,"menu_order":0,"comment_status":"closed","ping_status":"closed","template":"page_fullwidth.php","meta":{"footnotes":""},"class_list":["post-454","page","type-page","status-publish","hentry"],"_links":{"self":[{"href":"https:\/\/millerlatam.com\/ES\/wp-json\/wp\/v2\/pages\/454","targetHints":{"allow":["GET"]}}],"collection":[{"href":"https:\/\/millerlatam.com\/ES\/wp-json\/wp\/v2\/pages"}],"about":[{"href":"https:\/\/millerlatam.com\/ES\/wp-json\/wp\/v2\/types\/page"}],"author":[{"embeddable":true,"href":"https:\/\/millerlatam.com\/ES\/wp-json\/wp\/v2\/users\/1"}],"replies":[{"embeddable":true,"href":"https:\/\/millerlatam.com\/ES\/wp-json\/wp\/v2\/comments?post=454"}],"version-history":[{"count":11,"href":"https:\/\/millerlatam.com\/ES\/wp-json\/wp\/v2\/pages\/454\/revisions"}],"predecessor-version":[{"id":1366,"href":"https:\/\/millerlatam.com\/ES\/wp-json\/wp\/v2\/pages\/454\/revisions\/1366"}],"up":[{"embeddable":true,"href":"https:\/\/millerlatam.com\/ES\/wp-json\/wp\/v2\/pages\/430"}],"wp:attachment":[{"href":"https:\/\/millerlatam.com\/ES\/wp-json\/wp\/v2\/media?parent=454"}],"curies":[{"name":"wp","href":"https:\/\/api.w.org\/{rel}","templated":true}]}}