{"id":439,"date":"2017-05-10T22:20:33","date_gmt":"2017-05-10T22:20:33","guid":{"rendered":"http:\/\/aladedragon.com\/proyectos\/miller\/ES\/?page_id=439"},"modified":"2020-01-07T19:41:35","modified_gmt":"2020-01-07T19:41:35","slug":"ing-luis-parada","status":"publish","type":"page","link":"https:\/\/millerlatam.com\/ES\/cv\/ing-luis-parada\/","title":{"rendered":"Ing. Luis Parada"},"content":{"rendered":"<div id=\"pl-439\"  class=\"panel-layout\" ><div id=\"pg-439-0\"  class=\"panel-grid panel-no-style\" ><div id=\"pgc-439-0-0\"  class=\"panel-grid-cell\" ><div class=\"row-without-padding panel-cell-style panel-cell-style-for-439-0-0\" ><div id=\"panel-439-0-0-0\" class=\"so-panel widget widget_sow-image panel-first-child panel-last-child\" data-index=\"0\" ><div\n\t\t\t\n\t\t\tclass=\"so-widget-sow-image so-widget-sow-image-default-4e6925654b7a-439\"\n\t\t\t\n\t\t>\n<div class=\"sow-image-container\">\n\t\t<img \n\tsrc=\"https:\/\/millerlatam.com\/ES\/wp-content\/uploads\/2017\/05\/foto-luis-parada.jpg\" width=\"300\" height=\"300\" srcset=\"https:\/\/millerlatam.com\/ES\/wp-content\/uploads\/2017\/05\/foto-luis-parada.jpg 300w, https:\/\/millerlatam.com\/ES\/wp-content\/uploads\/2017\/05\/foto-luis-parada-150x150.jpg 150w, https:\/\/millerlatam.com\/ES\/wp-content\/uploads\/2017\/05\/foto-luis-parada-100x100.jpg 100w\" sizes=\"(max-width: 300px) 100vw, 300px\" alt=\"Luis Parada\" \t\tclass=\"so-widget-image\"\/>\n\t<\/div>\n\n<\/div><\/div><\/div><\/div><div id=\"pgc-439-0-1\"  class=\"panel-grid-cell\" ><div class=\"row-without-padding panel-cell-style panel-cell-style-for-439-0-1\" ><div id=\"panel-439-0-1-0\" class=\"so-panel widget widget_sow-editor panel-first-child panel-last-child\" data-index=\"1\" ><div\n\t\t\t\n\t\t\tclass=\"so-widget-sow-editor so-widget-sow-editor-base\"\n\t\t\t\n\t\t>\n<div class=\"siteorigin-widget-tinymce textwidget\">\n\t<h2>Director Sudam\u00e9rica<\/h2>\n<p>El Sr. Parada es un ingeniero industrial \u2013 nacido en Chile (1957) \u2013 con muchos a\u00f1os de experiencia en campo en grandes industrias, desde tejidos hasta producci\u00f3n de acero fundido. En 1989 se uni\u00f3 al sector asegurador como Ajustador de P\u00e9rdidas, y desde entonces se ha especializado en Inspecciones de Riesgos, protecci\u00f3n contra incendios y en siniestros con interrupci\u00f3n de negocio. Luis es completamente fluente en ingl\u00e9s, portugu\u00e9s y espa\u00f1ol. Desde nuestra oficina en Caracas, el lidera los servicios para nuestros clientes en el mercado de Sudam\u00e9rica.<\/p>\n<\/div>\n<\/div><\/div><\/div><\/div><\/div><div id=\"pg-439-1\"  class=\"panel-grid panel-no-style\" ><div id=\"pgc-439-1-0\"  class=\"panel-grid-cell\" ><div id=\"panel-439-1-0-0\" class=\"so-panel widget widget_sow-editor panel-first-child panel-last-child\" data-index=\"2\" ><div\n\t\t\t\n\t\t\tclass=\"so-widget-sow-editor so-widget-sow-editor-base\"\n\t\t\t\n\t\t><h3 class=\"widget-title\">Tambi\u00e9n en las Oficinas de Venezuela<\/h3>\n<div class=\"siteorigin-widget-tinymce textwidget\">\n\t<div class=\"BaseFiveCol\">\n<div class=\"FiveCol\">\n<div class=\"GeneralMod\"><a href=\"https:\/\/millerlatam.com\/ES\/cv\/ing-hugo-pernia-m-sc\/\"><img loading=\"lazy\" decoding=\"async\" class=\"alignnone wp-image-453 size-full\" src=\"https:\/\/millerlatam.com\/ES\/wp-content\/uploads\/2017\/05\/foto-hugo-pernia.jpg\" alt=\"Hugo Pern\u00eda\" width=\"300\" height=\"300\" srcset=\"https:\/\/millerlatam.com\/ES\/wp-content\/uploads\/2017\/05\/foto-hugo-pernia.jpg 300w, https:\/\/millerlatam.com\/ES\/wp-content\/uploads\/2017\/05\/foto-hugo-pernia-150x150.jpg 150w, https:\/\/millerlatam.com\/ES\/wp-content\/uploads\/2017\/05\/foto-hugo-pernia-100x100.jpg 100w\" sizes=\"auto, (max-width: 300px) 100vw, 300px\" \/><\/a><br \/>\n<a href=\"https:\/\/millerlatam.com\/ES\/cv\/ing-hugo-pernia-m-sc\/\"><strong>Ing. Hugo Pern\u00eda M. Sc.<\/strong><\/a><\/div>\n<\/div>\n<\/div>\n<\/div>\n<\/div><\/div><\/div><\/div><\/div>","protected":false},"excerpt":{"rendered":"<p>Director Sudam\u00e9rica El Sr. Parada es un ingeniero industrial \u2013 nacido en Chile (1957) \u2013 con muchos a\u00f1os de experiencia en campo en grandes industrias, desde tejidos hasta producci\u00f3n de [&hellip;]<\/p>\n","protected":false},"author":1,"featured_media":0,"parent":430,"menu_order":0,"comment_status":"closed","ping_status":"closed","template":"page_fullwidth.php","meta":{"footnotes":""},"class_list":["post-439","page","type-page","status-publish","hentry"],"_links":{"self":[{"href":"https:\/\/millerlatam.com\/ES\/wp-json\/wp\/v2\/pages\/439","targetHints":{"allow":["GET"]}}],"collection":[{"href":"https:\/\/millerlatam.com\/ES\/wp-json\/wp\/v2\/pages"}],"about":[{"href":"https:\/\/millerlatam.com\/ES\/wp-json\/wp\/v2\/types\/page"}],"author":[{"embeddable":true,"href":"https:\/\/millerlatam.com\/ES\/wp-json\/wp\/v2\/users\/1"}],"replies":[{"embeddable":true,"href":"https:\/\/millerlatam.com\/ES\/wp-json\/wp\/v2\/comments?post=439"}],"version-history":[{"count":7,"href":"https:\/\/millerlatam.com\/ES\/wp-json\/wp\/v2\/pages\/439\/revisions"}],"predecessor-version":[{"id":1364,"href":"https:\/\/millerlatam.com\/ES\/wp-json\/wp\/v2\/pages\/439\/revisions\/1364"}],"up":[{"embeddable":true,"href":"https:\/\/millerlatam.com\/ES\/wp-json\/wp\/v2\/pages\/430"}],"wp:attachment":[{"href":"https:\/\/millerlatam.com\/ES\/wp-json\/wp\/v2\/media?parent=439"}],"curies":[{"name":"wp","href":"https:\/\/api.w.org\/{rel}","templated":true}]}}