{"id":39,"date":"2016-10-26T15:57:21","date_gmt":"2016-10-26T15:57:21","guid":{"rendered":"http:\/\/aladedragon.com\/proyectos\/miller\/ES\/?page_id=39"},"modified":"2022-09-15T01:38:27","modified_gmt":"2022-09-15T01:38:27","slug":"home","status":"publish","type":"page","link":"https:\/\/millerlatam.com\/ES\/","title":{"rendered":"Inicio"},"content":{"rendered":"<div id=\"pl-39\"  class=\"panel-layout\" ><div id=\"pg-39-0\"  class=\"panel-grid panel-no-style\" ><div id=\"pgc-39-0-0\"  class=\"panel-grid-cell\" ><div id=\"panel-39-0-0-0\" class=\"so-panel widget widget_sow-editor panel-first-child\" data-index=\"0\" ><div\n\t\t\t\n\t\t\tclass=\"so-widget-sow-editor so-widget-sow-editor-base\"\n\t\t\t\n\t\t><h3 class=\"widget-title\">Nuestro prop\u00f3sito<\/h3>\n<div class=\"siteorigin-widget-tinymce textwidget\">\n\t<p><img loading=\"lazy\" decoding=\"async\" src=\"https:\/\/millerlatam.com\/ES\/wp-content\/uploads\/2018\/02\/pic-ppal-miller-international.jpg\" alt=\"Miller International\" width=\"691\" height=\"742\" class=\"alignnone size-full wp-image-1148\" srcset=\"https:\/\/millerlatam.com\/ES\/wp-content\/uploads\/2018\/02\/pic-ppal-miller-international.jpg 691w, https:\/\/millerlatam.com\/ES\/wp-content\/uploads\/2018\/02\/pic-ppal-miller-international-279x300.jpg 279w, https:\/\/millerlatam.com\/ES\/wp-content\/uploads\/2018\/02\/pic-ppal-miller-international-400x430.jpg 400w, https:\/\/millerlatam.com\/ES\/wp-content\/uploads\/2018\/02\/pic-ppal-miller-international-430x462.jpg 430w, https:\/\/millerlatam.com\/ES\/wp-content\/uploads\/2018\/02\/pic-ppal-miller-international-150x161.jpg 150w, https:\/\/millerlatam.com\/ES\/wp-content\/uploads\/2018\/02\/pic-ppal-miller-international-100x107.jpg 100w\" sizes=\"auto, (max-width: 691px) 100vw, 691px\" \/><\/p>\n<ul class=\"Txt-Special-Ppal\">\n<li>Relaciones s\u00f3lidas.<\/li>\n<li>Soluciones de siniestros.<\/li>\n<li>Servicio al cliente.<\/li>\n<li>Trabajo en equipo.<\/li>\n<li>Ser proactivo.<\/li>\n<\/ul>\n<\/div>\n<\/div><\/div>\t\t<div id=\"panel-39-0-0-1\" class=\"so-panel widget widget_moesia_recent_posts moesia_recent_posts_widget\" data-index=\"1\" >\t\t<h3 class=\"widget-title\">Noticias<\/h3>\t\t<ul class=\"list-group\">\n\t\t\t\t\t<li class=\"list-group-item\">\n\t\t\t\t<div class=\"recent-post clearfix\">\n\t\t\t\t\t\t\t\t\t\t\t\t\t\t\t\t<div class=\"col-md-12\">\t\t\t\t\t\t\t\t\t\t<h4><a href=\"https:\/\/millerlatam.com\/ES\/convenio-de-cooperacion-para-colombia\/\">Convenio de Cooperaci\u00f3n para Colombia<\/a><\/h4>\n\t\t\t\t\t\t\t\t\t\t\t<\/div>\t\t\t\t\t\t\t\t\t<\/div>\n\t\t\t<\/li>\n\t\t\t\t\t<li class=\"list-group-item\">\n\t\t\t\t<div class=\"recent-post clearfix\">\n\t\t\t\t\t\t\t\t\t\t\t\t\t\t\t\t<div class=\"col-md-12\">\t\t\t\t\t\t\t\t\t\t<h4><a href=\"https:\/\/millerlatam.com\/ES\/miller-international-estuvo-presente-en-la-7a-edicion-del-latin-america-claims-insurance-forum\/\">Miller International estuvo presente en la 7a edici\u00f3n del \u00abLatin America Claims Insurance Forum\u00bb<\/a><\/h4>\n\t\t\t\t\t\t\t\t\t\t\t<\/div>\t\t\t\t\t\t\t\t\t<\/div>\n\t\t\t<\/li>\n\t\t\t\t\t<li class=\"list-group-item\">\n\t\t\t\t<div class=\"recent-post clearfix\">\n\t\t\t\t\t\t\t\t\t\t\t\t\t\t\t\t<div class=\"col-md-12\">\t\t\t\t\t\t\t\t\t\t<h4><a href=\"https:\/\/millerlatam.com\/ES\/congreso-alsum-2022\/\">Congreso ALSUM 2022<\/a><\/h4>\n\t\t\t\t\t\t\t\t\t\t\t<\/div>\t\t\t\t\t\t\t\t\t<\/div>\n\t\t\t<\/li>\n\t\t\t\t<\/ul>\n\t\t<\/div>\t<div id=\"panel-39-0-0-2\" class=\"so-panel widget widget_sow-editor panel-last-child\" data-index=\"2\" ><div\n\t\t\t\n\t\t\tclass=\"so-widget-sow-editor so-widget-sow-editor-base\"\n\t\t\t\n\t\t><h3 class=\"widget-title\">Sobre nosotros<\/h3>\n<div class=\"siteorigin-widget-tinymce textwidget\">\n\t<p>Nuestra organizaci\u00f3n fue constituida en el a\u00f1o 1994 como IRISC Servicios T\u00e9cnicos, y en 1998 evolucionamos a Miller International. Durante estos a\u00f1os hemos ganado la confianza de los Aseguradores, Reaseguradores y Corredores de Seguros, atendiendo Siniestros y Riesgos en todos los pa\u00edses de la Am\u00e9rica Latina.<\/p>\n<p><a class=\"space\" href=\"https:\/\/millerlatam.com\/ES\/sobre-nosotros\/\">ver m\u00e1s<\/a><\/p>\n<\/div>\n<\/div><\/div><\/div><div id=\"pgc-39-0-1\"  class=\"panel-grid-cell\" >\t\t<section id=\"services\" class=\"services-area\">\n\t\t\t<div class=\"container\">\n\t\t\t\t<h3 class=\"widget-title\"><span class=\"wow bounce\">Servicios<\/span><\/h3>\t\t\t\t\t\t\t\t\t\t\t\t\t\t\t\t\t\t\t<div class=\"service col-md-4 col-sm-6 col-xs-6\">\n\t\t\t\t\t\t\t\t\t\t\t\t\t\t\t\t\t\t\t\t<span class=\"service-icon wow zoomInDown\"><i class=\"fa fa-calculator\"><\/i><\/span>\t\t\t\t\t\t\t\t\t\t\t\t<h4 class=\"service-title wow fadeInUp\"><a href=\"https:\/\/millerlatam.com\/ES\/servicios\/lucro-cesante\/\">Lucro Cesante<\/a><\/h4><div class=\"service-desc wow fadeInUp\"><\/div>\t\t\t\t\t<\/div>\n\t\t\t\t\t\t\t\t\t\t\t\t\t\t\t\t\t\t\t<div class=\"service col-md-4 col-sm-6 col-xs-6\">\n\t\t\t\t\t\t\t\t\t\t\t\t\t\t\t\t\t\t\t\t<span class=\"service-icon wow zoomInDown\"><i class=\"fa fa-clipboard\"><\/i><\/span>\t\t\t\t\t\t\t\t\t\t\t\t<h4 class=\"service-title wow fadeInUp\"><a href=\"https:\/\/millerlatam.com\/ES\/servicios\/perdida-de-beneficios-anticipados\/\">P\u00e9rdida de Beneficios Anticipados<\/a><\/h4><div class=\"service-desc wow fadeInUp\"><\/div>\t\t\t\t\t<\/div>\n\t\t\t\t\t\t\t\t\t\t\t\t\t\t\t\t\t\t\t<div class=\"service col-md-4 col-sm-6 col-xs-6\">\n\t\t\t\t\t\t\t\t\t\t\t\t\t\t\t\t\t\t\t\t<span class=\"service-icon wow zoomInDown\"><i class=\"fa fa-exclamation-triangle\"><\/i><\/span>\t\t\t\t\t\t\t\t\t\t\t\t<h4 class=\"service-title wow fadeInUp\"><a href=\"https:\/\/millerlatam.com\/ES\/servicios\/programa-de-evaluacion-de-riesgos\/\">Programa de evaluaci\u00f3n de riesgos<\/a><\/h4><div class=\"service-desc wow fadeInUp\"><\/div>\t\t\t\t\t<\/div>\n\t\t\t\t\t\t\t\t\t\t\t\t\t\t\t\t\t\t\t<div class=\"service col-md-4 col-sm-6 col-xs-6\">\n\t\t\t\t\t\t\t\t\t\t\t\t\t\t\t\t\t\t\t\t<span class=\"service-icon wow zoomInDown\"><i class=\"fa fa-bar-chart\"><\/i><\/span>\t\t\t\t\t\t\t\t\t\t\t\t<h4 class=\"service-title wow fadeInUp\"><a href=\"https:\/\/millerlatam.com\/ES\/servicios\/analisis-estadisticos-de-siniestros\/\">An\u00e1lisis Estad\u00edstico de Siniestros<\/a><\/h4><div class=\"service-desc wow fadeInUp\"><\/div>\t\t\t\t\t<\/div>\n\t\t\t\t\t\t\t\t\t\t\t\t\t\t\t\t\t\t\t<div class=\"service col-md-4 col-sm-6 col-xs-6\">\n\t\t\t\t\t\t\t\t\t\t\t\t\t\t\t\t\t\t\t\t<span class=\"service-icon wow zoomInDown\"><i class=\"fa fa-search\"><\/i><\/span>\t\t\t\t\t\t\t\t\t\t\t\t<h4 class=\"service-title wow fadeInUp\"><a href=\"https:\/\/millerlatam.com\/ES\/servicios\/inspeccion-de-riesgos\/\">Inspecci\u00f3n de Riesgos<\/a><\/h4><div class=\"service-desc wow fadeInUp\"><\/div>\t\t\t\t\t<\/div>\n\t\t\t\t\t\t\t\t\t\t\t\t\t\t\t\t\t\t\t<div class=\"service col-md-4 col-sm-6 col-xs-6\">\n\t\t\t\t\t\t\t\t\t\t\t\t\t\t\t\t\t\t\t\t<span class=\"service-icon wow zoomInDown\"><i class=\"fa fa-diamond\"><\/i><\/span>\t\t\t\t\t\t\t\t\t\t\t\t<h4 class=\"service-title wow fadeInUp\"><a href=\"https:\/\/millerlatam.com\/ES\/servicios\/mineria\/\">Miner\u00eda<\/a><\/h4><div class=\"service-desc wow fadeInUp\"><\/div>\t\t\t\t\t<\/div>\n\t\t\t\t\t\t\t\t\t\t\t\t\t\t\t\t\t\t\t<div class=\"service col-md-4 col-sm-6 col-xs-6\">\n\t\t\t\t\t\t\t\t\t\t\t\t\t\t\t\t\t\t\t\t<span class=\"service-icon wow zoomInDown\"><i class=\"fa fa-university\"><\/i><\/span>\t\t\t\t\t\t\t\t\t\t\t\t<h4 class=\"service-title wow fadeInUp\"><a href=\"https:\/\/millerlatam.com\/ES\/servicios\/construccion-montaje\/\">Construcci\u00f3n \/ Montaje<\/a><\/h4><div class=\"service-desc wow fadeInUp\"><\/div>\t\t\t\t\t<\/div>\n\t\t\t\t\t\t\t\t\t\t\t\t\t\t\t\t\t\t\t<div class=\"service col-md-4 col-sm-6 col-xs-6\">\n\t\t\t\t\t\t\t\t\t\t\t\t\t\t\t\t\t\t\t\t<span class=\"service-icon wow zoomInDown\"><i class=\"fa fa-tint\"><\/i><\/span>\t\t\t\t\t\t\t\t\t\t\t\t<h4 class=\"service-title wow fadeInUp\"><a href=\"https:\/\/millerlatam.com\/ES\/servicios\/petroleo-y-gas\/\">Petr\u00f3leo y Gas<\/a><\/h4><div class=\"service-desc wow fadeInUp\"><\/div>\t\t\t\t\t<\/div>\n\t\t\t\t\t\t\t\t\t\t\t\t\t\t\t\t\t\t\t<div class=\"service col-md-4 col-sm-6 col-xs-6\">\n\t\t\t\t\t\t\t\t\t\t\t\t\t\t\t\t\t\t\t\t<span class=\"service-icon wow zoomInDown\"><i class=\"fa fa-gavel\"><\/i><\/span>\t\t\t\t\t\t\t\t\t\t\t\t<h4 class=\"service-title wow fadeInUp\"><a href=\"https:\/\/millerlatam.com\/ES\/servicios\/responsabilidad-civil\/\">Responsabilidad Civil<\/a><\/h4><div class=\"service-desc wow fadeInUp\"><\/div>\t\t\t\t\t<\/div>\n\t\t\t\t\t\t\t\t\t\t\t\t\t\t\t\t\t\t\t<div class=\"service col-md-4 col-sm-6 col-xs-6\">\n\t\t\t\t\t\t\t\t\t\t\t\t\t\t\t\t\t\t\t\t<span class=\"service-icon wow zoomInDown\"><i class=\"fa fa-cogs\"><\/i><\/span>\t\t\t\t\t\t\t\t\t\t\t\t<h4 class=\"service-title wow fadeInUp\"><a href=\"https:\/\/millerlatam.com\/ES\/servicios\/rotura-de-maquinaria\/\">Rotura de maquinaria<\/a><\/h4><div class=\"service-desc wow fadeInUp\"><\/div>\t\t\t\t\t<\/div>\n\t\t\t\t\t\t\t\t\t\t\t\t\t\t\t\t\t\t\t<div class=\"service col-md-4 col-sm-6 col-xs-6\">\n\t\t\t\t\t\t\t\t\t\t\t\t\t\t\t\t\t\t\t\t<span class=\"service-icon wow zoomInDown\"><i class=\"fa fa-database\"><\/i><\/span>\t\t\t\t\t\t\t\t\t\t\t\t<h4 class=\"service-title wow fadeInUp\"><a href=\"https:\/\/millerlatam.com\/ES\/servicios\/industria-metalurgica\/\">Industria Metal\u00fargica<\/a><\/h4><div class=\"service-desc wow fadeInUp\"><\/div>\t\t\t\t\t<\/div>\n\t\t\t\t\t\t\t\t\t\t\t\t\t\t\t\t\t\t\t<div class=\"service col-md-4 col-sm-6 col-xs-6\">\n\t\t\t\t\t\t\t\t\t\t\t\t\t\t\t\t\t\t\t\t<span class=\"service-icon wow zoomInDown\"><i class=\"fa fa-building\"><\/i><\/span>\t\t\t\t\t\t\t\t\t\t\t\t<h4 class=\"service-title wow fadeInUp\"><a href=\"https:\/\/millerlatam.com\/ES\/servicios\/propiedad\/\">Propiedad<\/a><\/h4><div class=\"service-desc wow fadeInUp\"><\/div>\t\t\t\t\t<\/div>\n\t\t\t\t\t\t\t\t\t\t\t\t\t\t\t\t\t\t\t<div class=\"service col-md-4 col-sm-6 col-xs-6\">\n\t\t\t\t\t\t\t\t\t\t\t\t\t\t\t\t\t\t\t\t<span class=\"service-icon wow zoomInDown\"><i class=\"fa fa-bolt\"><\/i><\/span>\t\t\t\t\t\t\t\t\t\t\t\t<h4 class=\"service-title wow fadeInUp\"><a href=\"https:\/\/millerlatam.com\/ES\/servicios\/energia\/\">Energ\u00eda<\/a><\/h4><div class=\"service-desc wow fadeInUp\"><\/div>\t\t\t\t\t<\/div>\n\t\t\t\t\t\t\t\t\t\t\t\t\t\t\t\t\t\t\t<div class=\"service col-md-4 col-sm-6 col-xs-6\">\n\t\t\t\t\t\t\t\t\t\t\t\t\t\t\t\t\t\t\t\t<span class=\"service-icon wow zoomInDown\"><i class=\"fa fa-fire\"><\/i><\/span>\t\t\t\t\t\t\t\t\t\t\t\t<h4 class=\"service-title wow fadeInUp\"><a href=\"https:\/\/millerlatam.com\/ES\/servicios\/incendio-en-general\/\">Incendio en General<\/a><\/h4><div class=\"service-desc wow fadeInUp\"><\/div>\t\t\t\t\t<\/div>\n\t\t\t\t\t\t\t\t\t\t\t\t\t\t\t\t\t\t\t<div class=\"service col-md-4 col-sm-6 col-xs-6\">\n\t\t\t\t\t\t\t\t\t\t\t\t\t\t\t\t\t\t\t\t<span class=\"service-icon wow zoomInDown\"><i class=\"fa fa-plus\"><\/i><\/span>\t\t\t\t\t\t\t\t\t\t\t\t<h4 class=\"service-title wow fadeInUp\"><a href=\"https:\/\/millerlatam.com\/ES\/servicios\/programa-de-prevencion-de-accidentes\/\">Programa de prevenci\u00f3n de accidentes<\/a><\/h4><div class=\"service-desc wow fadeInUp\"><\/div>\t\t\t\t\t<\/div>\n\t\t\t\t\t\t\t\t\t\t\t\t\t\t\t\t\t\t\t<div class=\"service col-md-4 col-sm-6 col-xs-6\">\n\t\t\t\t\t\t\t\t\t\t\t\t\t\t\t\t\t\t\t\t<span class=\"service-icon wow zoomInDown\"><i class=\"fa fa-truck\"><\/i><\/span>\t\t\t\t\t\t\t\t\t\t\t\t<h4 class=\"service-title wow fadeInUp\"><a href=\"https:\/\/millerlatam.com\/ES\/servicios\/transporte\/\">Transporte<\/a><\/h4><div class=\"service-desc wow fadeInUp\"><\/div>\t\t\t\t\t<\/div>\n\t\t\t\t\t\t\t\t\t\t\t\t\t\t\t\t\t\t\t<div class=\"service col-md-4 col-sm-6 col-xs-6\">\n\t\t\t\t\t\t\t\t\t\t\t\t\t\t\t\t\t\t\t\t<span class=\"service-icon wow zoomInDown\"><i class=\"fa fa-ship\"><\/i><\/span>\t\t\t\t\t\t\t\t\t\t\t\t<h4 class=\"service-title wow fadeInUp\"><a href=\"https:\/\/millerlatam.com\/ES\/servicios\/casco-y-maquinaria-maritima\/\">Casco y Maquinaria Mar\u00edtima<\/a><\/h4><div class=\"service-desc wow fadeInUp\"><\/div>\t\t\t\t\t<\/div>\n\t\t\t\t\t\t\t\t\t\t\t\t\t\t\t\t\t\t\t<div class=\"service col-md-4 col-sm-6 col-xs-6\">\n\t\t\t\t\t\t\t\t\t\t\t\t\t\t\t\t\t\t\t\t<span class=\"service-icon wow zoomInDown\"><i class=\"fa fa-train\"><\/i><\/span>\t\t\t\t\t\t\t\t\t\t\t\t<h4 class=\"service-title wow fadeInUp\"><a href=\"https:\/\/millerlatam.com\/ES\/servicios\/tuneles-y-trenes\/\">T\u00faneles y Trenes<\/a><\/h4><div class=\"service-desc wow fadeInUp\"><\/div>\t\t\t\t\t<\/div>\n\t\t\t\t\t\t\t<\/div>\n\t\t\t\t\t\t\t\t\t\n\t\t<\/section>\t\t\n\t<div id=\"panel-39-0-1-1\" class=\"widget_text so-panel widget widget_custom_html\" data-index=\"4\" ><div class=\"textwidget custom-html-widget\"><div class=\"ModContacto\">\n\n<div class=\"Texto\">\nPara mayores informaciones sobre nuestros servicios <br>o para asignar un siniestro\n<\/div>\n\n<a class=\"Boton\" href=\"mailto:miller@millerlatam.com\"> <i class=\"fa fa-phone\" aria-hidden=\"true\"><\/i>  <span>|<\/span>  Cont\u00e1ctenos <\/a>\n\n<\/div><\/div><\/div><div id=\"panel-39-0-1-2\" class=\"so-panel widget panel-last-child\" data-index=\"5\" ><\/div><\/div><\/div><\/div>","protected":false},"excerpt":{"rendered":"<p>Nuestro prop\u00f3sito Relaciones s\u00f3lidas. Soluciones de siniestros. Servicio al cliente. Trabajo en equipo. Ser proactivo. Sobre nosotros Nuestra organizaci\u00f3n fue constituida en el a\u00f1o 1994 como IRISC Servicios T\u00e9cnicos, y [&hellip;]<\/p>\n","protected":false},"author":1,"featured_media":0,"parent":0,"menu_order":0,"comment_status":"closed","ping_status":"closed","template":"page_fullwidth.php","meta":{"footnotes":""},"class_list":["post-39","page","type-page","status-publish","hentry"],"_links":{"self":[{"href":"https:\/\/millerlatam.com\/ES\/wp-json\/wp\/v2\/pages\/39","targetHints":{"allow":["GET"]}}],"collection":[{"href":"https:\/\/millerlatam.com\/ES\/wp-json\/wp\/v2\/pages"}],"about":[{"href":"https:\/\/millerlatam.com\/ES\/wp-json\/wp\/v2\/types\/page"}],"author":[{"embeddable":true,"href":"https:\/\/millerlatam.com\/ES\/wp-json\/wp\/v2\/users\/1"}],"replies":[{"embeddable":true,"href":"https:\/\/millerlatam.com\/ES\/wp-json\/wp\/v2\/comments?post=39"}],"version-history":[{"count":64,"href":"https:\/\/millerlatam.com\/ES\/wp-json\/wp\/v2\/pages\/39\/revisions"}],"predecessor-version":[{"id":1475,"href":"https:\/\/millerlatam.com\/ES\/wp-json\/wp\/v2\/pages\/39\/revisions\/1475"}],"wp:attachment":[{"href":"https:\/\/millerlatam.com\/ES\/wp-json\/wp\/v2\/media?parent=39"}],"curies":[{"name":"wp","href":"https:\/\/api.w.org\/{rel}","templated":true}]}}