{"id":363,"date":"2016-12-29T19:11:37","date_gmt":"2016-12-29T19:11:37","guid":{"rendered":"http:\/\/aladedragon.com\/proyectos\/miller\/ES\/?page_id=363"},"modified":"2022-07-22T11:17:48","modified_gmt":"2022-07-22T11:17:48","slug":"venezuela","status":"publish","type":"page","link":"https:\/\/millerlatam.com\/ES\/oficinas-y-asociados\/venezuela\/","title":{"rendered":"Venezuela"},"content":{"rendered":"<div id=\"pl-363\"  class=\"panel-layout\" ><div id=\"pg-363-0\"  class=\"panel-grid panel-no-style\" ><div id=\"pgc-363-0-0\"  class=\"panel-grid-cell\" ><div class=\"row-without-padding panel-cell-style panel-cell-style-for-363-0-0\" ><div id=\"panel-363-0-0-0\" class=\"so-panel widget widget_sow-editor panel-first-child panel-last-child\" data-index=\"0\" ><div\n\t\t\t\n\t\t\tclass=\"so-widget-sow-editor so-widget-sow-editor-base\"\n\t\t\t\n\t\t>\n<div class=\"siteorigin-widget-tinymce textwidget\">\n\t<p>Miller International dispone de oficinas en Caracas, atendiendo no solo a siniestros y riesgos ubicados en Venezuela, sino tambi\u00e9n en los pa\u00edses andinos y las islas del Caribe.<\/p>\n<p>Especial experticia hemos desarrollado en casos complejos relacionados con la industria petroquimica, extracci\u00f3n y procesamiento de Petroleo y Gas (Venezuela), centrales hidroelectricas y termoel\u00e9ctricas (Ecuador), infraestructura civil (Per\u00fa) y plantas de fabricaci\u00f3n de alimentos (Colombia).<\/p>\n<div class=\"row spaceB\">\n<div class=\"col-md-6 Offices\">\n<h3>Miller International<\/h3>\n<p>Multicentro Empresarial del Este,<br \/>\nTorre Miranda, N\u00facleo B, Oficina 91-B.<br \/>\nAvenida Francisco de Miranda, Municipio Chacao.<br \/>\nCaracas, Venezuela.<br \/>\nC\u00f3digo Postal 1060<\/p>\n<p class=\"textcontact\">TEL\u00c9FONOS:<\/p>\n<p>+58 (212) 266 3256<br \/>\n+58 (212) 261 0539<\/p>\n<p class=\"textcontact\">EMAIL:<\/p>\n<p><a href=\"mailto:millerven@millerlatam.com\">millerven@millerlatam.com<\/a><\/p>\n<\/div>\n<div class=\"col-md-6 Yellow\">\n<p><a href=\"https:\/\/millerlatam.com\/ES\/cv\/ing-luis-parada\/\">Ing. Luis Parada R.<\/a><br \/>\nDirector Sud Am\u00e9rica<\/p>\n<p><a href=\"https:\/\/millerlatam.com\/ES\/cv\/ing-hugo-pernia-m-sc\/\">Ing. Hugo Pern\u00eda M. Sc.<\/a><br \/>\nGerente T\u00e9cnico<\/p>\n<\/div>\n<\/div>\n<p><a class=\"fancybox BtnDestacado\" href=\"#contact_form_pop\">Solicitar informaci\u00f3n adicional<\/a><\/p>\n<div class=\"fancybox-hidden\" style=\"display: none;\">\n<div id=\"contact_form_pop\">\n<div class=\"wpcf7 no-js\" id=\"wpcf7-f383-o1\" lang=\"en-US\" dir=\"ltr\">\n<div class=\"screen-reader-response\"><p role=\"status\" aria-live=\"polite\" aria-atomic=\"true\"><\/p> <ul><\/ul><\/div>\n<form action=\"\/ES\/wp-json\/wp\/v2\/pages\/363#wpcf7-f383-o1\" method=\"post\" class=\"wpcf7-form init\" aria-label=\"Contact form\" novalidate=\"novalidate\" data-status=\"init\">\n<div style=\"display: none;\">\n<input type=\"hidden\" name=\"_wpcf7\" value=\"383\" \/>\n<input type=\"hidden\" name=\"_wpcf7_version\" value=\"5.9.3\" \/>\n<input type=\"hidden\" name=\"_wpcf7_locale\" value=\"en_US\" \/>\n<input type=\"hidden\" name=\"_wpcf7_unit_tag\" value=\"wpcf7-f383-o1\" \/>\n<input type=\"hidden\" name=\"_wpcf7_container_post\" value=\"0\" \/>\n<input type=\"hidden\" name=\"_wpcf7_posted_data_hash\" value=\"\" \/>\n<\/div>\n<div class=\"wpcf7-response-output\" aria-hidden=\"true\"><\/div>\n<p> Nombre (requerido)<br \/>\n<span class=\"wpcf7-form-control-wrap\" data-name=\"your-name\"><input size=\"40\" class=\"wpcf7-form-control wpcf7-text wpcf7-validates-as-required\" aria-required=\"true\" aria-invalid=\"false\" value=\"\" type=\"text\" name=\"your-name\" \/><\/span>\n<\/p>\n<p> Correo electr\u00f3nico (requerido)<br \/>\n<span class=\"wpcf7-form-control-wrap\" data-name=\"email\"><input size=\"40\" class=\"wpcf7-form-control wpcf7-email wpcf7-validates-as-required wpcf7-text wpcf7-validates-as-email\" aria-required=\"true\" aria-invalid=\"false\" value=\"\" type=\"email\" name=\"email\" \/><\/span>\n<\/p>\n<p> Tel\u00e9fono<br \/>\n<span class=\"wpcf7-form-control-wrap\" data-name=\"phone\"><input size=\"40\" class=\"wpcf7-form-control wpcf7-tel wpcf7-text wpcf7-validates-as-tel\" aria-invalid=\"false\" value=\"\" type=\"tel\" name=\"phone\" \/><\/span>\n<\/p>\n<p> T\u00edtulo del requerimiento (requerido)<br \/>\n<span class=\"wpcf7-form-control-wrap\" data-name=\"requirement\"><input size=\"40\" class=\"wpcf7-form-control wpcf7-text wpcf7-validates-as-required\" aria-required=\"true\" aria-invalid=\"false\" value=\"\" type=\"text\" name=\"requirement\" \/><\/span>\n<\/p>\n<p> Contenido del requerimiento<br \/>\n<span class=\"wpcf7-form-control-wrap\" data-name=\"content\"><textarea cols=\"40\" rows=\"10\" class=\"wpcf7-form-control wpcf7-textarea wpcf7-validates-as-required\" aria-required=\"true\" aria-invalid=\"false\" name=\"content\"><\/textarea><\/span>\n<\/p>\n<p><input class=\"wpcf7-form-control wpcf7-submit has-spinner\" type=\"submit\" value=\"Enviar\" \/>\n<\/p>\n<\/form>\n<\/div>\n<\/div>\n<\/div>\n<\/div>\n<\/div><\/div><\/div><\/div><\/div><\/div>","protected":false},"excerpt":{"rendered":"<p>Miller International dispone de oficinas en Caracas, atendiendo no solo a siniestros y riesgos ubicados en Venezuela, sino tambi\u00e9n en los pa\u00edses andinos y las islas del Caribe. Especial experticia [&hellip;]<\/p>\n","protected":false},"author":1,"featured_media":0,"parent":19,"menu_order":0,"comment_status":"closed","ping_status":"closed","template":"page_fullwidth.php","meta":{"footnotes":""},"class_list":["post-363","page","type-page","status-publish","hentry"],"_links":{"self":[{"href":"https:\/\/millerlatam.com\/ES\/wp-json\/wp\/v2\/pages\/363","targetHints":{"allow":["GET"]}}],"collection":[{"href":"https:\/\/millerlatam.com\/ES\/wp-json\/wp\/v2\/pages"}],"about":[{"href":"https:\/\/millerlatam.com\/ES\/wp-json\/wp\/v2\/types\/page"}],"author":[{"embeddable":true,"href":"https:\/\/millerlatam.com\/ES\/wp-json\/wp\/v2\/users\/1"}],"replies":[{"embeddable":true,"href":"https:\/\/millerlatam.com\/ES\/wp-json\/wp\/v2\/comments?post=363"}],"version-history":[{"count":32,"href":"https:\/\/millerlatam.com\/ES\/wp-json\/wp\/v2\/pages\/363\/revisions"}],"predecessor-version":[{"id":1456,"href":"https:\/\/millerlatam.com\/ES\/wp-json\/wp\/v2\/pages\/363\/revisions\/1456"}],"up":[{"embeddable":true,"href":"https:\/\/millerlatam.com\/ES\/wp-json\/wp\/v2\/pages\/19"}],"wp:attachment":[{"href":"https:\/\/millerlatam.com\/ES\/wp-json\/wp\/v2\/media?parent=363"}],"curies":[{"name":"wp","href":"https:\/\/api.w.org\/{rel}","templated":true}]}}