{"id":348,"date":"2016-12-29T18:26:14","date_gmt":"2016-12-29T18:26:14","guid":{"rendered":"http:\/\/aladedragon.com\/proyectos\/miller\/ES\/?page_id=348"},"modified":"2018-02-16T16:58:05","modified_gmt":"2018-02-16T16:58:05","slug":"petroleo-y-gas","status":"publish","type":"page","link":"https:\/\/millerlatam.com\/ES\/servicios\/petroleo-y-gas\/","title":{"rendered":"Petr\u00f3leo y Gas"},"content":{"rendered":"<div id=\"pl-348\"  class=\"panel-layout\" ><div id=\"pg-348-0\"  class=\"panel-grid panel-no-style\" ><div id=\"pgc-348-0-0\"  class=\"panel-grid-cell\" ><div class=\"row-without-padding panel-cell-style panel-cell-style-for-348-0-0\" ><div id=\"panel-348-0-0-0\" class=\"so-panel widget widget_sow-editor panel-first-child panel-last-child\" data-index=\"0\" ><div\n\t\t\t\n\t\t\tclass=\"so-widget-sow-editor so-widget-sow-editor-base\"\n\t\t\t\n\t\t>\n<div class=\"siteorigin-widget-tinymce textwidget\">\n\t<h5>Da\u00f1os a C\u00e1mara de Reacci\u00f3n T\u00e9rmica<\/h5>\n<p>El accidente consisti\u00f3 en los da\u00f1os ocurridos en el revestimiento refractario interno de una C\u00e1mara de Reacci\u00f3n T\u00e9rmica; luego de finalizado el proceso de secado y posterior proceso de enfriamiento, que ocurri\u00f3 muy r\u00e1pido, se detect\u00f3 su desprendimiento y ca\u00edda.<\/p>\n<p>Esta C\u00e1mara opera dentro de la Unidad de Recuperaci\u00f3n de Sulfatos, la cual recibe los gases de refiner\u00eda, iniciando el proceso de recuperaci\u00f3n de sulfatos. Los gases contaminados son quemados parcialmente en la C\u00e1mara de Reacci\u00f3n T\u00e9rmica, alcanzando temperaturas del orden de los 1.250 \u00baC. Su correcto funcionamiento garantiza la eficiencia del proceso que se realiza, y evita paradas en los procesos de refinaci\u00f3n.<\/p>\n<p>La mencionada c\u00e1mara de reacci\u00f3n est\u00e1 construida en acero y se encuentra recubierta internamente con material refractario, por la alta temperatura requerida para la recuperaci\u00f3n de sulfatos. Adicionalmente, posee un \"anillo de fuego\", que permite restringir el flujo de gases de combusti\u00f3n y de esa manera se establece un diferencial de temperatura.<\/p>\n<p>\u00a0<\/p>\n<p><a href=\"https:\/\/millerlatam.com\/ES\/servicios\/\">Regresar a Servicios<\/a><\/p>\n<\/div>\n<\/div><\/div><\/div><\/div><div id=\"pgc-348-0-1\"  class=\"panel-grid-cell\" ><div class=\"row-without-padding panel-cell-style panel-cell-style-for-348-0-1\" ><div id=\"panel-348-0-1-0\" class=\"so-panel widget widget_sow-editor panel-first-child panel-last-child\" data-index=\"1\" ><div\n\t\t\t\n\t\t\tclass=\"so-widget-sow-editor so-widget-sow-editor-base\"\n\t\t\t\n\t\t>\n<div class=\"siteorigin-widget-tinymce textwidget\">\n\t<div id='gallery-1' class='gallery galleryid-348 gallery-columns-2 gallery-size-large'><figure class='gallery-item'>\n\t\t\t<div class='gallery-icon landscape'>\n\t\t\t\t<a href='https:\/\/millerlatam.com\/ES\/wp-content\/uploads\/2017\/12\/miller-petroleo-y-gas-1.jpg'><img loading=\"lazy\" decoding=\"async\" width=\"661\" height=\"488\" src=\"https:\/\/millerlatam.com\/ES\/wp-content\/uploads\/2017\/12\/miller-petroleo-y-gas-1.jpg\" class=\"attachment-large size-large\" alt=\"Servicios - Petr\u00f3leo y Gas\" srcset=\"https:\/\/millerlatam.com\/ES\/wp-content\/uploads\/2017\/12\/miller-petroleo-y-gas-1.jpg 661w, https:\/\/millerlatam.com\/ES\/wp-content\/uploads\/2017\/12\/miller-petroleo-y-gas-1-300x221.jpg 300w, https:\/\/millerlatam.com\/ES\/wp-content\/uploads\/2017\/12\/miller-petroleo-y-gas-1-400x295.jpg 400w, https:\/\/millerlatam.com\/ES\/wp-content\/uploads\/2017\/12\/miller-petroleo-y-gas-1-430x317.jpg 430w, https:\/\/millerlatam.com\/ES\/wp-content\/uploads\/2017\/12\/miller-petroleo-y-gas-1-150x111.jpg 150w, https:\/\/millerlatam.com\/ES\/wp-content\/uploads\/2017\/12\/miller-petroleo-y-gas-1-100x74.jpg 100w\" sizes=\"auto, (max-width: 661px) 100vw, 661px\" \/><\/a>\n\t\t\t<\/div><\/figure><figure class='gallery-item'>\n\t\t\t<div class='gallery-icon landscape'>\n\t\t\t\t<a href='https:\/\/millerlatam.com\/ES\/wp-content\/uploads\/2017\/12\/miller-petroleo-y-gas-2.jpg'><img loading=\"lazy\" decoding=\"async\" width=\"661\" height=\"488\" src=\"https:\/\/millerlatam.com\/ES\/wp-content\/uploads\/2017\/12\/miller-petroleo-y-gas-2.jpg\" class=\"attachment-large size-large\" alt=\"Servicios - Petr\u00f3leo y Gas\" srcset=\"https:\/\/millerlatam.com\/ES\/wp-content\/uploads\/2017\/12\/miller-petroleo-y-gas-2.jpg 661w, https:\/\/millerlatam.com\/ES\/wp-content\/uploads\/2017\/12\/miller-petroleo-y-gas-2-300x221.jpg 300w, https:\/\/millerlatam.com\/ES\/wp-content\/uploads\/2017\/12\/miller-petroleo-y-gas-2-400x295.jpg 400w, https:\/\/millerlatam.com\/ES\/wp-content\/uploads\/2017\/12\/miller-petroleo-y-gas-2-430x317.jpg 430w, https:\/\/millerlatam.com\/ES\/wp-content\/uploads\/2017\/12\/miller-petroleo-y-gas-2-150x111.jpg 150w, https:\/\/millerlatam.com\/ES\/wp-content\/uploads\/2017\/12\/miller-petroleo-y-gas-2-100x74.jpg 100w\" sizes=\"auto, (max-width: 661px) 100vw, 661px\" \/><\/a>\n\t\t\t<\/div><\/figure><figure class='gallery-item'>\n\t\t\t<div class='gallery-icon landscape'>\n\t\t\t\t<a href='https:\/\/millerlatam.com\/ES\/wp-content\/uploads\/2017\/12\/miller-petroleo-y-gas-3.jpg'><img loading=\"lazy\" decoding=\"async\" width=\"661\" height=\"488\" src=\"https:\/\/millerlatam.com\/ES\/wp-content\/uploads\/2017\/12\/miller-petroleo-y-gas-3.jpg\" class=\"attachment-large size-large\" alt=\"Servicios - Petr\u00f3leo y Gas\" srcset=\"https:\/\/millerlatam.com\/ES\/wp-content\/uploads\/2017\/12\/miller-petroleo-y-gas-3.jpg 661w, https:\/\/millerlatam.com\/ES\/wp-content\/uploads\/2017\/12\/miller-petroleo-y-gas-3-300x221.jpg 300w, https:\/\/millerlatam.com\/ES\/wp-content\/uploads\/2017\/12\/miller-petroleo-y-gas-3-400x295.jpg 400w, https:\/\/millerlatam.com\/ES\/wp-content\/uploads\/2017\/12\/miller-petroleo-y-gas-3-430x317.jpg 430w, https:\/\/millerlatam.com\/ES\/wp-content\/uploads\/2017\/12\/miller-petroleo-y-gas-3-150x111.jpg 150w, https:\/\/millerlatam.com\/ES\/wp-content\/uploads\/2017\/12\/miller-petroleo-y-gas-3-100x74.jpg 100w\" sizes=\"auto, (max-width: 661px) 100vw, 661px\" \/><\/a>\n\t\t\t<\/div><\/figure><figure class='gallery-item'>\n\t\t\t<div class='gallery-icon landscape'>\n\t\t\t\t<a href='https:\/\/millerlatam.com\/ES\/wp-content\/uploads\/2017\/12\/miller-petroleo-y-gas-4.jpg'><img loading=\"lazy\" decoding=\"async\" width=\"661\" height=\"488\" src=\"https:\/\/millerlatam.com\/ES\/wp-content\/uploads\/2017\/12\/miller-petroleo-y-gas-4.jpg\" class=\"attachment-large size-large\" alt=\"Servicios - Petr\u00f3leo y Gas\" srcset=\"https:\/\/millerlatam.com\/ES\/wp-content\/uploads\/2017\/12\/miller-petroleo-y-gas-4.jpg 661w, https:\/\/millerlatam.com\/ES\/wp-content\/uploads\/2017\/12\/miller-petroleo-y-gas-4-300x221.jpg 300w, https:\/\/millerlatam.com\/ES\/wp-content\/uploads\/2017\/12\/miller-petroleo-y-gas-4-400x295.jpg 400w, https:\/\/millerlatam.com\/ES\/wp-content\/uploads\/2017\/12\/miller-petroleo-y-gas-4-430x317.jpg 430w, https:\/\/millerlatam.com\/ES\/wp-content\/uploads\/2017\/12\/miller-petroleo-y-gas-4-150x111.jpg 150w, https:\/\/millerlatam.com\/ES\/wp-content\/uploads\/2017\/12\/miller-petroleo-y-gas-4-100x74.jpg 100w\" sizes=\"auto, (max-width: 661px) 100vw, 661px\" \/><\/a>\n\t\t\t<\/div><\/figure>\n\t\t<\/div>\n\n<\/div>\n<\/div><\/div><\/div><\/div><\/div><\/div>","protected":false},"excerpt":{"rendered":"<p>Da\u00f1os a C\u00e1mara de Reacci\u00f3n T\u00e9rmica El accidente consisti\u00f3 en los da\u00f1os ocurridos en el revestimiento refractario interno de una C\u00e1mara de Reacci\u00f3n T\u00e9rmica; luego de finalizado el proceso de [&hellip;]<\/p>\n","protected":false},"author":1,"featured_media":0,"parent":12,"menu_order":0,"comment_status":"closed","ping_status":"closed","template":"page_fullwidth.php","meta":{"footnotes":""},"class_list":["post-348","page","type-page","status-publish","hentry"],"_links":{"self":[{"href":"https:\/\/millerlatam.com\/ES\/wp-json\/wp\/v2\/pages\/348","targetHints":{"allow":["GET"]}}],"collection":[{"href":"https:\/\/millerlatam.com\/ES\/wp-json\/wp\/v2\/pages"}],"about":[{"href":"https:\/\/millerlatam.com\/ES\/wp-json\/wp\/v2\/types\/page"}],"author":[{"embeddable":true,"href":"https:\/\/millerlatam.com\/ES\/wp-json\/wp\/v2\/users\/1"}],"replies":[{"embeddable":true,"href":"https:\/\/millerlatam.com\/ES\/wp-json\/wp\/v2\/comments?post=348"}],"version-history":[{"count":11,"href":"https:\/\/millerlatam.com\/ES\/wp-json\/wp\/v2\/pages\/348\/revisions"}],"predecessor-version":[{"id":1105,"href":"https:\/\/millerlatam.com\/ES\/wp-json\/wp\/v2\/pages\/348\/revisions\/1105"}],"up":[{"embeddable":true,"href":"https:\/\/millerlatam.com\/ES\/wp-json\/wp\/v2\/pages\/12"}],"wp:attachment":[{"href":"https:\/\/millerlatam.com\/ES\/wp-json\/wp\/v2\/media?parent=348"}],"curies":[{"name":"wp","href":"https:\/\/api.w.org\/{rel}","templated":true}]}}