{"id":297,"date":"2016-12-29T18:19:10","date_gmt":"2016-12-29T18:19:10","guid":{"rendered":"http:\/\/aladedragon.com\/proyectos\/miller\/ES\/?page_id=297"},"modified":"2018-02-16T17:03:31","modified_gmt":"2018-02-16T17:03:31","slug":"tuneles-y-trenes","status":"publish","type":"page","link":"https:\/\/millerlatam.com\/ES\/servicios\/tuneles-y-trenes\/","title":{"rendered":"T\u00faneles y Trenes"},"content":{"rendered":"<div id=\"pl-297\"  class=\"panel-layout\" ><div id=\"pg-297-0\"  class=\"panel-grid panel-no-style\" ><div id=\"pgc-297-0-0\"  class=\"panel-grid-cell\" ><div class=\"row-without-padding panel-cell-style panel-cell-style-for-297-0-0\" ><div id=\"panel-297-0-0-0\" class=\"so-panel widget widget_sow-editor panel-first-child panel-last-child\" data-index=\"0\" ><div\n\t\t\t\n\t\t\tclass=\"so-widget-sow-editor so-widget-sow-editor-base\"\n\t\t\t\n\t\t>\n<div class=\"siteorigin-widget-tinymce textwidget\">\n\t<h5>Da\u00f1os a TBM<\/h5>\n<p>En el presente Siniestro trata de dos m\u00e1quinas perforadoras de t\u00faneles ferroviarios conocidas como EPB-TBM (Earth Pressure Balanced). Las m\u00e1quinas (topas), trabajan en sentido contrario.<\/p>\n<p><strong>T\u00fanel Sur - Frente 1:<\/strong> Se presentaron problemas de rendimiento durante la instalaci\u00f3n de los anillos de concreto para revestimiento del t\u00fanel, as\u00ed como hundimientos de la calzada sobre el trazado de perforaci\u00f3n en lugares y fechas diferentes. El primer hundimiento no fue significativo, el segundo fue peque\u00f1o, hasta llegar al lugar de los \u00faltimos tres, que fue de considerable dimensi\u00f3n. As\u00ed ocurri\u00f3 el bloqueo total del equipo, lo que oblig\u00f3 al Asegurado a realizar una revisi\u00f3n de los Cabezales con da\u00f1os tambi\u00e9n a los ejes rotativos, por lo que era necesaria su reparaci\u00f3n total.<\/p>\n<p><strong>L\u00ednea Norte - Frente 2:<\/strong> Esta m\u00e1quina comenz\u00f3 la perforaci\u00f3n despu\u00e9s iniciado los trabajos en el T\u00fanel Sur. Su dise\u00f1o fue mejorado a partir de la experiencia durante los trabajos en el Frente 1, incrementando la eficiencia en el manejo del material que se estaba perforando (canto rodado). Similar al equipo anterior, \u00e9ste se bloque\u00f3 antes de alcanzar el \u00e1rea de mantenimiento programado al escudo, con da\u00f1os similares.<\/p>\n<p>\u00a0<\/p>\n<p><a href=\"https:\/\/millerlatam.com\/ES\/servicios\/\">Regresar a Servicios<\/a><\/p>\n<\/div>\n<\/div><\/div><\/div><\/div><div id=\"pgc-297-0-1\"  class=\"panel-grid-cell\" ><div class=\"row-without-padding panel-cell-style panel-cell-style-for-297-0-1\" ><div id=\"panel-297-0-1-0\" class=\"so-panel widget widget_sow-editor panel-first-child panel-last-child\" data-index=\"1\" ><div\n\t\t\t\n\t\t\tclass=\"so-widget-sow-editor so-widget-sow-editor-base\"\n\t\t\t\n\t\t>\n<div class=\"siteorigin-widget-tinymce textwidget\">\n\t<div id='gallery-1' class='gallery galleryid-297 gallery-columns-2 gallery-size-large'><figure class='gallery-item'>\n\t\t\t<div class='gallery-icon landscape'>\n\t\t\t\t<a href='https:\/\/millerlatam.com\/ES\/wp-content\/uploads\/2017\/12\/miller-servicios-tuneles-y-trenes1.jpg'><img loading=\"lazy\" decoding=\"async\" width=\"661\" height=\"488\" src=\"https:\/\/millerlatam.com\/ES\/wp-content\/uploads\/2017\/12\/miller-servicios-tuneles-y-trenes1.jpg\" class=\"attachment-large size-large\" alt=\"Servicios - T\u00faneles y Trenes\" srcset=\"https:\/\/millerlatam.com\/ES\/wp-content\/uploads\/2017\/12\/miller-servicios-tuneles-y-trenes1.jpg 661w, https:\/\/millerlatam.com\/ES\/wp-content\/uploads\/2017\/12\/miller-servicios-tuneles-y-trenes1-300x221.jpg 300w, https:\/\/millerlatam.com\/ES\/wp-content\/uploads\/2017\/12\/miller-servicios-tuneles-y-trenes1-400x295.jpg 400w, https:\/\/millerlatam.com\/ES\/wp-content\/uploads\/2017\/12\/miller-servicios-tuneles-y-trenes1-430x317.jpg 430w, https:\/\/millerlatam.com\/ES\/wp-content\/uploads\/2017\/12\/miller-servicios-tuneles-y-trenes1-150x111.jpg 150w, https:\/\/millerlatam.com\/ES\/wp-content\/uploads\/2017\/12\/miller-servicios-tuneles-y-trenes1-100x74.jpg 100w\" sizes=\"auto, (max-width: 661px) 100vw, 661px\" \/><\/a>\n\t\t\t<\/div><\/figure><figure class='gallery-item'>\n\t\t\t<div class='gallery-icon landscape'>\n\t\t\t\t<a href='https:\/\/millerlatam.com\/ES\/wp-content\/uploads\/2017\/12\/miller-servicios-tuneles-y-trenes2.jpg'><img loading=\"lazy\" decoding=\"async\" width=\"661\" height=\"488\" src=\"https:\/\/millerlatam.com\/ES\/wp-content\/uploads\/2017\/12\/miller-servicios-tuneles-y-trenes2.jpg\" class=\"attachment-large size-large\" alt=\"Servicios - T\u00faneles y Trenes\" srcset=\"https:\/\/millerlatam.com\/ES\/wp-content\/uploads\/2017\/12\/miller-servicios-tuneles-y-trenes2.jpg 661w, https:\/\/millerlatam.com\/ES\/wp-content\/uploads\/2017\/12\/miller-servicios-tuneles-y-trenes2-300x221.jpg 300w, https:\/\/millerlatam.com\/ES\/wp-content\/uploads\/2017\/12\/miller-servicios-tuneles-y-trenes2-400x295.jpg 400w, https:\/\/millerlatam.com\/ES\/wp-content\/uploads\/2017\/12\/miller-servicios-tuneles-y-trenes2-430x317.jpg 430w, https:\/\/millerlatam.com\/ES\/wp-content\/uploads\/2017\/12\/miller-servicios-tuneles-y-trenes2-150x111.jpg 150w, https:\/\/millerlatam.com\/ES\/wp-content\/uploads\/2017\/12\/miller-servicios-tuneles-y-trenes2-100x74.jpg 100w\" sizes=\"auto, (max-width: 661px) 100vw, 661px\" \/><\/a>\n\t\t\t<\/div><\/figure><figure class='gallery-item'>\n\t\t\t<div class='gallery-icon landscape'>\n\t\t\t\t<a href='https:\/\/millerlatam.com\/ES\/wp-content\/uploads\/2017\/12\/miller-servicios-tuneles-y-trenes3.jpg'><img loading=\"lazy\" decoding=\"async\" width=\"661\" height=\"488\" src=\"https:\/\/millerlatam.com\/ES\/wp-content\/uploads\/2017\/12\/miller-servicios-tuneles-y-trenes3.jpg\" class=\"attachment-large size-large\" alt=\"Servicios - T\u00faneles y Trenes\" srcset=\"https:\/\/millerlatam.com\/ES\/wp-content\/uploads\/2017\/12\/miller-servicios-tuneles-y-trenes3.jpg 661w, https:\/\/millerlatam.com\/ES\/wp-content\/uploads\/2017\/12\/miller-servicios-tuneles-y-trenes3-300x221.jpg 300w, https:\/\/millerlatam.com\/ES\/wp-content\/uploads\/2017\/12\/miller-servicios-tuneles-y-trenes3-400x295.jpg 400w, https:\/\/millerlatam.com\/ES\/wp-content\/uploads\/2017\/12\/miller-servicios-tuneles-y-trenes3-430x317.jpg 430w, https:\/\/millerlatam.com\/ES\/wp-content\/uploads\/2017\/12\/miller-servicios-tuneles-y-trenes3-150x111.jpg 150w, https:\/\/millerlatam.com\/ES\/wp-content\/uploads\/2017\/12\/miller-servicios-tuneles-y-trenes3-100x74.jpg 100w\" sizes=\"auto, (max-width: 661px) 100vw, 661px\" \/><\/a>\n\t\t\t<\/div><\/figure><figure class='gallery-item'>\n\t\t\t<div class='gallery-icon landscape'>\n\t\t\t\t<a href='https:\/\/millerlatam.com\/ES\/wp-content\/uploads\/2017\/12\/miller-servicios-tuneles-y-trenes4.jpg'><img loading=\"lazy\" decoding=\"async\" width=\"661\" height=\"488\" src=\"https:\/\/millerlatam.com\/ES\/wp-content\/uploads\/2017\/12\/miller-servicios-tuneles-y-trenes4.jpg\" class=\"attachment-large size-large\" alt=\"Servicios - T\u00faneles y Trenes\" srcset=\"https:\/\/millerlatam.com\/ES\/wp-content\/uploads\/2017\/12\/miller-servicios-tuneles-y-trenes4.jpg 661w, https:\/\/millerlatam.com\/ES\/wp-content\/uploads\/2017\/12\/miller-servicios-tuneles-y-trenes4-300x221.jpg 300w, https:\/\/millerlatam.com\/ES\/wp-content\/uploads\/2017\/12\/miller-servicios-tuneles-y-trenes4-400x295.jpg 400w, https:\/\/millerlatam.com\/ES\/wp-content\/uploads\/2017\/12\/miller-servicios-tuneles-y-trenes4-430x317.jpg 430w, https:\/\/millerlatam.com\/ES\/wp-content\/uploads\/2017\/12\/miller-servicios-tuneles-y-trenes4-150x111.jpg 150w, https:\/\/millerlatam.com\/ES\/wp-content\/uploads\/2017\/12\/miller-servicios-tuneles-y-trenes4-100x74.jpg 100w\" sizes=\"auto, (max-width: 661px) 100vw, 661px\" \/><\/a>\n\t\t\t<\/div><\/figure><figure class='gallery-item'>\n\t\t\t<div class='gallery-icon landscape'>\n\t\t\t\t<a href='https:\/\/millerlatam.com\/ES\/wp-content\/uploads\/2017\/12\/miller-servicios-tuneles-y-trenes5.jpg'><img loading=\"lazy\" decoding=\"async\" width=\"661\" height=\"488\" src=\"https:\/\/millerlatam.com\/ES\/wp-content\/uploads\/2017\/12\/miller-servicios-tuneles-y-trenes5.jpg\" class=\"attachment-large size-large\" alt=\"Servicios - T\u00faneles y Trenes\" srcset=\"https:\/\/millerlatam.com\/ES\/wp-content\/uploads\/2017\/12\/miller-servicios-tuneles-y-trenes5.jpg 661w, https:\/\/millerlatam.com\/ES\/wp-content\/uploads\/2017\/12\/miller-servicios-tuneles-y-trenes5-300x221.jpg 300w, https:\/\/millerlatam.com\/ES\/wp-content\/uploads\/2017\/12\/miller-servicios-tuneles-y-trenes5-400x295.jpg 400w, https:\/\/millerlatam.com\/ES\/wp-content\/uploads\/2017\/12\/miller-servicios-tuneles-y-trenes5-430x317.jpg 430w, https:\/\/millerlatam.com\/ES\/wp-content\/uploads\/2017\/12\/miller-servicios-tuneles-y-trenes5-150x111.jpg 150w, https:\/\/millerlatam.com\/ES\/wp-content\/uploads\/2017\/12\/miller-servicios-tuneles-y-trenes5-100x74.jpg 100w\" sizes=\"auto, (max-width: 661px) 100vw, 661px\" \/><\/a>\n\t\t\t<\/div><\/figure>\n\t\t<\/div>\n\n<\/div>\n<\/div><\/div><\/div><\/div><\/div><\/div>","protected":false},"excerpt":{"rendered":"<p>Da\u00f1os a TBM En el presente Siniestro trata de dos m\u00e1quinas perforadoras de t\u00faneles ferroviarios conocidas como EPB-TBM (Earth Pressure Balanced). Las m\u00e1quinas (topas), trabajan en sentido contrario. T\u00fanel Sur [&hellip;]<\/p>\n","protected":false},"author":1,"featured_media":0,"parent":12,"menu_order":0,"comment_status":"closed","ping_status":"closed","template":"page_fullwidth.php","meta":{"footnotes":""},"class_list":["post-297","page","type-page","status-publish","hentry"],"_links":{"self":[{"href":"https:\/\/millerlatam.com\/ES\/wp-json\/wp\/v2\/pages\/297","targetHints":{"allow":["GET"]}}],"collection":[{"href":"https:\/\/millerlatam.com\/ES\/wp-json\/wp\/v2\/pages"}],"about":[{"href":"https:\/\/millerlatam.com\/ES\/wp-json\/wp\/v2\/types\/page"}],"author":[{"embeddable":true,"href":"https:\/\/millerlatam.com\/ES\/wp-json\/wp\/v2\/users\/1"}],"replies":[{"embeddable":true,"href":"https:\/\/millerlatam.com\/ES\/wp-json\/wp\/v2\/comments?post=297"}],"version-history":[{"count":10,"href":"https:\/\/millerlatam.com\/ES\/wp-json\/wp\/v2\/pages\/297\/revisions"}],"predecessor-version":[{"id":1113,"href":"https:\/\/millerlatam.com\/ES\/wp-json\/wp\/v2\/pages\/297\/revisions\/1113"}],"up":[{"embeddable":true,"href":"https:\/\/millerlatam.com\/ES\/wp-json\/wp\/v2\/pages\/12"}],"wp:attachment":[{"href":"https:\/\/millerlatam.com\/ES\/wp-json\/wp\/v2\/media?parent=297"}],"curies":[{"name":"wp","href":"https:\/\/api.w.org\/{rel}","templated":true}]}}