{"id":212,"date":"2016-12-29T18:01:25","date_gmt":"2016-12-29T18:01:25","guid":{"rendered":"http:\/\/aladedragon.com\/proyectos\/miller\/ES\/?page_id=212"},"modified":"2018-02-16T16:56:11","modified_gmt":"2018-02-16T16:56:11","slug":"incendio-en-general","status":"publish","type":"page","link":"https:\/\/millerlatam.com\/ES\/servicios\/incendio-en-general\/","title":{"rendered":"Incendio en General"},"content":{"rendered":"<div id=\"pl-212\"  class=\"panel-layout\" ><div id=\"pg-212-0\"  class=\"panel-grid panel-no-style\" ><div id=\"pgc-212-0-0\"  class=\"panel-grid-cell\" ><div class=\"row-without-padding panel-cell-style panel-cell-style-for-212-0-0\" ><div id=\"panel-212-0-0-0\" class=\"so-panel widget widget_sow-editor panel-first-child panel-last-child\" data-index=\"0\" ><div\n\t\t\t\n\t\t\tclass=\"so-widget-sow-editor so-widget-sow-editor-base\"\n\t\t\t\n\t\t>\n<div class=\"siteorigin-widget-tinymce textwidget\">\n\t<h5>Incendio en Cementera<\/h5>\n<p>El incendio ocurre en la secci\u00f3n de recuperaci\u00f3n de calor de los gases de escape de la planta de generaci\u00f3n el\u00e9ctrica, lo cual se logra mediante calentamiento de aceite t\u00e9rmico con estos gases.<\/p>\n<p>Debido a una falla de v\u00e1lvula controladora, se incendi\u00f3 el aceite; las llamas se propagaron en todo el s\u00f3tano de la secci\u00f3n t\u00e9rmica, afectando todo el sistema de distribuci\u00f3n de aceite t\u00e9rmico, incluyendo sistemas de bombeo de aceite, tanques de recuperaci\u00f3n y distribuidores de aceite fr\u00edo y caliente, y las instalaciones el\u00e9ctricas.<\/p>\n<p>El incendio afect\u00f3 la generaci\u00f3n el\u00e9ctrica de planta (autogeneraci\u00f3n) lo cual oblig\u00f3 al Asegurado a comprar energ\u00eda el\u00e9ctrica. Adicionalmente esta planta vende el excedente de la energ\u00eda el\u00e9ctrica producida, lo que afect\u00f3 sus ingresos. Las fotos muestran la humareda producto del incendio y los da\u00f1os ocasionados por las llamas.<\/p>\n<p>\u00a0<\/p>\n<p><a href=\"https:\/\/millerlatam.com\/ES\/servicios\/\">Regresar a Servicios<\/a><\/p>\n<\/div>\n<\/div><\/div><\/div><\/div><div id=\"pgc-212-0-1\"  class=\"panel-grid-cell\" ><div class=\"row-without-padding panel-cell-style panel-cell-style-for-212-0-1\" ><div id=\"panel-212-0-1-0\" class=\"so-panel widget widget_sow-editor panel-first-child panel-last-child\" data-index=\"1\" ><div\n\t\t\t\n\t\t\tclass=\"so-widget-sow-editor so-widget-sow-editor-base\"\n\t\t\t\n\t\t>\n<div class=\"siteorigin-widget-tinymce textwidget\">\n\t<div id='gallery-1' class='gallery galleryid-212 gallery-columns-2 gallery-size-large'><figure class='gallery-item'>\n\t\t\t<div class='gallery-icon landscape'>\n\t\t\t\t<a href='https:\/\/millerlatam.com\/ES\/wp-content\/uploads\/2016\/12\/detalle_incendio_cementera_g1.jpg'><img loading=\"lazy\" decoding=\"async\" width=\"662\" height=\"488\" src=\"https:\/\/millerlatam.com\/ES\/wp-content\/uploads\/2016\/12\/detalle_incendio_cementera_g1.jpg\" class=\"attachment-large size-large\" alt=\"Servicios -Incendio en General\" srcset=\"https:\/\/millerlatam.com\/ES\/wp-content\/uploads\/2016\/12\/detalle_incendio_cementera_g1.jpg 662w, https:\/\/millerlatam.com\/ES\/wp-content\/uploads\/2016\/12\/detalle_incendio_cementera_g1-300x221.jpg 300w, https:\/\/millerlatam.com\/ES\/wp-content\/uploads\/2016\/12\/detalle_incendio_cementera_g1-400x295.jpg 400w, https:\/\/millerlatam.com\/ES\/wp-content\/uploads\/2016\/12\/detalle_incendio_cementera_g1-430x317.jpg 430w, https:\/\/millerlatam.com\/ES\/wp-content\/uploads\/2016\/12\/detalle_incendio_cementera_g1-150x111.jpg 150w, https:\/\/millerlatam.com\/ES\/wp-content\/uploads\/2016\/12\/detalle_incendio_cementera_g1-100x74.jpg 100w\" sizes=\"auto, (max-width: 662px) 100vw, 662px\" \/><\/a>\n\t\t\t<\/div><\/figure><figure class='gallery-item'>\n\t\t\t<div class='gallery-icon landscape'>\n\t\t\t\t<a href='https:\/\/millerlatam.com\/ES\/wp-content\/uploads\/2016\/12\/detalle_incendio_cementera_g2.jpg'><img loading=\"lazy\" decoding=\"async\" width=\"662\" height=\"488\" src=\"https:\/\/millerlatam.com\/ES\/wp-content\/uploads\/2016\/12\/detalle_incendio_cementera_g2.jpg\" class=\"attachment-large size-large\" alt=\"Servicios -Incendio en General\" srcset=\"https:\/\/millerlatam.com\/ES\/wp-content\/uploads\/2016\/12\/detalle_incendio_cementera_g2.jpg 662w, https:\/\/millerlatam.com\/ES\/wp-content\/uploads\/2016\/12\/detalle_incendio_cementera_g2-300x221.jpg 300w, https:\/\/millerlatam.com\/ES\/wp-content\/uploads\/2016\/12\/detalle_incendio_cementera_g2-400x295.jpg 400w, https:\/\/millerlatam.com\/ES\/wp-content\/uploads\/2016\/12\/detalle_incendio_cementera_g2-430x317.jpg 430w, https:\/\/millerlatam.com\/ES\/wp-content\/uploads\/2016\/12\/detalle_incendio_cementera_g2-150x111.jpg 150w, https:\/\/millerlatam.com\/ES\/wp-content\/uploads\/2016\/12\/detalle_incendio_cementera_g2-100x74.jpg 100w\" sizes=\"auto, (max-width: 662px) 100vw, 662px\" \/><\/a>\n\t\t\t<\/div><\/figure><figure class='gallery-item'>\n\t\t\t<div class='gallery-icon landscape'>\n\t\t\t\t<a href='https:\/\/millerlatam.com\/ES\/wp-content\/uploads\/2016\/12\/detalle_incendio_cementera_g3.jpg'><img loading=\"lazy\" decoding=\"async\" width=\"662\" height=\"488\" src=\"https:\/\/millerlatam.com\/ES\/wp-content\/uploads\/2016\/12\/detalle_incendio_cementera_g3.jpg\" class=\"attachment-large size-large\" alt=\"Servicios -Incendio en General\" srcset=\"https:\/\/millerlatam.com\/ES\/wp-content\/uploads\/2016\/12\/detalle_incendio_cementera_g3.jpg 662w, https:\/\/millerlatam.com\/ES\/wp-content\/uploads\/2016\/12\/detalle_incendio_cementera_g3-300x221.jpg 300w, https:\/\/millerlatam.com\/ES\/wp-content\/uploads\/2016\/12\/detalle_incendio_cementera_g3-400x295.jpg 400w, https:\/\/millerlatam.com\/ES\/wp-content\/uploads\/2016\/12\/detalle_incendio_cementera_g3-430x317.jpg 430w, https:\/\/millerlatam.com\/ES\/wp-content\/uploads\/2016\/12\/detalle_incendio_cementera_g3-150x111.jpg 150w, https:\/\/millerlatam.com\/ES\/wp-content\/uploads\/2016\/12\/detalle_incendio_cementera_g3-100x74.jpg 100w\" sizes=\"auto, (max-width: 662px) 100vw, 662px\" \/><\/a>\n\t\t\t<\/div><\/figure><figure class='gallery-item'>\n\t\t\t<div class='gallery-icon landscape'>\n\t\t\t\t<a href='https:\/\/millerlatam.com\/ES\/wp-content\/uploads\/2016\/12\/detalle_incendio_cementera_g4.jpg'><img loading=\"lazy\" decoding=\"async\" width=\"662\" height=\"488\" src=\"https:\/\/millerlatam.com\/ES\/wp-content\/uploads\/2016\/12\/detalle_incendio_cementera_g4.jpg\" class=\"attachment-large size-large\" alt=\"Servicios -Incendio en General\" srcset=\"https:\/\/millerlatam.com\/ES\/wp-content\/uploads\/2016\/12\/detalle_incendio_cementera_g4.jpg 662w, https:\/\/millerlatam.com\/ES\/wp-content\/uploads\/2016\/12\/detalle_incendio_cementera_g4-300x221.jpg 300w, https:\/\/millerlatam.com\/ES\/wp-content\/uploads\/2016\/12\/detalle_incendio_cementera_g4-400x295.jpg 400w, https:\/\/millerlatam.com\/ES\/wp-content\/uploads\/2016\/12\/detalle_incendio_cementera_g4-430x317.jpg 430w, https:\/\/millerlatam.com\/ES\/wp-content\/uploads\/2016\/12\/detalle_incendio_cementera_g4-150x111.jpg 150w, https:\/\/millerlatam.com\/ES\/wp-content\/uploads\/2016\/12\/detalle_incendio_cementera_g4-100x74.jpg 100w\" sizes=\"auto, (max-width: 662px) 100vw, 662px\" \/><\/a>\n\t\t\t<\/div><\/figure><figure class='gallery-item'>\n\t\t\t<div class='gallery-icon landscape'>\n\t\t\t\t<a href='https:\/\/millerlatam.com\/ES\/wp-content\/uploads\/2016\/12\/detalle_incendio_cementera_g5.jpg'><img loading=\"lazy\" decoding=\"async\" width=\"662\" height=\"488\" src=\"https:\/\/millerlatam.com\/ES\/wp-content\/uploads\/2016\/12\/detalle_incendio_cementera_g5.jpg\" class=\"attachment-large size-large\" alt=\"Servicios -Incendio en General\" srcset=\"https:\/\/millerlatam.com\/ES\/wp-content\/uploads\/2016\/12\/detalle_incendio_cementera_g5.jpg 662w, https:\/\/millerlatam.com\/ES\/wp-content\/uploads\/2016\/12\/detalle_incendio_cementera_g5-300x221.jpg 300w, https:\/\/millerlatam.com\/ES\/wp-content\/uploads\/2016\/12\/detalle_incendio_cementera_g5-400x295.jpg 400w, https:\/\/millerlatam.com\/ES\/wp-content\/uploads\/2016\/12\/detalle_incendio_cementera_g5-430x317.jpg 430w, https:\/\/millerlatam.com\/ES\/wp-content\/uploads\/2016\/12\/detalle_incendio_cementera_g5-150x111.jpg 150w, https:\/\/millerlatam.com\/ES\/wp-content\/uploads\/2016\/12\/detalle_incendio_cementera_g5-100x74.jpg 100w\" sizes=\"auto, (max-width: 662px) 100vw, 662px\" \/><\/a>\n\t\t\t<\/div><\/figure><figure class='gallery-item'>\n\t\t\t<div class='gallery-icon landscape'>\n\t\t\t\t<a href='https:\/\/millerlatam.com\/ES\/wp-content\/uploads\/2016\/12\/detalle_incendio_cementera_g6.jpg'><img loading=\"lazy\" decoding=\"async\" width=\"662\" height=\"488\" src=\"https:\/\/millerlatam.com\/ES\/wp-content\/uploads\/2016\/12\/detalle_incendio_cementera_g6.jpg\" class=\"attachment-large size-large\" alt=\"Servicios -Incendio en General\" srcset=\"https:\/\/millerlatam.com\/ES\/wp-content\/uploads\/2016\/12\/detalle_incendio_cementera_g6.jpg 662w, https:\/\/millerlatam.com\/ES\/wp-content\/uploads\/2016\/12\/detalle_incendio_cementera_g6-300x221.jpg 300w, https:\/\/millerlatam.com\/ES\/wp-content\/uploads\/2016\/12\/detalle_incendio_cementera_g6-400x295.jpg 400w, https:\/\/millerlatam.com\/ES\/wp-content\/uploads\/2016\/12\/detalle_incendio_cementera_g6-430x317.jpg 430w, https:\/\/millerlatam.com\/ES\/wp-content\/uploads\/2016\/12\/detalle_incendio_cementera_g6-150x111.jpg 150w, https:\/\/millerlatam.com\/ES\/wp-content\/uploads\/2016\/12\/detalle_incendio_cementera_g6-100x74.jpg 100w\" sizes=\"auto, (max-width: 662px) 100vw, 662px\" \/><\/a>\n\t\t\t<\/div><\/figure>\n\t\t<\/div>\n\n<\/div>\n<\/div><\/div><\/div><\/div><\/div><\/div>","protected":false},"excerpt":{"rendered":"<p>Incendio en Cementera El incendio ocurre en la secci\u00f3n de recuperaci\u00f3n de calor de los gases de escape de la planta de generaci\u00f3n el\u00e9ctrica, lo cual se logra mediante calentamiento [&hellip;]<\/p>\n","protected":false},"author":1,"featured_media":0,"parent":12,"menu_order":0,"comment_status":"closed","ping_status":"closed","template":"page_fullwidth.php","meta":{"footnotes":""},"class_list":["post-212","page","type-page","status-publish","hentry"],"_links":{"self":[{"href":"https:\/\/millerlatam.com\/ES\/wp-json\/wp\/v2\/pages\/212","targetHints":{"allow":["GET"]}}],"collection":[{"href":"https:\/\/millerlatam.com\/ES\/wp-json\/wp\/v2\/pages"}],"about":[{"href":"https:\/\/millerlatam.com\/ES\/wp-json\/wp\/v2\/types\/page"}],"author":[{"embeddable":true,"href":"https:\/\/millerlatam.com\/ES\/wp-json\/wp\/v2\/users\/1"}],"replies":[{"embeddable":true,"href":"https:\/\/millerlatam.com\/ES\/wp-json\/wp\/v2\/comments?post=212"}],"version-history":[{"count":11,"href":"https:\/\/millerlatam.com\/ES\/wp-json\/wp\/v2\/pages\/212\/revisions"}],"predecessor-version":[{"id":1099,"href":"https:\/\/millerlatam.com\/ES\/wp-json\/wp\/v2\/pages\/212\/revisions\/1099"}],"up":[{"embeddable":true,"href":"https:\/\/millerlatam.com\/ES\/wp-json\/wp\/v2\/pages\/12"}],"wp:attachment":[{"href":"https:\/\/millerlatam.com\/ES\/wp-json\/wp\/v2\/media?parent=212"}],"curies":[{"name":"wp","href":"https:\/\/api.w.org\/{rel}","templated":true}]}}