{"id":1580,"date":"2024-05-01T17:12:18","date_gmt":"2024-05-01T17:12:18","guid":{"rendered":"https:\/\/millerlatam.com\/ES\/?page_id=1580"},"modified":"2024-05-01T17:21:06","modified_gmt":"2024-05-01T17:21:06","slug":"panama","status":"publish","type":"page","link":"https:\/\/millerlatam.com\/ES\/asociados\/panama\/","title":{"rendered":"Panam\u00e1"},"content":{"rendered":"\n<div class=\"wp-block-columns is-layout-flex wp-container-core-columns-is-layout-9d6595d7 wp-block-columns-is-layout-flex\">\n<div class=\"wp-block-column is-layout-flow wp-block-column-is-layout-flow\">\n<h2 class=\"wp-block-heading\">International Marine Experts (IME)<\/h2>\n\n\n\n<p><strong>Ing. Javier Bru<\/strong><br>Edif. No. 0750-D, Williamson Place,<br>Balboa, Ancon. <br>Panam\u00e1, Panam\u00e1.<\/p>\n\n\n\n<p class=\"textcontact\">TEL\u00c9FONO:<\/p>\n\n\n\n<p>+507 (324) 175652<\/p>\n\n\n\n<p class=\"textcontact\">FAX:<\/p>\n\n\n\n<p>+507 6780 5046<\/p>\n\n\n\n<p class=\"textcontact\">CELULAR:<\/p>\n\n\n\n<p>+507 6676 8505<\/p>\n\n\n\n<p class=\"textcontact\">EMAIL:<\/p>\n\n\n\n<p><a href=\"mailto:jbru@ime.com.pa\">jbru@ime.com.pa<\/a><\/p>\n\n\n\n<p><a href=\"mailto:ime@ime.com.pa\" target=\"_blank\" rel=\"noreferrer noopener\">ime@ime.com.pa<\/a><\/p>\n<\/div>\n\n\n\n<div class=\"wp-block-column is-layout-flow wp-block-column-is-layout-flow\">\n<figure class=\"wp-block-image size-full\"><img loading=\"lazy\" decoding=\"async\" width=\"226\" height=\"339\" src=\"https:\/\/millerlatam.com\/ES\/wp-content\/uploads\/2024\/05\/miller-sociados-panama.jpg\" alt=\"\" class=\"wp-image-1583\" srcset=\"https:\/\/millerlatam.com\/ES\/wp-content\/uploads\/2024\/05\/miller-sociados-panama.jpg 226w, https:\/\/millerlatam.com\/ES\/wp-content\/uploads\/2024\/05\/miller-sociados-panama-200x300.jpg 200w, https:\/\/millerlatam.com\/ES\/wp-content\/uploads\/2024\/05\/miller-sociados-panama-150x225.jpg 150w, https:\/\/millerlatam.com\/ES\/wp-content\/uploads\/2024\/05\/miller-sociados-panama-100x150.jpg 100w\" sizes=\"auto, (max-width: 226px) 100vw, 226px\" \/><\/figure>\n<\/div>\n<\/div>\n\n\n\n<p><\/p>\n","protected":false},"excerpt":{"rendered":"<p>International Marine Experts (IME) Ing. Javier BruEdif. No. 0750-D, Williamson Place,Balboa, Ancon. Panam\u00e1, Panam\u00e1. TEL\u00c9FONO: +507 (324) 175652 FAX: +507 6780 5046 CELULAR: +507 6676 8505 EMAIL: jbru@ime.com.pa ime@ime.com.pa<\/p>\n","protected":false},"author":1,"featured_media":0,"parent":1504,"menu_order":0,"comment_status":"closed","ping_status":"closed","template":"page_fullwidth.php","meta":{"footnotes":""},"class_list":["post-1580","page","type-page","status-publish","hentry"],"_links":{"self":[{"href":"https:\/\/millerlatam.com\/ES\/wp-json\/wp\/v2\/pages\/1580","targetHints":{"allow":["GET"]}}],"collection":[{"href":"https:\/\/millerlatam.com\/ES\/wp-json\/wp\/v2\/pages"}],"about":[{"href":"https:\/\/millerlatam.com\/ES\/wp-json\/wp\/v2\/types\/page"}],"author":[{"embeddable":true,"href":"https:\/\/millerlatam.com\/ES\/wp-json\/wp\/v2\/users\/1"}],"replies":[{"embeddable":true,"href":"https:\/\/millerlatam.com\/ES\/wp-json\/wp\/v2\/comments?post=1580"}],"version-history":[{"count":3,"href":"https:\/\/millerlatam.com\/ES\/wp-json\/wp\/v2\/pages\/1580\/revisions"}],"predecessor-version":[{"id":1599,"href":"https:\/\/millerlatam.com\/ES\/wp-json\/wp\/v2\/pages\/1580\/revisions\/1599"}],"up":[{"embeddable":true,"href":"https:\/\/millerlatam.com\/ES\/wp-json\/wp\/v2\/pages\/1504"}],"wp:attachment":[{"href":"https:\/\/millerlatam.com\/ES\/wp-json\/wp\/v2\/media?parent=1580"}],"curies":[{"name":"wp","href":"https:\/\/api.w.org\/{rel}","templated":true}]}}