{"id":1538,"date":"2024-05-01T16:13:51","date_gmt":"2024-05-01T16:13:51","guid":{"rendered":"https:\/\/millerlatam.com\/ES\/?page_id=1538"},"modified":"2024-05-01T16:32:59","modified_gmt":"2024-05-01T16:32:59","slug":"argentina","status":"publish","type":"page","link":"https:\/\/millerlatam.com\/ES\/asociados\/argentina\/","title":{"rendered":"Argentina"},"content":{"rendered":"\n<div class=\"wp-block-columns is-layout-flex wp-container-core-columns-is-layout-9d6595d7 wp-block-columns-is-layout-flex\">\n<div class=\"wp-block-column is-layout-flow wp-block-column-is-layout-flow\">\n<h2 class=\"wp-block-heading\">Estudio Santamarina Peritajes y Liquidaciones de Seguros, Tasaciones &#8211; Los Adjusters<\/h2>\n\n\n\n<p><strong>Ing. Juli\u00e1n Santamarina<\/strong><br>Av. C\u00f3rdoba 1351 7mo piso.<br>Buenos Aires. Argentina. <\/p>\n\n\n\n<p class=\"textcontact\">TEL\u00c9FONO:<\/p>\n\n\n\n<p>+54 (11) 4813 3430<\/p>\n\n\n\n<p class=\"textcontact\">EMAIL:<\/p>\n\n\n\n<p><a href=\"mailto:jusanta@estudiosantamarina.com\">jusanta@estudiosantamarina.com<\/a><\/p>\n<\/div>\n\n\n\n<div class=\"wp-block-column is-layout-flow wp-block-column-is-layout-flow\">\n<figure class=\"wp-block-image size-full\"><img loading=\"lazy\" decoding=\"async\" width=\"226\" height=\"339\" src=\"https:\/\/millerlatam.com\/ES\/wp-content\/uploads\/2024\/05\/miller-sociados-argentina.jpg\" alt=\"\" class=\"wp-image-1540\" srcset=\"https:\/\/millerlatam.com\/ES\/wp-content\/uploads\/2024\/05\/miller-sociados-argentina.jpg 226w, https:\/\/millerlatam.com\/ES\/wp-content\/uploads\/2024\/05\/miller-sociados-argentina-200x300.jpg 200w, https:\/\/millerlatam.com\/ES\/wp-content\/uploads\/2024\/05\/miller-sociados-argentina-150x225.jpg 150w, https:\/\/millerlatam.com\/ES\/wp-content\/uploads\/2024\/05\/miller-sociados-argentina-100x150.jpg 100w\" sizes=\"auto, (max-width: 226px) 100vw, 226px\" \/><\/figure>\n<\/div>\n<\/div>\n\n\n\n<p><\/p>\n","protected":false},"excerpt":{"rendered":"<p>Estudio Santamarina Peritajes y Liquidaciones de Seguros, Tasaciones &#8211; Los Adjusters Ing. Juli\u00e1n SantamarinaAv. C\u00f3rdoba 1351 7mo piso.Buenos Aires. Argentina. TEL\u00c9FONO: +54 (11) 4813 3430 EMAIL: jusanta@estudiosantamarina.com<\/p>\n","protected":false},"author":1,"featured_media":0,"parent":1504,"menu_order":0,"comment_status":"closed","ping_status":"closed","template":"page_fullwidth.php","meta":{"footnotes":""},"class_list":["post-1538","page","type-page","status-publish","hentry"],"_links":{"self":[{"href":"https:\/\/millerlatam.com\/ES\/wp-json\/wp\/v2\/pages\/1538","targetHints":{"allow":["GET"]}}],"collection":[{"href":"https:\/\/millerlatam.com\/ES\/wp-json\/wp\/v2\/pages"}],"about":[{"href":"https:\/\/millerlatam.com\/ES\/wp-json\/wp\/v2\/types\/page"}],"author":[{"embeddable":true,"href":"https:\/\/millerlatam.com\/ES\/wp-json\/wp\/v2\/users\/1"}],"replies":[{"embeddable":true,"href":"https:\/\/millerlatam.com\/ES\/wp-json\/wp\/v2\/comments?post=1538"}],"version-history":[{"count":8,"href":"https:\/\/millerlatam.com\/ES\/wp-json\/wp\/v2\/pages\/1538\/revisions"}],"predecessor-version":[{"id":1559,"href":"https:\/\/millerlatam.com\/ES\/wp-json\/wp\/v2\/pages\/1538\/revisions\/1559"}],"up":[{"embeddable":true,"href":"https:\/\/millerlatam.com\/ES\/wp-json\/wp\/v2\/pages\/1504"}],"wp:attachment":[{"href":"https:\/\/millerlatam.com\/ES\/wp-json\/wp\/v2\/media?parent=1538"}],"curies":[{"name":"wp","href":"https:\/\/api.w.org\/{rel}","templated":true}]}}