{"id":12,"date":"2016-09-21T21:30:22","date_gmt":"2016-09-21T21:30:22","guid":{"rendered":"http:\/\/aladedragon.com\/proyectos\/miller\/ES\/?page_id=12"},"modified":"2018-02-16T17:55:41","modified_gmt":"2018-02-16T17:55:41","slug":"servicios","status":"publish","type":"page","link":"https:\/\/millerlatam.com\/ES\/servicios\/","title":{"rendered":"Servicios"},"content":{"rendered":"<div id=\"pl-12\"  class=\"panel-layout\" ><div id=\"pg-12-0\"  class=\"panel-grid panel-no-style\" ><div id=\"pgc-12-0-0\"  class=\"panel-grid-cell\" ><div class=\"row-without-padding panel-cell-style panel-cell-style-for-12-0-0\" ><div id=\"panel-12-0-0-0\" class=\"so-panel widget widget_sow-editor panel-first-child panel-last-child\" data-index=\"0\" ><div\n\t\t\t\n\t\t\tclass=\"so-widget-sow-editor so-widget-sow-editor-base\"\n\t\t\t\n\t\t>\n<div class=\"siteorigin-widget-tinymce textwidget\">\n\t<p><img loading=\"lazy\" decoding=\"async\" class=\"alignnone wp-image-556 size-full\" src=\"https:\/\/millerlatam.com\/ES\/wp-content\/uploads\/2017\/10\/pic-ppal-servicios.jpg\" alt=\"\" width=\"1138\" height=\"155\" srcset=\"https:\/\/millerlatam.com\/ES\/wp-content\/uploads\/2017\/10\/pic-ppal-servicios.jpg 1138w, https:\/\/millerlatam.com\/ES\/wp-content\/uploads\/2017\/10\/pic-ppal-servicios-300x41.jpg 300w, https:\/\/millerlatam.com\/ES\/wp-content\/uploads\/2017\/10\/pic-ppal-servicios-768x105.jpg 768w, https:\/\/millerlatam.com\/ES\/wp-content\/uploads\/2017\/10\/pic-ppal-servicios-1024x139.jpg 1024w, https:\/\/millerlatam.com\/ES\/wp-content\/uploads\/2017\/10\/pic-ppal-servicios-750x102.jpg 750w, https:\/\/millerlatam.com\/ES\/wp-content\/uploads\/2017\/10\/pic-ppal-servicios-400x54.jpg 400w, https:\/\/millerlatam.com\/ES\/wp-content\/uploads\/2017\/10\/pic-ppal-servicios-430x59.jpg 430w, https:\/\/millerlatam.com\/ES\/wp-content\/uploads\/2017\/10\/pic-ppal-servicios-150x20.jpg 150w, https:\/\/millerlatam.com\/ES\/wp-content\/uploads\/2017\/10\/pic-ppal-servicios-100x14.jpg 100w\" sizes=\"auto, (max-width: 1138px) 100vw, 1138px\" \/><\/p>\n<p>Brindamos servicios t\u00e9cnicos especializados al mercado asegurador internacional, con soluciones de calidad para el ajuste de p\u00e9rdidas y la administraci\u00f3n de riesgos, en las siguientes \u00e1reas:<\/p>\n<\/div>\n<\/div><\/div><\/div><\/div><\/div><div id=\"pg-12-1\"  class=\"panel-grid panel-no-style\" ><div id=\"pgc-12-1-0\"  class=\"panel-grid-cell\" ><div id=\"panel-12-1-0-0\" class=\"so-panel widget widget_sow-editor panel-first-child panel-last-child\" data-index=\"1\" ><div\n\t\t\t\n\t\t\tclass=\"so-widget-sow-editor so-widget-sow-editor-base\"\n\t\t\t\n\t\t>\n<div class=\"siteorigin-widget-tinymce textwidget\">\n\t<div class=\"Services-Icon\"><i class=\"fa fa-calculator\" aria-hidden=\"true\"><\/i> <a href=\"https:\/\/millerlatam.com\/ES\/servicios\/lucro-cesante\/\">Lucro Cesante<\/a><\/div>\n<div class=\"Services-Icon\"><i class=\"fa fa-clipboard\" aria-hidden=\"true\"><\/i> <a href=\"https:\/\/millerlatam.com\/ES\/servicios\/perdida-de-beneficios-anticipados\/\">P\u00e9rdida de Beneficios Anticipados<\/a><\/div>\n<div class=\"Services-Icon\"><i class=\"fa fa-exclamation-triangle\" aria-hidden=\"true\"><\/i> <a href=\"https:\/\/millerlatam.com\/ES\/servicios\/programa-de-evaluacion-de-riesgos\/\">Programa de evaluaci\u00f3n de riesgos<\/a><\/div>\n<div class=\"Services-Icon\"><i class=\"fa fa-bar-chart\" aria-hidden=\"true\"><\/i> <a href=\"https:\/\/millerlatam.com\/ES\/servicios\/analisis-estadisticos-de-siniestros\/\">An\u00e1lisis Estad\u00edstico de Siniestros<\/a><\/div>\n<div class=\"Services-Icon\"><i class=\"fa fa-search\" aria-hidden=\"true\"><\/i> <a href=\"https:\/\/millerlatam.com\/ES\/servicios\/inspeccion-de-riesgos\/\">Inspecci\u00f3n de Riesgos<\/a><\/div>\n<div class=\"Services-Icon\"><i class=\"fa fa-diamond\" aria-hidden=\"true\"><\/i> <a href=\"https:\/\/millerlatam.com\/ES\/servicios\/mineria\/\">Miner\u00eda<\/a><\/div>\n<\/div>\n<\/div><\/div><\/div><div id=\"pgc-12-1-1\"  class=\"panel-grid-cell\" ><div id=\"panel-12-1-1-0\" class=\"so-panel widget widget_sow-editor panel-first-child panel-last-child\" data-index=\"2\" ><div\n\t\t\t\n\t\t\tclass=\"so-widget-sow-editor so-widget-sow-editor-base\"\n\t\t\t\n\t\t>\n<div class=\"siteorigin-widget-tinymce textwidget\">\n\t<div class=\"Services-Icon\"><i class=\"fa fa-university\" aria-hidden=\"true\"><\/i> <a href=\"https:\/\/millerlatam.com\/ES\/servicios\/construccion-montaje\/\">Construcci\u00f3n \/ Montaje<\/a><\/div>\n<div class=\"Services-Icon\"><i class=\"fa fa-tint\" aria-hidden=\"true\"><\/i> <a href=\"https:\/\/millerlatam.com\/ES\/servicios\/petroleo-y-gas\/\">Petr\u00f3leo y Gas<\/a><\/div>\n<div class=\"Services-Icon\"><i class=\"fa fa-gavel\" aria-hidden=\"true\"><\/i> <a href=\"https:\/\/millerlatam.com\/ES\/servicios\/responsabilidad-civil\/\">Responsabilidad Civil<\/a><\/div>\n<div class=\"Services-Icon\"><i class=\"fa fa-cogs\" aria-hidden=\"true\"><\/i> <a href=\"https:\/\/millerlatam.com\/ES\/servicios\/rotura-de-maquinaria\/\">Rotura de maquinaria<\/a><\/div>\n<div class=\"Services-Icon\"><i class=\"fa fa-database\" aria-hidden=\"true\"><\/i> <a href=\"https:\/\/millerlatam.com\/ES\/servicios\/industria-metalurgica\/\">Industria Metal\u00fargica<\/a><\/div>\n<div class=\"Services-Icon\"><i class=\"fa fa-building\" aria-hidden=\"true\"><\/i> <a href=\"https:\/\/millerlatam.com\/ES\/servicios\/propiedad\/\">Propiedad<\/a><\/div>\n<\/div>\n<\/div><\/div><\/div><div id=\"pgc-12-1-2\"  class=\"panel-grid-cell\" ><div id=\"panel-12-1-2-0\" class=\"so-panel widget widget_sow-editor panel-first-child panel-last-child\" data-index=\"3\" ><div\n\t\t\t\n\t\t\tclass=\"so-widget-sow-editor so-widget-sow-editor-base\"\n\t\t\t\n\t\t>\n<div class=\"siteorigin-widget-tinymce textwidget\">\n\t<div class=\"Services-Icon\"><i class=\"fa fa-bolt\" aria-hidden=\"true\"><\/i> <a href=\"https:\/\/millerlatam.com\/ES\/servicios\/energia\/\">Energ\u00eda<\/a><\/div>\n<div class=\"Services-Icon\"><i class=\"fa fa-fire\" aria-hidden=\"true\"><\/i> <a href=\"https:\/\/millerlatam.com\/ES\/servicios\/incendio-en-general\/\">Incendio en General<\/a><\/div>\n<div class=\"Services-Icon\"><i class=\"fa fa-plus\" aria-hidden=\"true\"><\/i> <a href=\"https:\/\/millerlatam.com\/ES\/servicios\/programa-de-prevencion-de-accidentes\/\">Programa de prevenci\u00f3n de accidentes<\/a><\/div>\n<div class=\"Services-Icon\"><i class=\"fa fa-truck\" aria-hidden=\"true\"><\/i> <a href=\"https:\/\/millerlatam.com\/ES\/servicios\/transporte\/\">Transporte<\/a><\/div>\n<div class=\"Services-Icon\"><i class=\"fa fa-ship\" aria-hidden=\"true\"><\/i> <a href=\"https:\/\/millerlatam.com\/ES\/servicios\/casco-y-maquinaria-maritima\/\">Casco y Maquinaria Mar\u00edtima<\/a><\/div>\n<div class=\"Services-Icon\"><i class=\"fa fa-train\" aria-hidden=\"true\"><\/i> <a href=\"https:\/\/millerlatam.com\/ES\/servicios\/tuneles-y-trenes\/\">T\u00faneles y Trenes<\/a><\/div>\n<\/div>\n<\/div><\/div><\/div><\/div><\/div>","protected":false},"excerpt":{"rendered":"<p>Brindamos servicios t\u00e9cnicos especializados al mercado asegurador internacional, con soluciones de calidad para el ajuste de p\u00e9rdidas y la administraci\u00f3n de riesgos, en las siguientes \u00e1reas: Lucro Cesante P\u00e9rdida de [&hellip;]<\/p>\n","protected":false},"author":1,"featured_media":0,"parent":0,"menu_order":0,"comment_status":"closed","ping_status":"closed","template":"page_fullwidth.php","meta":{"footnotes":""},"class_list":["post-12","page","type-page","status-publish","hentry"],"_links":{"self":[{"href":"https:\/\/millerlatam.com\/ES\/wp-json\/wp\/v2\/pages\/12","targetHints":{"allow":["GET"]}}],"collection":[{"href":"https:\/\/millerlatam.com\/ES\/wp-json\/wp\/v2\/pages"}],"about":[{"href":"https:\/\/millerlatam.com\/ES\/wp-json\/wp\/v2\/types\/page"}],"author":[{"embeddable":true,"href":"https:\/\/millerlatam.com\/ES\/wp-json\/wp\/v2\/users\/1"}],"replies":[{"embeddable":true,"href":"https:\/\/millerlatam.com\/ES\/wp-json\/wp\/v2\/comments?post=12"}],"version-history":[{"count":32,"href":"https:\/\/millerlatam.com\/ES\/wp-json\/wp\/v2\/pages\/12\/revisions"}],"predecessor-version":[{"id":1147,"href":"https:\/\/millerlatam.com\/ES\/wp-json\/wp\/v2\/pages\/12\/revisions\/1147"}],"wp:attachment":[{"href":"https:\/\/millerlatam.com\/ES\/wp-json\/wp\/v2\/media?parent=12"}],"curies":[{"name":"wp","href":"https:\/\/api.w.org\/{rel}","templated":true}]}}